{"id":84,"date":"2020-04-07T21:10:21","date_gmt":"2020-04-07T21:10:21","guid":{"rendered":"http:\/\/rgzv-goettingen.de\/?page_id=84"},"modified":"2020-04-07T21:17:16","modified_gmt":"2020-04-07T21:17:16","slug":"videos","status":"publish","type":"page","link":"https:\/\/rgzv-goettingen.de\/?page_id=84","title":{"rendered":"Videos"},"content":{"rendered":"\n<p><strong>Auch dieser Bereich befindet sich noch im Aufbau<\/strong>&#8230;Doch schon jetzt m\u00f6chten wir auf den Kanal von DINOSAUER verweisen:<\/p>\n\n\n\n<p><a href=\"https:\/\/www.youtube.com\/channel\/UCRzplLuRRcjznYWFeuADO9w\">DINOSAUER<\/a><\/p>\n\n\n\n<p>(Der Link f\u00fchrt euch auf den Youtube-Kanal mit allen Videos)<\/p>\n\n\n\n<p>Hier findet ihr bereits jetzt viele interessante und n\u00fctzliche Videos!<\/p>\n","protected":false},"excerpt":{"rendered":"<p>Auch dieser Bereich befindet sich noch im Aufbau&#8230;Doch schon jetzt m\u00f6chten wir auf den Kanal von DINOSAUER verweisen: DINOSAUER (Der Link f\u00fchrt euch auf den Youtube-Kanal mit allen Videos) Hier findet ihr bereits jetzt viele interessante und n\u00fctzliche Videos!<\/p>\n","protected":false},"author":1,"featured_media":0,"parent":0,"menu_order":0,"comment_status":"closed","ping_status":"closed","template":"","meta":{"footnotes":""},"class_list":["post-84","page","type-page","status-publish","hentry"],"_links":{"self":[{"href":"https:\/\/rgzv-goettingen.de\/index.php?rest_route=\/wp\/v2\/pages\/84","targetHints":{"allow":["GET"]}}],"collection":[{"href":"https:\/\/rgzv-goettingen.de\/index.php?rest_route=\/wp\/v2\/pages"}],"about":[{"href":"https:\/\/rgzv-goettingen.de\/index.php?rest_route=\/wp\/v2\/types\/page"}],"author":[{"embeddable":true,"href":"https:\/\/rgzv-goettingen.de\/index.php?rest_route=\/wp\/v2\/users\/1"}],"replies":[{"embeddable":true,"href":"https:\/\/rgzv-goettingen.de\/index.php?rest_route=%2Fwp%2Fv2%2Fcomments&post=84"}],"version-history":[{"count":3,"href":"https:\/\/rgzv-goettingen.de\/index.php?rest_route=\/wp\/v2\/pages\/84\/revisions"}],"predecessor-version":[{"id":197,"href":"https:\/\/rgzv-goettingen.de\/index.php?rest_route=\/wp\/v2\/pages\/84\/revisions\/197"}],"wp:attachment":[{"href":"https:\/\/rgzv-goettingen.de\/index.php?rest_route=%2Fwp%2Fv2%2Fmedia&parent=84"}],"curies":[{"name":"wp","href":"https:\/\/api.w.org\/{rel}","templated":true}]}}