{"id":79,"date":"2020-04-07T21:10:20","date_gmt":"2020-04-07T21:10:20","guid":{"rendered":"http:\/\/rgzv-goettingen.de\/?page_id=79"},"modified":"2020-04-09T21:01:23","modified_gmt":"2020-04-09T21:01:23","slug":"kegelturnier","status":"publish","type":"page","link":"https:\/\/rgzv-goettingen.de\/?page_id=79","title":{"rendered":"Kegelturnier"},"content":{"rendered":"\n<p>Kegelturnier der Jugendgruppen am 15.06.14 in Gladebeck<\/p>\n\n\n\n<p>Gern&nbsp;folgte&nbsp;unserer&nbsp;Gruppe&nbsp;der&nbsp;Einladung&nbsp;von&nbsp;Torsten&nbsp;Bertram&nbsp;(KV&nbsp;Jugendleiter&nbsp;des&nbsp;KV&nbsp;der Kaninchenz\u00fcchter) und nahm mit einer kleinen Gruppe unserer Jungz\u00fcchter teil. Leider konnte aus terminlichen Gr\u00fcnden nur ein kleiner Teil von uns&nbsp;dabei sein.<\/p>\n\n\n\n<p>Torben Beetz (11 Jahre),&nbsp;Jan Kl\u00f6ppner (7 Jahre), Mattes (7 Jahre) und Emil Rode (4 Jahre),&nbsp;lie\u00dfen es sich jedoch nicht nehmen unsere Jugendgruppe sehr stark zu vertreten&nbsp;auch wenn wir vom Alter her die j\u00fcngste Gruppe waren.&nbsp;Wir gaben nicht nur beim Kegeln ganzen Einsatz sondern auch am Wurfstand und an der Schie\u00dfscheibe konnte die Gruppe&nbsp;ordentlich punkten. So konnten wir&nbsp;den 6. Platz erringen.<\/p>\n\n\n\n<p>Zwischendurch&nbsp;st\u00e4rkten&nbsp;&nbsp; wir uns&nbsp;mit&nbsp;Nudeln&nbsp;und&nbsp;k\u00fchlen&nbsp;Getr\u00e4nken und holten vor der T\u00fcr, in der doch immer recht langen Wartezeit,&nbsp;viel frische Luft.<\/p>\n\n\n\n<figure class=\"wp-block-gallery columns-2 is-cropped wp-block-gallery-1 is-layout-flex wp-block-gallery-is-layout-flex\"><ul class=\"blocks-gallery-grid\"><li class=\"blocks-gallery-item\"><figure><img loading=\"lazy\" decoding=\"async\" width=\"600\" height=\"450\" src=\"https:\/\/rgzv-goettingen.de\/wp-content\/uploads\/2020\/04\/Kegeln1.jpg\" alt=\"\" data-id=\"313\" data-full-url=\"https:\/\/rgzv-goettingen.de\/wp-content\/uploads\/2020\/04\/Kegeln1.jpg\" data-link=\"https:\/\/rgzv-goettingen.de\/?attachment_id=313\" class=\"wp-image-313\" srcset=\"https:\/\/rgzv-goettingen.de\/wp-content\/uploads\/2020\/04\/Kegeln1.jpg 600w, https:\/\/rgzv-goettingen.de\/wp-content\/uploads\/2020\/04\/Kegeln1-300x225.jpg 300w\" sizes=\"auto, (max-width: 600px) 100vw, 600px\" \/><\/figure><\/li><li class=\"blocks-gallery-item\"><figure><img loading=\"lazy\" decoding=\"async\" width=\"337\" height=\"450\" src=\"https:\/\/rgzv-goettingen.de\/wp-content\/uploads\/2020\/04\/Kegeln3.jpg\" alt=\"\" data-id=\"315\" data-full-url=\"https:\/\/rgzv-goettingen.de\/wp-content\/uploads\/2020\/04\/Kegeln3.jpg\" data-link=\"https:\/\/rgzv-goettingen.de\/?attachment_id=315\" class=\"wp-image-315\" srcset=\"https:\/\/rgzv-goettingen.de\/wp-content\/uploads\/2020\/04\/Kegeln3.jpg 337w, https:\/\/rgzv-goettingen.de\/wp-content\/uploads\/2020\/04\/Kegeln3-225x300.jpg 225w\" sizes=\"auto, (max-width: 337px) 100vw, 337px\" \/><\/figure><\/li><li class=\"blocks-gallery-item\"><figure><img loading=\"lazy\" decoding=\"async\" width=\"600\" height=\"450\" src=\"https:\/\/rgzv-goettingen.de\/wp-content\/uploads\/2020\/04\/Kegeln2.jpg\" alt=\"\" data-id=\"314\" data-full-url=\"https:\/\/rgzv-goettingen.de\/wp-content\/uploads\/2020\/04\/Kegeln2.jpg\" data-link=\"https:\/\/rgzv-goettingen.de\/?attachment_id=314\" class=\"wp-image-314\" srcset=\"https:\/\/rgzv-goettingen.de\/wp-content\/uploads\/2020\/04\/Kegeln2.jpg 600w, https:\/\/rgzv-goettingen.de\/wp-content\/uploads\/2020\/04\/Kegeln2-300x225.jpg 300w\" sizes=\"auto, (max-width: 600px) 100vw, 600px\" \/><\/figure><\/li><li class=\"blocks-gallery-item\"><figure><img loading=\"lazy\" decoding=\"async\" width=\"337\" height=\"450\" src=\"https:\/\/rgzv-goettingen.de\/wp-content\/uploads\/2020\/04\/Kegeln5.jpg\" alt=\"\" data-id=\"317\" data-full-url=\"https:\/\/rgzv-goettingen.de\/wp-content\/uploads\/2020\/04\/Kegeln5.jpg\" data-link=\"https:\/\/rgzv-goettingen.de\/?attachment_id=317\" class=\"wp-image-317\" srcset=\"https:\/\/rgzv-goettingen.de\/wp-content\/uploads\/2020\/04\/Kegeln5.jpg 337w, https:\/\/rgzv-goettingen.de\/wp-content\/uploads\/2020\/04\/Kegeln5-225x300.jpg 225w\" sizes=\"auto, (max-width: 337px) 100vw, 337px\" \/><\/figure><\/li><li class=\"blocks-gallery-item\"><figure><img loading=\"lazy\" decoding=\"async\" width=\"337\" height=\"450\" src=\"https:\/\/rgzv-goettingen.de\/wp-content\/uploads\/2020\/04\/Kegeln4.jpg\" alt=\"\" data-id=\"316\" data-full-url=\"https:\/\/rgzv-goettingen.de\/wp-content\/uploads\/2020\/04\/Kegeln4.jpg\" data-link=\"https:\/\/rgzv-goettingen.de\/?attachment_id=316\" class=\"wp-image-316\" srcset=\"https:\/\/rgzv-goettingen.de\/wp-content\/uploads\/2020\/04\/Kegeln4.jpg 337w, https:\/\/rgzv-goettingen.de\/wp-content\/uploads\/2020\/04\/Kegeln4-225x300.jpg 225w\" sizes=\"auto, (max-width: 337px) 100vw, 337px\" \/><\/figure><\/li><li class=\"blocks-gallery-item\"><figure><img loading=\"lazy\" decoding=\"async\" width=\"600\" height=\"450\" src=\"https:\/\/rgzv-goettingen.de\/wp-content\/uploads\/2020\/04\/Kegeln6.jpg\" alt=\"\" data-id=\"318\" data-full-url=\"https:\/\/rgzv-goettingen.de\/wp-content\/uploads\/2020\/04\/Kegeln6.jpg\" data-link=\"https:\/\/rgzv-goettingen.de\/?attachment_id=318\" class=\"wp-image-318\" srcset=\"https:\/\/rgzv-goettingen.de\/wp-content\/uploads\/2020\/04\/Kegeln6.jpg 600w, https:\/\/rgzv-goettingen.de\/wp-content\/uploads\/2020\/04\/Kegeln6-300x225.jpg 300w\" sizes=\"auto, (max-width: 600px) 100vw, 600px\" \/><\/figure><\/li><li class=\"blocks-gallery-item\"><figure><img loading=\"lazy\" decoding=\"async\" width=\"600\" height=\"450\" src=\"https:\/\/rgzv-goettingen.de\/wp-content\/uploads\/2020\/04\/Kegeln9.jpg\" alt=\"\" data-id=\"321\" data-full-url=\"https:\/\/rgzv-goettingen.de\/wp-content\/uploads\/2020\/04\/Kegeln9.jpg\" data-link=\"https:\/\/rgzv-goettingen.de\/?attachment_id=321\" class=\"wp-image-321\" srcset=\"https:\/\/rgzv-goettingen.de\/wp-content\/uploads\/2020\/04\/Kegeln9.jpg 600w, https:\/\/rgzv-goettingen.de\/wp-content\/uploads\/2020\/04\/Kegeln9-300x225.jpg 300w\" sizes=\"auto, (max-width: 600px) 100vw, 600px\" \/><\/figure><\/li><li class=\"blocks-gallery-item\"><figure><img loading=\"lazy\" decoding=\"async\" width=\"337\" height=\"450\" src=\"https:\/\/rgzv-goettingen.de\/wp-content\/uploads\/2020\/04\/Kegeln8.jpg\" alt=\"\" data-id=\"320\" data-full-url=\"https:\/\/rgzv-goettingen.de\/wp-content\/uploads\/2020\/04\/Kegeln8.jpg\" data-link=\"https:\/\/rgzv-goettingen.de\/?attachment_id=320\" class=\"wp-image-320\" srcset=\"https:\/\/rgzv-goettingen.de\/wp-content\/uploads\/2020\/04\/Kegeln8.jpg 337w, https:\/\/rgzv-goettingen.de\/wp-content\/uploads\/2020\/04\/Kegeln8-225x300.jpg 225w\" sizes=\"auto, (max-width: 337px) 100vw, 337px\" \/><\/figure><\/li><li class=\"blocks-gallery-item\"><figure><img loading=\"lazy\" decoding=\"async\" width=\"337\" height=\"450\" src=\"https:\/\/rgzv-goettingen.de\/wp-content\/uploads\/2020\/04\/Kegeln7.jpg\" alt=\"\" data-id=\"319\" data-full-url=\"https:\/\/rgzv-goettingen.de\/wp-content\/uploads\/2020\/04\/Kegeln7.jpg\" data-link=\"https:\/\/rgzv-goettingen.de\/?attachment_id=319\" class=\"wp-image-319\" srcset=\"https:\/\/rgzv-goettingen.de\/wp-content\/uploads\/2020\/04\/Kegeln7.jpg 337w, https:\/\/rgzv-goettingen.de\/wp-content\/uploads\/2020\/04\/Kegeln7-225x300.jpg 225w\" sizes=\"auto, (max-width: 337px) 100vw, 337px\" \/><\/figure><\/li><li class=\"blocks-gallery-item\"><figure><img loading=\"lazy\" decoding=\"async\" width=\"600\" height=\"450\" src=\"https:\/\/rgzv-goettingen.de\/wp-content\/uploads\/2020\/04\/Kegeln10.jpg\" alt=\"\" data-id=\"322\" data-full-url=\"https:\/\/rgzv-goettingen.de\/wp-content\/uploads\/2020\/04\/Kegeln10.jpg\" data-link=\"https:\/\/rgzv-goettingen.de\/?attachment_id=322\" class=\"wp-image-322\" srcset=\"https:\/\/rgzv-goettingen.de\/wp-content\/uploads\/2020\/04\/Kegeln10.jpg 600w, https:\/\/rgzv-goettingen.de\/wp-content\/uploads\/2020\/04\/Kegeln10-300x225.jpg 300w\" sizes=\"auto, (max-width: 600px) 100vw, 600px\" \/><\/figure><\/li><\/ul><\/figure>\n","protected":false},"excerpt":{"rendered":"<p>Kegelturnier der Jugendgruppen am 15.06.14 in Gladebeck Gern&nbsp;folgte&nbsp;unserer&nbsp;Gruppe&nbsp;der&nbsp;Einladung&nbsp;von&nbsp;Torsten&nbsp;Bertram&nbsp;(KV&nbsp;Jugendleiter&nbsp;des&nbsp;KV&nbsp;der Kaninchenz\u00fcchter) und nahm mit einer kleinen Gruppe unserer Jungz\u00fcchter teil. Leider konnte aus terminlichen Gr\u00fcnden nur ein kleiner Teil von uns&nbsp;dabei sein. Torben Beetz (11 Jahre),&nbsp;Jan Kl\u00f6ppner (7 Jahre), Mattes (7 Jahre) und Emil Rode (4 Jahre),&nbsp;lie\u00dfen es sich jedoch nicht nehmen unsere Jugendgruppe sehr stark zu &hellip; <\/p>\n<p class=\"link-more\"><a href=\"https:\/\/rgzv-goettingen.de\/?page_id=79\" class=\"more-link\"><span class=\"screen-reader-text\">\u201eKegelturnier\u201c <\/span>weiterlesen<\/a><\/p>\n","protected":false},"author":1,"featured_media":0,"parent":0,"menu_order":0,"comment_status":"closed","ping_status":"closed","template":"","meta":{"footnotes":""},"class_list":["post-79","page","type-page","status-publish","hentry"],"_links":{"self":[{"href":"https:\/\/rgzv-goettingen.de\/index.php?rest_route=\/wp\/v2\/pages\/79","targetHints":{"allow":["GET"]}}],"collection":[{"href":"https:\/\/rgzv-goettingen.de\/index.php?rest_route=\/wp\/v2\/pages"}],"about":[{"href":"https:\/\/rgzv-goettingen.de\/index.php?rest_route=\/wp\/v2\/types\/page"}],"author":[{"embeddable":true,"href":"https:\/\/rgzv-goettingen.de\/index.php?rest_route=\/wp\/v2\/users\/1"}],"replies":[{"embeddable":true,"href":"https:\/\/rgzv-goettingen.de\/index.php?rest_route=%2Fwp%2Fv2%2Fcomments&post=79"}],"version-history":[{"count":3,"href":"https:\/\/rgzv-goettingen.de\/index.php?rest_route=\/wp\/v2\/pages\/79\/revisions"}],"predecessor-version":[{"id":323,"href":"https:\/\/rgzv-goettingen.de\/index.php?rest_route=\/wp\/v2\/pages\/79\/revisions\/323"}],"wp:attachment":[{"href":"https:\/\/rgzv-goettingen.de\/index.php?rest_route=%2Fwp%2Fv2%2Fmedia&parent=79"}],"curies":[{"name":"wp","href":"https:\/\/api.w.org\/{rel}","templated":true}]}}