{"id":78,"date":"2020-04-07T21:10:20","date_gmt":"2020-04-07T21:10:20","guid":{"rendered":"http:\/\/rgzv-goettingen.de\/?page_id=78"},"modified":"2020-04-09T20:55:58","modified_gmt":"2020-04-09T20:55:58","slug":"jugendspiele-2019","status":"publish","type":"page","link":"https:\/\/rgzv-goettingen.de\/?page_id=78","title":{"rendered":"Jugendspiele 2019"},"content":{"rendered":"\n<h2 class=\"wp-block-heading\">KV Jugendspiele 2019 in Sattenhausen<\/h2>\n\n\n\n<p>Am Morgen des 19. Mai 2019 machten wir uns mit f\u00fcnf Mitgliedern unserer Jugendgruppe bei strahlendem Sonnenschein auf den Weg nach Sattenhausen um an den j\u00e4hrlichen Jugendspielen des KV S\u00fcdhannover teilzunehmen. Nach wenigen Minuten hatte unsere Gruppe gleich Zuwachs aus dem KLZV Lauenf\u00f6rde und so konnten wir sogar mit zwei Gruppen an den Start gehen.<\/p>\n\n\n\n<figure class=\"wp-block-image size-large\"><img loading=\"lazy\" decoding=\"async\" width=\"388\" height=\"400\" src=\"https:\/\/rgzv-goettingen.de\/wp-content\/uploads\/2020\/04\/Sattenhausen1.jpg\" alt=\"\" class=\"wp-image-308\" title=\"\" srcset=\"https:\/\/rgzv-goettingen.de\/wp-content\/uploads\/2020\/04\/Sattenhausen1.jpg 388w, https:\/\/rgzv-goettingen.de\/wp-content\/uploads\/2020\/04\/Sattenhausen1-291x300.jpg 291w\" sizes=\"auto, (max-width: 388px) 100vw, 388px\" \/><\/figure>\n\n\n\n<p>Nach der offiziellen Begr\u00fc\u00dfung ging es direkt los und die unterschiedlichsten Stationen warteten auf uns. Von klassischen Dosenwerfen und Eierlaufen bis hin zum \u00c4pfel stapeln und Nudelkampf war alles dabei und wir waren mit viel Ehrgeiz und noch mehr Spa\u00df bei der Sache. Die ersten zwei Stunden vergingen wie im Flug und wir waren beinahe \u00fcberrascht, als das Mittagessen anstand. Es gab W\u00fcrstchen und Fleisch vom Grill und diverse Salate, die schnell verschlungen waren. Frisch gest\u00e4rkt ging es dann in die zweite Runde, wir berieten unsere Teammitglieder und feuerten uns an und obwohl es bereits Kuchen f\u00fcr alle gab, beschlossen wir einstimmig zuerst alle Stationen zu beenden. Nachdem wir eine Auswahl an Gefl\u00fcgelrassen fehlerfrei zuordnen konnten, pl\u00fcnderten wir dann endlich das Kuchenbuffet.<\/p>\n\n\n\n<figure class=\"wp-block-image size-large\"><img loading=\"lazy\" decoding=\"async\" width=\"313\" height=\"400\" src=\"https:\/\/rgzv-goettingen.de\/wp-content\/uploads\/2020\/04\/Sattenhausen2.jpg\" alt=\"\" class=\"wp-image-309\" title=\"\" srcset=\"https:\/\/rgzv-goettingen.de\/wp-content\/uploads\/2020\/04\/Sattenhausen2.jpg 313w, https:\/\/rgzv-goettingen.de\/wp-content\/uploads\/2020\/04\/Sattenhausen2-235x300.jpg 235w\" sizes=\"auto, (max-width: 313px) 100vw, 313px\" \/><\/figure>\n\n\n\n<p>W\u00e4hrenddessen wurden die Punkte ausgez\u00e4hlt und die Siegerehrung konnte beginnen. Eingeleitet mit einem \u00fcberraschenden Heiratsantrags wurden dann die Punktzahlen verk\u00fcndet. Die Platzierungen wurden nach und nach genannt und mit jedem verk\u00fcndeten Platz stieg die Spannung &#8211; es wurde getuschelt und vielsagende Blicke wurden ausgetauscht. Nat\u00fcrlich hofften wir auf einen Sieg. Obwohl wir am Ende \u201enur\u201c den sechsten und den vierten Platz belegten und ein wenig entt\u00e4uscht waren, so knapp an den Pokalen vorbeigerauscht zu sein, hatten wir doch auf ganzer Linie gewonnen: aus f\u00fcnf Mitgliedern unserer Jugend und einem einsamen Lauenf\u00f6rder wurde in nur wenigen Stunden ein Team, das sich unterst\u00fctzte und sofort Pl\u00e4ne schmiedete, was wir in Zukunft alles unternehmen k\u00f6nnten.<\/p>\n\n\n\n<figure class=\"wp-block-image size-large\"><img loading=\"lazy\" decoding=\"async\" width=\"253\" height=\"400\" src=\"https:\/\/rgzv-goettingen.de\/wp-content\/uploads\/2020\/04\/Sattenhausen3.jpg\" alt=\"\" class=\"wp-image-310\" title=\"\" srcset=\"https:\/\/rgzv-goettingen.de\/wp-content\/uploads\/2020\/04\/Sattenhausen3.jpg 253w, https:\/\/rgzv-goettingen.de\/wp-content\/uploads\/2020\/04\/Sattenhausen3-190x300.jpg 190w\" sizes=\"auto, (max-width: 253px) 100vw, 253px\" \/><\/figure>\n\n\n\n<p>F\u00fcr uns alle ist klar, im n\u00e4chsten Jahr sind wir wieder dabei und vielleicht k\u00f6nnen wir dann sogar einen Pokal mit nach Hause nehmen!<\/p>\n","protected":false},"excerpt":{"rendered":"<p>KV Jugendspiele 2019 in Sattenhausen Am Morgen des 19. Mai 2019 machten wir uns mit f\u00fcnf Mitgliedern unserer Jugendgruppe bei strahlendem Sonnenschein auf den Weg nach Sattenhausen um an den j\u00e4hrlichen Jugendspielen des KV S\u00fcdhannover teilzunehmen. Nach wenigen Minuten hatte unsere Gruppe gleich Zuwachs aus dem KLZV Lauenf\u00f6rde und so konnten wir sogar mit zwei &hellip; <\/p>\n<p class=\"link-more\"><a href=\"https:\/\/rgzv-goettingen.de\/?page_id=78\" class=\"more-link\"><span class=\"screen-reader-text\">\u201eJugendspiele 2019\u201c <\/span>weiterlesen<\/a><\/p>\n","protected":false},"author":1,"featured_media":0,"parent":0,"menu_order":0,"comment_status":"closed","ping_status":"closed","template":"","meta":{"footnotes":""},"class_list":["post-78","page","type-page","status-publish","hentry"],"_links":{"self":[{"href":"https:\/\/rgzv-goettingen.de\/index.php?rest_route=\/wp\/v2\/pages\/78","targetHints":{"allow":["GET"]}}],"collection":[{"href":"https:\/\/rgzv-goettingen.de\/index.php?rest_route=\/wp\/v2\/pages"}],"about":[{"href":"https:\/\/rgzv-goettingen.de\/index.php?rest_route=\/wp\/v2\/types\/page"}],"author":[{"embeddable":true,"href":"https:\/\/rgzv-goettingen.de\/index.php?rest_route=\/wp\/v2\/users\/1"}],"replies":[{"embeddable":true,"href":"https:\/\/rgzv-goettingen.de\/index.php?rest_route=%2Fwp%2Fv2%2Fcomments&post=78"}],"version-history":[{"count":3,"href":"https:\/\/rgzv-goettingen.de\/index.php?rest_route=\/wp\/v2\/pages\/78\/revisions"}],"predecessor-version":[{"id":311,"href":"https:\/\/rgzv-goettingen.de\/index.php?rest_route=\/wp\/v2\/pages\/78\/revisions\/311"}],"wp:attachment":[{"href":"https:\/\/rgzv-goettingen.de\/index.php?rest_route=%2Fwp%2Fv2%2Fmedia&parent=78"}],"curies":[{"name":"wp","href":"https:\/\/api.w.org\/{rel}","templated":true}]}}