{"id":76,"date":"2020-04-07T21:10:20","date_gmt":"2020-04-07T21:10:20","guid":{"rendered":"http:\/\/rgzv-goettingen.de\/?page_id=76"},"modified":"2022-03-22T13:06:06","modified_gmt":"2022-03-22T13:06:06","slug":"impfen","status":"publish","type":"page","link":"https:\/\/rgzv-goettingen.de\/?page_id=76","title":{"rendered":"Impfen"},"content":{"rendered":"\n<p><strong>Impfung Newcastle Disease<\/strong><\/p>\n\n\n\n<p>Diese Impfung ist in Deutschland eine gesetziche Pflicht und muss \u00fcber einen Tierarzt erfolgen.<\/p>\n\n\n\n<p>Folgende Varianten der Impfung sind m\u00f6glich:<\/p>\n\n\n\n<ul class=\"wp-block-list\"><li>Als Trinkwasserimpfung mit einem Lebendimpfstoff in regelm\u00e4\u00dfigen Abst\u00e4nden. Die Packungsgr\u00f6\u00dfe ist auf 1000 Tiere ausgelegt; der Impfstoff ist nach dem \u00d6ffnen nur ca 2h haltbar, daher k\u00f6nnen die Reste nicht aufbewahrt werden!<\/li><li>Per Injektion mit einem Inaktivimpfstoff. Hierbei erfolgt zun\u00e4chst eine Grundimmunisierung per Lebendimpfstoff und danach die Impfung per Spritze.&nbsp;Diese Impfung per Injektion muss nur j\u00e4hrlich wiederholt werden und bietet sich bei kleinen Best\u00e4nden an. Sprechen Sie Ihren Tierarzt darauf an!<\/li><\/ul>\n\n\n\n<hr class=\"wp-block-separator\"\/>\n\n\n\n<p>&nbsp;Wie wird die Impfung gegen ND per Trinkwasser vorbereitet?<\/p>\n\n\n\n<ol class=\"wp-block-list\"><li>Geschw\u00e4chte und kranke Tiere werden nicht geimpft! Dies gilt bei allen Impfungen. In diesem Fall eine kurze Notiz f\u00fcr das betreffende Tier anlegen, um das zu dokumentieren.<\/li><li>Der Impfstoff ist empfindlich und sollte innerhalb von 2 Stunden verbraucht werden!<\/li><li>Der Impfstoff darf nicht hei\u00df werden (Sonneneinstrahlung).<\/li><li>Am Abend vorher den Tieren die Tr\u00e4nken wegnehmen und gut reinigen; optional die Tiere nicht mehr f\u00fcttern vor der Impfung (siehe Punkt 7).<\/li><li>Die Tr\u00e4nken m\u00fcssen sauber und frei von Reinigungsmittelr\u00fcckst\u00e4nden und Desinfektionsmitteln sein.<\/li><li>Nur so viel kaltes Wasser in die Tr\u00e4nke(n) einf\u00fcllen wie die Tiere in ca. 2 Stunden verbrauchen.<\/li><li>Am besten die Tiere direkt vor der Impfung f\u00fcttern, damit sie danach zur Tr\u00e4nke gehen.<\/li><li>Der Impfstoff ist nicht sch\u00e4dlich f\u00fcr den Menschen, ABER er sollte nicht in die Augen und Schleimh\u00e4ute kommen, da es zB zu einer Bindehautentz\u00fcndung kommen kann! Also lieber Handschuhe tragen und H\u00e4nde im Nachgang gr\u00fcndlich waschen!<\/li><\/ol>\n\n\n\n<hr class=\"wp-block-separator\"\/>\n\n\n\n<p>Weitere Infos zur Newcastle Disease wie genauer Beschreibung, Symptome finden Sie zB im folgenden YouTube Video unseres 1. Vorsitzenden, Benedikt Sauer: <a href=\"https:\/\/youtu.be\/rHvxtAOT6Y4\">https:\/\/youtu.be\/rHvxtAOT6Y4<\/a><\/p>\n","protected":false},"excerpt":{"rendered":"<p>Impfung Newcastle Disease Diese Impfung ist in Deutschland eine gesetziche Pflicht und muss \u00fcber einen Tierarzt erfolgen. Folgende Varianten der Impfung sind m\u00f6glich: Als Trinkwasserimpfung mit einem Lebendimpfstoff in regelm\u00e4\u00dfigen Abst\u00e4nden. Die Packungsgr\u00f6\u00dfe ist auf 1000 Tiere ausgelegt; der Impfstoff ist nach dem \u00d6ffnen nur ca 2h haltbar, daher k\u00f6nnen die Reste nicht aufbewahrt werden! &hellip; <\/p>\n<p class=\"link-more\"><a href=\"https:\/\/rgzv-goettingen.de\/?page_id=76\" class=\"more-link\"><span class=\"screen-reader-text\">\u201eImpfen\u201c <\/span>weiterlesen<\/a><\/p>\n","protected":false},"author":1,"featured_media":755,"parent":0,"menu_order":0,"comment_status":"closed","ping_status":"closed","template":"","meta":{"footnotes":""},"class_list":["post-76","page","type-page","status-publish","has-post-thumbnail","hentry"],"_links":{"self":[{"href":"https:\/\/rgzv-goettingen.de\/index.php?rest_route=\/wp\/v2\/pages\/76","targetHints":{"allow":["GET"]}}],"collection":[{"href":"https:\/\/rgzv-goettingen.de\/index.php?rest_route=\/wp\/v2\/pages"}],"about":[{"href":"https:\/\/rgzv-goettingen.de\/index.php?rest_route=\/wp\/v2\/types\/page"}],"author":[{"embeddable":true,"href":"https:\/\/rgzv-goettingen.de\/index.php?rest_route=\/wp\/v2\/users\/1"}],"replies":[{"embeddable":true,"href":"https:\/\/rgzv-goettingen.de\/index.php?rest_route=%2Fwp%2Fv2%2Fcomments&post=76"}],"version-history":[{"count":2,"href":"https:\/\/rgzv-goettingen.de\/index.php?rest_route=\/wp\/v2\/pages\/76\/revisions"}],"predecessor-version":[{"id":134,"href":"https:\/\/rgzv-goettingen.de\/index.php?rest_route=\/wp\/v2\/pages\/76\/revisions\/134"}],"wp:featuredmedia":[{"embeddable":true,"href":"https:\/\/rgzv-goettingen.de\/index.php?rest_route=\/wp\/v2\/media\/755"}],"wp:attachment":[{"href":"https:\/\/rgzv-goettingen.de\/index.php?rest_route=%2Fwp%2Fv2%2Fmedia&parent=76"}],"curies":[{"name":"wp","href":"https:\/\/api.w.org\/{rel}","templated":true}]}}