{"id":75,"date":"2020-04-07T21:10:20","date_gmt":"2020-04-07T21:10:20","guid":{"rendered":"http:\/\/rgzv-goettingen.de\/?page_id=75"},"modified":"2020-07-27T12:12:59","modified_gmt":"2020-07-27T12:12:59","slug":"kueken-2020","status":"publish","type":"page","link":"https:\/\/rgzv-goettingen.de\/?page_id=75","title":{"rendered":"K\u00fckenschau 2020 &#8211; &#8222;Virtuell&#8220;"},"content":{"rendered":"\n<p class=\"has-text-color has-background has-vivid-red-color has-very-dark-gray-background-color\"><strong>Wegen der aktuellen CORONA-Lage, k\u00f6nnen wir die Schau leider nicht wie gewohnt abhalten. Dennoch wollen wir ein Angebot schaffen<\/strong>:<\/p>\n\n\n\n<p>Zu sehen sind einige ausgew\u00e4hlte Tiere der Austeller. Diese konnten auch \u00fcber eine Kontaktliste (war online verf\u00fcgbar) bestellt werden. Dieses Angebot ist nun aber vorbei. (Austellung zu Ende und Tiere vermittelt).<\/p>\n\n\n\n<p><\/p>\n\n\n\n<p>Das <strong>\u00d6ko<\/strong>&#8211;<strong>Huhn <\/strong>von Morgen!<\/p>\n\n\n\n<p>Seit einiger Zeit ist Jonas Dorn aus Witzenhausen auf der K\u00fckenschau dabei, wor\u00fcber wir sehr froh sind! Er hat einen Bioland Betrieb und vertreibt Eier aber auch Jungtiere.<\/p>\n\n\n\n<p>Jonas bietet hier u.a. <strong><em>Bresse Gauloises<\/em><\/strong> an, ein klassisches franz\u00f6sisches Zweinutzungshuhn. Sie sind f\u00fcr ihr exzellentes Fleisch ber\u00fchmt und haben zudem eine tolle Legeleistung (180-200 Eier\/Jahr) bei einem sehr fr\u00fchen Legebeginn. Sie gelten als sehr gute Futtersucher und eignen sich sehr gut f\u00fcr Selbstversorger.<\/p>\n\n\n\n<figure class=\"wp-block-gallery columns-1 is-cropped wp-block-gallery-1 is-layout-flex wp-block-gallery-is-layout-flex\"><ul class=\"blocks-gallery-grid\"><li class=\"blocks-gallery-item\"><figure><img loading=\"lazy\" decoding=\"async\" width=\"1024\" height=\"576\" src=\"https:\/\/rgzv-goettingen.de\/wp-content\/uploads\/2020\/04\/SAED8693-1024x576.jpg\" alt=\"\" data-id=\"169\" data-full-url=\"https:\/\/rgzv-goettingen.de\/wp-content\/uploads\/2020\/04\/SAED8693.jpg\" data-link=\"https:\/\/rgzv-goettingen.de\/?attachment_id=169\" class=\"wp-image-169\" srcset=\"https:\/\/rgzv-goettingen.de\/wp-content\/uploads\/2020\/04\/SAED8693-1024x576.jpg 1024w, https:\/\/rgzv-goettingen.de\/wp-content\/uploads\/2020\/04\/SAED8693-300x169.jpg 300w, https:\/\/rgzv-goettingen.de\/wp-content\/uploads\/2020\/04\/SAED8693-768x432.jpg 768w, https:\/\/rgzv-goettingen.de\/wp-content\/uploads\/2020\/04\/SAED8693-1536x864.jpg 1536w, https:\/\/rgzv-goettingen.de\/wp-content\/uploads\/2020\/04\/SAED8693.jpg 1599w\" sizes=\"auto, (max-width: 767px) 89vw, (max-width: 1000px) 54vw, (max-width: 1071px) 543px, 580px\" \/><\/figure><\/li><li class=\"blocks-gallery-item\"><figure><img loading=\"lazy\" decoding=\"async\" width=\"1024\" height=\"576\" src=\"https:\/\/rgzv-goettingen.de\/wp-content\/uploads\/2020\/04\/KTDW5248-1024x576.jpg\" alt=\"\" data-id=\"168\" data-full-url=\"https:\/\/rgzv-goettingen.de\/wp-content\/uploads\/2020\/04\/KTDW5248.jpg\" data-link=\"https:\/\/rgzv-goettingen.de\/?attachment_id=168\" class=\"wp-image-168\" srcset=\"https:\/\/rgzv-goettingen.de\/wp-content\/uploads\/2020\/04\/KTDW5248-1024x576.jpg 1024w, https:\/\/rgzv-goettingen.de\/wp-content\/uploads\/2020\/04\/KTDW5248-300x169.jpg 300w, https:\/\/rgzv-goettingen.de\/wp-content\/uploads\/2020\/04\/KTDW5248-768x432.jpg 768w, https:\/\/rgzv-goettingen.de\/wp-content\/uploads\/2020\/04\/KTDW5248-1536x864.jpg 1536w, https:\/\/rgzv-goettingen.de\/wp-content\/uploads\/2020\/04\/KTDW5248.jpg 1599w\" sizes=\"auto, (max-width: 767px) 89vw, (max-width: 1000px) 54vw, (max-width: 1071px) 543px, 580px\" \/><\/figure><\/li><li class=\"blocks-gallery-item\"><figure><img loading=\"lazy\" decoding=\"async\" width=\"1024\" height=\"576\" src=\"https:\/\/rgzv-goettingen.de\/wp-content\/uploads\/2020\/04\/IEFD2359-1024x576.jpg\" alt=\"\" data-id=\"13\" data-full-url=\"https:\/\/rgzv-goettingen.de\/wp-content\/uploads\/2020\/04\/IEFD2359.jpg\" data-link=\"https:\/\/rgzv-goettingen.de\/?attachment_id=13\" class=\"wp-image-13\" srcset=\"https:\/\/rgzv-goettingen.de\/wp-content\/uploads\/2020\/04\/IEFD2359-1024x576.jpg 1024w, https:\/\/rgzv-goettingen.de\/wp-content\/uploads\/2020\/04\/IEFD2359-300x169.jpg 300w, https:\/\/rgzv-goettingen.de\/wp-content\/uploads\/2020\/04\/IEFD2359-768x432.jpg 768w, https:\/\/rgzv-goettingen.de\/wp-content\/uploads\/2020\/04\/IEFD2359-1536x864.jpg 1536w, https:\/\/rgzv-goettingen.de\/wp-content\/uploads\/2020\/04\/IEFD2359.jpg 1599w\" sizes=\"auto, (max-width: 767px) 89vw, (max-width: 1000px) 54vw, (max-width: 1071px) 543px, 580px\" \/><\/figure><\/li><li class=\"blocks-gallery-item\"><figure><img loading=\"lazy\" decoding=\"async\" width=\"1024\" height=\"576\" src=\"https:\/\/rgzv-goettingen.de\/wp-content\/uploads\/2020\/04\/FEMW9645-1024x576.jpg\" alt=\"\" data-id=\"12\" data-full-url=\"https:\/\/rgzv-goettingen.de\/wp-content\/uploads\/2020\/04\/FEMW9645.jpg\" data-link=\"https:\/\/rgzv-goettingen.de\/?attachment_id=12\" class=\"wp-image-12\" srcset=\"https:\/\/rgzv-goettingen.de\/wp-content\/uploads\/2020\/04\/FEMW9645-1024x576.jpg 1024w, https:\/\/rgzv-goettingen.de\/wp-content\/uploads\/2020\/04\/FEMW9645-300x169.jpg 300w, https:\/\/rgzv-goettingen.de\/wp-content\/uploads\/2020\/04\/FEMW9645-768x432.jpg 768w, https:\/\/rgzv-goettingen.de\/wp-content\/uploads\/2020\/04\/FEMW9645-1536x864.jpg 1536w, https:\/\/rgzv-goettingen.de\/wp-content\/uploads\/2020\/04\/FEMW9645.jpg 1599w\" sizes=\"auto, (max-width: 767px) 89vw, (max-width: 1000px) 54vw, (max-width: 1071px) 543px, 580px\" \/><\/figure><\/li><\/ul><figcaption class=\"blocks-gallery-caption\">Die Tiere von Jonas Dorn<\/figcaption><\/figure>\n\n\n\n<p><strong>Australorps<\/strong><\/p>\n\n\n\n<p>Die H\u00fchner dieser sch\u00f6nen Rasse gelten als friedlich und robust. Mit einem Gewicht von 2-2,5kg bei den Hennen und 3-3,5kg bei den H\u00e4hnen geh\u00f6ren sie zu den Zweinutzungsh\u00fchnern, die sich sowohl als Fleischlieferant f\u00fcr Selbstversorger eignen als auch mit ca 190 Eiern\/ Jahr eine top Legeleistung liefern. Durch ihr friedliches Wesen sind sie sehr gut f\u00fcr Einsteiger in der H\u00fchnerhaltung geeignet und durch ihr Gewicht auch nicht sehr flugfreudig.<\/p>\n\n\n\n<p>Die hier abgegebenen Tiere stammen aus einer mehrfach pr\u00e4mierten Zucht. Unser Vereinsmitglied Heinz Beetz widmet sich seit Jahren mit gro\u00dfer Leidenschaft dieser sch\u00f6nen Rasse und wurde zB in 2019 mit den Australorps nicht nur Vereinsmeister, sondern zudem auf der Leinetalschau mit den Preisen f\u00fcr den besten Hahn (v97) sowie das beste Zuchtpaar geehrt.<\/p>\n\n\n\n<figure class=\"wp-block-gallery columns-1 is-cropped wp-block-gallery-2 is-layout-flex wp-block-gallery-is-layout-flex\"><ul class=\"blocks-gallery-grid\"><li class=\"blocks-gallery-item\"><figure><img loading=\"lazy\" decoding=\"async\" width=\"1024\" height=\"576\" src=\"https:\/\/rgzv-goettingen.de\/wp-content\/uploads\/2020\/04\/VCQT6663-1024x576.jpg\" alt=\"\" data-id=\"171\" data-full-url=\"https:\/\/rgzv-goettingen.de\/wp-content\/uploads\/2020\/04\/VCQT6663.jpg\" data-link=\"https:\/\/rgzv-goettingen.de\/?attachment_id=171\" class=\"wp-image-171\" srcset=\"https:\/\/rgzv-goettingen.de\/wp-content\/uploads\/2020\/04\/VCQT6663-1024x576.jpg 1024w, https:\/\/rgzv-goettingen.de\/wp-content\/uploads\/2020\/04\/VCQT6663-300x169.jpg 300w, https:\/\/rgzv-goettingen.de\/wp-content\/uploads\/2020\/04\/VCQT6663-768x432.jpg 768w, https:\/\/rgzv-goettingen.de\/wp-content\/uploads\/2020\/04\/VCQT6663.jpg 1328w\" sizes=\"auto, (max-width: 767px) 89vw, (max-width: 1000px) 54vw, (max-width: 1071px) 543px, 580px\" \/><\/figure><\/li><li class=\"blocks-gallery-item\"><figure><img loading=\"lazy\" decoding=\"async\" width=\"1024\" height=\"576\" src=\"https:\/\/rgzv-goettingen.de\/wp-content\/uploads\/2020\/04\/SXRH7355-1024x576.jpg\" alt=\"\" data-id=\"170\" data-full-url=\"https:\/\/rgzv-goettingen.de\/wp-content\/uploads\/2020\/04\/SXRH7355.jpg\" data-link=\"https:\/\/rgzv-goettingen.de\/?attachment_id=170\" class=\"wp-image-170\" srcset=\"https:\/\/rgzv-goettingen.de\/wp-content\/uploads\/2020\/04\/SXRH7355-1024x576.jpg 1024w, https:\/\/rgzv-goettingen.de\/wp-content\/uploads\/2020\/04\/SXRH7355-300x169.jpg 300w, https:\/\/rgzv-goettingen.de\/wp-content\/uploads\/2020\/04\/SXRH7355-768x432.jpg 768w, https:\/\/rgzv-goettingen.de\/wp-content\/uploads\/2020\/04\/SXRH7355.jpg 1328w\" sizes=\"auto, (max-width: 767px) 89vw, (max-width: 1000px) 54vw, (max-width: 1071px) 543px, 580px\" \/><\/figure><\/li><\/ul><figcaption class=\"blocks-gallery-caption\">Australorpk\u00fcken von Heinz Beetz<\/figcaption><\/figure>\n\n\n\n<p><strong>Flugente<\/strong><\/p>\n\n\n\n<p>Unser lieber Dirk Peter hatte Gl\u00fcck bei der Nachzucht mit seinen Flugenten. Er gibt die Mutter sammt aller K\u00fcken auch gerne komplett ab. (Einzelne K\u00fcken aber auch m\u00f6glich)<\/p>\n\n\n\n<p><\/p>\n\n\n\n<figure class=\"wp-block-image size-large\"><img loading=\"lazy\" decoding=\"async\" width=\"1024\" height=\"576\" src=\"https:\/\/rgzv-goettingen.de\/wp-content\/uploads\/2020\/04\/EMUY3042-1024x576.jpg\" alt=\"\" class=\"wp-image-11\" srcset=\"https:\/\/rgzv-goettingen.de\/wp-content\/uploads\/2020\/04\/EMUY3042-1024x576.jpg 1024w, https:\/\/rgzv-goettingen.de\/wp-content\/uploads\/2020\/04\/EMUY3042-300x169.jpg 300w, https:\/\/rgzv-goettingen.de\/wp-content\/uploads\/2020\/04\/EMUY3042-768x432.jpg 768w, https:\/\/rgzv-goettingen.de\/wp-content\/uploads\/2020\/04\/EMUY3042.jpg 1328w\" sizes=\"auto, (max-width: 767px) 89vw, (max-width: 1000px) 54vw, (max-width: 1071px) 543px, 580px\" \/><figcaption>Die Flugenten-Mama mit ihren K\u00fcken von Dirk Peter<br><\/figcaption><\/figure>\n\n\n\n<p><strong>Zwerg-Welsumer<\/strong><\/p>\n\n\n\n<p>Diese Rasse geh\u00f6rt sicherlich mit zu den beliebtesten Zwerghuhn-Rassen und das zu Recht! Die Tiere sind neugierig und gelten als robust und widerstandsf\u00e4hig. Beeindruckend ist auch ihre Legeleistung mit ca 180 Eiern\/Jahr und vor allem die Ei-Gr\u00f6\u00dfe, die gr\u00f6\u00dfer ist als man bei einem Zwerghuhn vermuten wurde (ca 47-60g!).<\/p>\n\n\n\n<p>Eduard Reinecke ist bereits seit \u00fcber 40 Jahren Mitglied im RGZV und z\u00fcchtet diese vielseitige Rasse neben anderen Zwerghuhnrassen bereits seit vielen Jahren mit gro\u00dfem Erfolg. Er hat schon vielen Einsteigern mit seinen tollen Tieren einen guten Start in die H\u00fchnerhaltung verschafft!<\/p>\n\n\n\n<figure class=\"wp-block-gallery columns-2 is-cropped wp-block-gallery-3 is-layout-flex wp-block-gallery-is-layout-flex\"><ul class=\"blocks-gallery-grid\"><li class=\"blocks-gallery-item\"><figure><img loading=\"lazy\" decoding=\"async\" width=\"300\" height=\"225\" src=\"https:\/\/rgzv-goettingen.de\/wp-content\/uploads\/2020\/04\/IMG_20200328_124124-300x225.jpg\" alt=\"\" data-id=\"286\" data-full-url=\"https:\/\/rgzv-goettingen.de\/wp-content\/uploads\/2020\/04\/IMG_20200328_124124-scaled.jpg\" data-link=\"https:\/\/rgzv-goettingen.de\/?attachment_id=286\" class=\"wp-image-286\" srcset=\"https:\/\/rgzv-goettingen.de\/wp-content\/uploads\/2020\/04\/IMG_20200328_124124-300x225.jpg 300w, https:\/\/rgzv-goettingen.de\/wp-content\/uploads\/2020\/04\/IMG_20200328_124124-1024x768.jpg 1024w, https:\/\/rgzv-goettingen.de\/wp-content\/uploads\/2020\/04\/IMG_20200328_124124-768x576.jpg 768w, https:\/\/rgzv-goettingen.de\/wp-content\/uploads\/2020\/04\/IMG_20200328_124124-1536x1152.jpg 1536w, https:\/\/rgzv-goettingen.de\/wp-content\/uploads\/2020\/04\/IMG_20200328_124124-2048x1536.jpg 2048w\" sizes=\"auto, (max-width: 300px) 100vw, 300px\" \/><\/figure><\/li><li class=\"blocks-gallery-item\"><figure><img loading=\"lazy\" decoding=\"async\" width=\"300\" height=\"225\" src=\"https:\/\/rgzv-goettingen.de\/wp-content\/uploads\/2020\/04\/IMG_20200328_124106-300x225.jpg\" alt=\"\" data-id=\"285\" data-full-url=\"https:\/\/rgzv-goettingen.de\/wp-content\/uploads\/2020\/04\/IMG_20200328_124106-scaled.jpg\" data-link=\"https:\/\/rgzv-goettingen.de\/?attachment_id=285\" class=\"wp-image-285\" srcset=\"https:\/\/rgzv-goettingen.de\/wp-content\/uploads\/2020\/04\/IMG_20200328_124106-300x225.jpg 300w, https:\/\/rgzv-goettingen.de\/wp-content\/uploads\/2020\/04\/IMG_20200328_124106-1024x768.jpg 1024w, https:\/\/rgzv-goettingen.de\/wp-content\/uploads\/2020\/04\/IMG_20200328_124106-768x576.jpg 768w, https:\/\/rgzv-goettingen.de\/wp-content\/uploads\/2020\/04\/IMG_20200328_124106-1536x1152.jpg 1536w, https:\/\/rgzv-goettingen.de\/wp-content\/uploads\/2020\/04\/IMG_20200328_124106-2048x1536.jpg 2048w\" sizes=\"auto, (max-width: 300px) 100vw, 300px\" \/><\/figure><\/li><li class=\"blocks-gallery-item\"><figure><img loading=\"lazy\" decoding=\"async\" width=\"300\" height=\"225\" src=\"https:\/\/rgzv-goettingen.de\/wp-content\/uploads\/2020\/04\/IMG_20200328_124145-300x225.jpg\" alt=\"\" data-id=\"287\" data-full-url=\"https:\/\/rgzv-goettingen.de\/wp-content\/uploads\/2020\/04\/IMG_20200328_124145-scaled.jpg\" data-link=\"https:\/\/rgzv-goettingen.de\/?attachment_id=287\" class=\"wp-image-287\" srcset=\"https:\/\/rgzv-goettingen.de\/wp-content\/uploads\/2020\/04\/IMG_20200328_124145-300x225.jpg 300w, https:\/\/rgzv-goettingen.de\/wp-content\/uploads\/2020\/04\/IMG_20200328_124145-1024x768.jpg 1024w, https:\/\/rgzv-goettingen.de\/wp-content\/uploads\/2020\/04\/IMG_20200328_124145-768x576.jpg 768w, https:\/\/rgzv-goettingen.de\/wp-content\/uploads\/2020\/04\/IMG_20200328_124145-1536x1152.jpg 1536w, https:\/\/rgzv-goettingen.de\/wp-content\/uploads\/2020\/04\/IMG_20200328_124145-2048x1536.jpg 2048w\" sizes=\"auto, (max-width: 300px) 100vw, 300px\" \/><\/figure><\/li><li class=\"blocks-gallery-item\"><figure><img loading=\"lazy\" decoding=\"async\" width=\"300\" height=\"225\" src=\"https:\/\/rgzv-goettingen.de\/wp-content\/uploads\/2020\/04\/IMG_20200328_124524-300x225.jpg\" alt=\"\" data-id=\"290\" data-full-url=\"https:\/\/rgzv-goettingen.de\/wp-content\/uploads\/2020\/04\/IMG_20200328_124524-scaled.jpg\" data-link=\"https:\/\/rgzv-goettingen.de\/?attachment_id=290\" class=\"wp-image-290\" srcset=\"https:\/\/rgzv-goettingen.de\/wp-content\/uploads\/2020\/04\/IMG_20200328_124524-300x225.jpg 300w, https:\/\/rgzv-goettingen.de\/wp-content\/uploads\/2020\/04\/IMG_20200328_124524-1024x768.jpg 1024w, https:\/\/rgzv-goettingen.de\/wp-content\/uploads\/2020\/04\/IMG_20200328_124524-768x576.jpg 768w, https:\/\/rgzv-goettingen.de\/wp-content\/uploads\/2020\/04\/IMG_20200328_124524-1536x1152.jpg 1536w, https:\/\/rgzv-goettingen.de\/wp-content\/uploads\/2020\/04\/IMG_20200328_124524-2048x1536.jpg 2048w\" sizes=\"auto, (max-width: 300px) 100vw, 300px\" \/><\/figure><\/li><li class=\"blocks-gallery-item\"><figure><img loading=\"lazy\" decoding=\"async\" width=\"300\" height=\"225\" src=\"https:\/\/rgzv-goettingen.de\/wp-content\/uploads\/2020\/04\/IMG_20200328_124516-300x225.jpg\" alt=\"\" data-id=\"289\" data-full-url=\"https:\/\/rgzv-goettingen.de\/wp-content\/uploads\/2020\/04\/IMG_20200328_124516-scaled.jpg\" data-link=\"https:\/\/rgzv-goettingen.de\/?attachment_id=289\" class=\"wp-image-289\" srcset=\"https:\/\/rgzv-goettingen.de\/wp-content\/uploads\/2020\/04\/IMG_20200328_124516-300x225.jpg 300w, https:\/\/rgzv-goettingen.de\/wp-content\/uploads\/2020\/04\/IMG_20200328_124516-1024x768.jpg 1024w, https:\/\/rgzv-goettingen.de\/wp-content\/uploads\/2020\/04\/IMG_20200328_124516-768x576.jpg 768w, https:\/\/rgzv-goettingen.de\/wp-content\/uploads\/2020\/04\/IMG_20200328_124516-1536x1152.jpg 1536w, https:\/\/rgzv-goettingen.de\/wp-content\/uploads\/2020\/04\/IMG_20200328_124516-2048x1536.jpg 2048w\" sizes=\"auto, (max-width: 300px) 100vw, 300px\" \/><\/figure><\/li><li class=\"blocks-gallery-item\"><figure><img loading=\"lazy\" decoding=\"async\" width=\"300\" height=\"225\" src=\"https:\/\/rgzv-goettingen.de\/wp-content\/uploads\/2020\/04\/IMG_20200328_124452-300x225.jpg\" alt=\"\" data-id=\"288\" data-full-url=\"https:\/\/rgzv-goettingen.de\/wp-content\/uploads\/2020\/04\/IMG_20200328_124452-scaled.jpg\" data-link=\"https:\/\/rgzv-goettingen.de\/?attachment_id=288\" class=\"wp-image-288\" srcset=\"https:\/\/rgzv-goettingen.de\/wp-content\/uploads\/2020\/04\/IMG_20200328_124452-300x225.jpg 300w, https:\/\/rgzv-goettingen.de\/wp-content\/uploads\/2020\/04\/IMG_20200328_124452-1024x768.jpg 1024w, https:\/\/rgzv-goettingen.de\/wp-content\/uploads\/2020\/04\/IMG_20200328_124452-768x576.jpg 768w, https:\/\/rgzv-goettingen.de\/wp-content\/uploads\/2020\/04\/IMG_20200328_124452-1536x1152.jpg 1536w, https:\/\/rgzv-goettingen.de\/wp-content\/uploads\/2020\/04\/IMG_20200328_124452-2048x1536.jpg 2048w\" sizes=\"auto, (max-width: 300px) 100vw, 300px\" \/><\/figure><\/li><\/ul><figcaption class=\"blocks-gallery-caption\">Die Tiere von Eduard Reinecke<\/figcaption><\/figure>\n\n\n\n<p><strong>Cr\u00e8vecoeur<\/strong><\/p>\n\n\n\n<p>Diese H\u00fchnerrasse ist schon etwa 500 Jahre alt und wurde in der Normandie gez\u00fcchtet um die Pariser Gourmetk\u00fcche und auch den Sonnenk\u00f6nig Ludwig den XIV. mit Eiern und Fleisch zu versorgen. Sie fliegen quasi nicht und k\u00f6nnen schnell zahm \u2013 ja sogar anh\u00e4nglich- werden. Die Haube, der Bart und der V-f\u00f6rmige H\u00f6rnerkamm machen diese H\u00fchnerrasse einzigartig. Leider gibt es aktuell von diesen Tieren nur noch sehr wenige. In der Zuchttierbestandserfassung von 2019 sind weniger als 90 dieser H\u00fchner gemeldet. Die H\u00e4hne werden \u00fcber 3 kg schwer. Die Hennen legen gut 160 cremefarbige Eier \u00fcber das ganze Jahr verteilt.<\/p>\n\n\n\n<p>Auch in diesem Jahr hat unser 1. Vorsitzender Benedikt Sauer wieder Nachwuchs.<\/p>\n\n\n\n<figure class=\"wp-block-gallery columns-2 is-cropped wp-block-gallery-4 is-layout-flex wp-block-gallery-is-layout-flex\"><ul class=\"blocks-gallery-grid\"><li class=\"blocks-gallery-item\"><figure><img loading=\"lazy\" decoding=\"async\" width=\"315\" height=\"450\" src=\"https:\/\/rgzv-goettingen.de\/wp-content\/uploads\/2020\/04\/6-2.jpg\" alt=\"\" data-id=\"388\" data-full-url=\"https:\/\/rgzv-goettingen.de\/wp-content\/uploads\/2020\/04\/6-2.jpg\" data-link=\"https:\/\/rgzv-goettingen.de\/?attachment_id=388\" class=\"wp-image-388\" srcset=\"https:\/\/rgzv-goettingen.de\/wp-content\/uploads\/2020\/04\/6-2.jpg 315w, https:\/\/rgzv-goettingen.de\/wp-content\/uploads\/2020\/04\/6-2-210x300.jpg 210w\" sizes=\"auto, (max-width: 315px) 100vw, 315px\" \/><\/figure><\/li><li class=\"blocks-gallery-item\"><figure><img loading=\"lazy\" decoding=\"async\" width=\"464\" height=\"449\" src=\"https:\/\/rgzv-goettingen.de\/wp-content\/uploads\/2020\/04\/1-5.jpg\" alt=\"\" data-id=\"383\" data-full-url=\"https:\/\/rgzv-goettingen.de\/wp-content\/uploads\/2020\/04\/1-5.jpg\" data-link=\"https:\/\/rgzv-goettingen.de\/?attachment_id=383\" class=\"wp-image-383\" srcset=\"https:\/\/rgzv-goettingen.de\/wp-content\/uploads\/2020\/04\/1-5.jpg 464w, https:\/\/rgzv-goettingen.de\/wp-content\/uploads\/2020\/04\/1-5-300x290.jpg 300w\" sizes=\"auto, (max-width: 464px) 100vw, 464px\" \/><\/figure><\/li><\/ul><\/figure>\n","protected":false},"excerpt":{"rendered":"<p>Wegen der aktuellen CORONA-Lage, k\u00f6nnen wir die Schau leider nicht wie gewohnt abhalten. Dennoch wollen wir ein Angebot schaffen: Zu sehen sind einige ausgew\u00e4hlte Tiere der Austeller. Diese konnten auch \u00fcber eine Kontaktliste (war online verf\u00fcgbar) bestellt werden. Dieses Angebot ist nun aber vorbei. (Austellung zu Ende und Tiere vermittelt). Das \u00d6ko&#8211;Huhn von Morgen! Seit &hellip; <\/p>\n<p class=\"link-more\"><a href=\"https:\/\/rgzv-goettingen.de\/?page_id=75\" class=\"more-link\"><span class=\"screen-reader-text\">\u201eK\u00fckenschau 2020 &#8211; &#8222;Virtuell&#8220;\u201c <\/span>weiterlesen<\/a><\/p>\n","protected":false},"author":1,"featured_media":0,"parent":0,"menu_order":0,"comment_status":"closed","ping_status":"closed","template":"","meta":{"footnotes":""},"class_list":["post-75","page","type-page","status-publish","hentry"],"_links":{"self":[{"href":"https:\/\/rgzv-goettingen.de\/index.php?rest_route=\/wp\/v2\/pages\/75","targetHints":{"allow":["GET"]}}],"collection":[{"href":"https:\/\/rgzv-goettingen.de\/index.php?rest_route=\/wp\/v2\/pages"}],"about":[{"href":"https:\/\/rgzv-goettingen.de\/index.php?rest_route=\/wp\/v2\/types\/page"}],"author":[{"embeddable":true,"href":"https:\/\/rgzv-goettingen.de\/index.php?rest_route=\/wp\/v2\/users\/1"}],"replies":[{"embeddable":true,"href":"https:\/\/rgzv-goettingen.de\/index.php?rest_route=%2Fwp%2Fv2%2Fcomments&post=75"}],"version-history":[{"count":12,"href":"https:\/\/rgzv-goettingen.de\/index.php?rest_route=\/wp\/v2\/pages\/75\/revisions"}],"predecessor-version":[{"id":449,"href":"https:\/\/rgzv-goettingen.de\/index.php?rest_route=\/wp\/v2\/pages\/75\/revisions\/449"}],"wp:attachment":[{"href":"https:\/\/rgzv-goettingen.de\/index.php?rest_route=%2Fwp%2Fv2%2Fmedia&parent=75"}],"curies":[{"name":"wp","href":"https:\/\/api.w.org\/{rel}","templated":true}]}}