{"id":72,"date":"2020-04-07T21:10:20","date_gmt":"2020-04-07T21:10:20","guid":{"rendered":"http:\/\/rgzv-goettingen.de\/?page_id=72"},"modified":"2021-04-03T20:36:17","modified_gmt":"2021-04-03T20:36:17","slug":"leinetalshow-2018","status":"publish","type":"page","link":"https:\/\/rgzv-goettingen.de\/?page_id=72","title":{"rendered":"Leinetalschau 2018"},"content":{"rendered":"\n<p><strong>&nbsp;&nbsp;&nbsp;&nbsp;&nbsp;&nbsp;&nbsp;&nbsp;&nbsp;&nbsp;&nbsp;&nbsp;&nbsp; &nbsp;&nbsp;&nbsp;&nbsp;&nbsp;&nbsp;&nbsp;&nbsp;&nbsp;&nbsp;&nbsp;&nbsp;<u>250 Besucher kamen zur Ausstellung<\/u>&nbsp;&nbsp; &nbsp;&nbsp;&nbsp;<\/strong><\/p>\n\n\n\n<p>Das Wochenende vom 27.\/28.10. 2018 wurde wieder genutzt, um dem fachkundigen Publikum, sowie auch den interessierten H\u00fchnerhaltern unsere Leinetalgefl\u00fcgelschau zu pr\u00e4sentieren.<\/p>\n\n\n\n<p>In diesem Jahr, jedoch nicht wie in den vergangenen Jahren in Elliehausen im Gh. Berge, sondern erstmals im LGH in Lenglern, unserem neuen Vereinslokal, bei der auch schon am Karfreitag in diesem Jahr die Nieders\u00e4chsische Zuchtstamm und K\u00fckenschau ausgerichtet wurde.<\/p>\n\n\n\n<p>Hier erst einmal einen \u201eDank\u201c an die Mannschaft vom LGH , sowie nat\u00fcrlich auch an die Eigent\u00fcmer Herrn Hoffmann, sowie Horst Risting, dass sie unserem Verein erm\u00f6glicht haben, hier in Lenglern eine neue Heimat zu finden.<\/p>\n\n\n\n<p>Marcus Rode und Benedikt Sauer mit den Mitgliedern haben es wie schon bei der K\u00fckenschau verstanden, unsere Tiere nicht nur den beiden Preisrichtern, sondern auch werbewirksam den Besuchern zu pr\u00e4sentieren. Hier ebenfalls meinen Dank an die beiden, sowie nat\u00fcrlich auch an die vielen Freiwilligen in unserem Verein, die zum Gelingen beigetragen haben.<\/p>\n\n\n\n<p>Durch viele positive Aspekte ist es ein Gl\u00fcckgriff gewesen, dass auch der Aufbau der Schau\u00a0schneller erledigt werden kann. Nicht nur die vielen flei\u00dfigen H\u00e4nde, sondern auch die Boden und Lichtverh\u00e4ltnisse tragen dazu bei, dass die Ausstellung ins rechte Licht ger\u00fcckt werden konnte.<\/p>\n\n\n\n<p>Bei der Bewertung der Schau konnte von den Preisrichtern 3x die Note vorz\u00fcglich, sowie 7x die Note hervorragend vergeben werden. Das zeigt den durchaus hohen Rassewert unserer Tiere im Verein, bezogen auf 150 zu bewertende Tiere.<\/p>\n\n\n\n<p>&nbsp;Da an die 61. Leinetalgefl\u00fcgelschau erneut wieder, mittlerweile die 3. Verkaufsschau angeschlossen wurde, kamen noch einmal 100 Verkaufstiere hinzu.<\/p>\n\n\n\n<p>Hier geben die Z\u00fcchter Rassegefl\u00fcgel ab, die durch kleine Makel, wie Kammfehler oder Fehler in der Federstruktur nicht ausgestellt werden k\u00f6nnen.<\/p>\n\n\n\n<p>&nbsp;&nbsp;&nbsp;&nbsp;&nbsp;&nbsp;&nbsp;&nbsp;&nbsp;&nbsp;&nbsp;&nbsp;&nbsp;&nbsp;&nbsp;&nbsp;&nbsp;&nbsp;&nbsp;&nbsp;&nbsp;&nbsp;&nbsp;&nbsp;&nbsp;&nbsp;&nbsp;&nbsp;&nbsp;&nbsp;&nbsp;&nbsp;&nbsp;&nbsp;&nbsp;&nbsp;&nbsp;&nbsp;&nbsp;&nbsp;&nbsp; Die Mitglieder des RGZV freuen sich schon auf die<\/p>\n\n\n\n<p>&nbsp;&nbsp;&nbsp;&nbsp;&nbsp;&nbsp;&nbsp;&nbsp;&nbsp;&nbsp;&nbsp;&nbsp;&nbsp;&nbsp;&nbsp;&nbsp;&nbsp;&nbsp;&nbsp;&nbsp;&nbsp;&nbsp;&nbsp;&nbsp;&nbsp;&nbsp;&nbsp;&nbsp;&nbsp;&nbsp;&nbsp;&nbsp;&nbsp;&nbsp;&nbsp;&nbsp;&nbsp;&nbsp;&nbsp;&nbsp;&nbsp;&nbsp;&nbsp;<strong>Nieders\u00e4chsische Zuchtstamm und K\u00fckenschau<\/strong> &nbsp;&nbsp;&nbsp;&nbsp;am<\/p>\n\n\n\n<p>&nbsp;&nbsp;&nbsp;&nbsp;&nbsp;&nbsp;&nbsp;&nbsp;&nbsp;&nbsp;&nbsp;&nbsp;&nbsp;&nbsp;&nbsp;&nbsp;&nbsp;&nbsp;&nbsp;&nbsp;&nbsp;&nbsp;&nbsp;&nbsp;&nbsp;&nbsp;&nbsp;&nbsp;&nbsp;&nbsp;&nbsp;&nbsp;&nbsp;&nbsp;&nbsp;&nbsp;&nbsp;&nbsp;&nbsp;&nbsp;&nbsp;&nbsp;&nbsp;&nbsp;&nbsp;&nbsp;&nbsp;&nbsp;&nbsp;&nbsp;&nbsp;&nbsp;&nbsp;&nbsp;&nbsp;&nbsp;&nbsp;&nbsp;&nbsp;&nbsp;&nbsp;&nbsp;<strong>Karfreitag, den 19.04.2019<\/strong><\/p>\n\n\n\n<figure class=\"wp-block-gallery columns-2 is-cropped wp-block-gallery-1 is-layout-flex wp-block-gallery-is-layout-flex\"><ul class=\"blocks-gallery-grid\"><li class=\"blocks-gallery-item\"><figure><img loading=\"lazy\" decoding=\"async\" width=\"600\" height=\"450\" src=\"https:\/\/rgzv-goettingen.de\/wp-content\/uploads\/2020\/04\/1-4.jpg\" alt=\"\" data-id=\"379\" data-full-url=\"https:\/\/rgzv-goettingen.de\/wp-content\/uploads\/2020\/04\/1-4.jpg\" data-link=\"https:\/\/rgzv-goettingen.de\/?attachment_id=379\" class=\"wp-image-379\" srcset=\"https:\/\/rgzv-goettingen.de\/wp-content\/uploads\/2020\/04\/1-4.jpg 600w, https:\/\/rgzv-goettingen.de\/wp-content\/uploads\/2020\/04\/1-4-300x225.jpg 300w\" sizes=\"auto, (max-width: 600px) 100vw, 600px\" \/><\/figure><\/li><li class=\"blocks-gallery-item\"><figure><img loading=\"lazy\" decoding=\"async\" width=\"600\" height=\"450\" src=\"https:\/\/rgzv-goettingen.de\/wp-content\/uploads\/2020\/04\/2-4.jpg\" alt=\"\" data-id=\"380\" data-full-url=\"https:\/\/rgzv-goettingen.de\/wp-content\/uploads\/2020\/04\/2-4.jpg\" data-link=\"https:\/\/rgzv-goettingen.de\/?attachment_id=380\" class=\"wp-image-380\" srcset=\"https:\/\/rgzv-goettingen.de\/wp-content\/uploads\/2020\/04\/2-4.jpg 600w, https:\/\/rgzv-goettingen.de\/wp-content\/uploads\/2020\/04\/2-4-300x225.jpg 300w\" sizes=\"auto, (max-width: 600px) 100vw, 600px\" \/><\/figure><\/li><li class=\"blocks-gallery-item\"><figure><img loading=\"lazy\" decoding=\"async\" width=\"600\" height=\"450\" src=\"https:\/\/rgzv-goettingen.de\/wp-content\/uploads\/2020\/04\/3-3.jpg\" alt=\"\" data-id=\"381\" data-full-url=\"https:\/\/rgzv-goettingen.de\/wp-content\/uploads\/2020\/04\/3-3.jpg\" data-link=\"https:\/\/rgzv-goettingen.de\/?attachment_id=381\" class=\"wp-image-381\" srcset=\"https:\/\/rgzv-goettingen.de\/wp-content\/uploads\/2020\/04\/3-3.jpg 600w, https:\/\/rgzv-goettingen.de\/wp-content\/uploads\/2020\/04\/3-3-300x225.jpg 300w\" sizes=\"auto, (max-width: 600px) 100vw, 600px\" \/><\/figure><\/li><\/ul><\/figure>\n","protected":false},"excerpt":{"rendered":"<p>&nbsp;&nbsp;&nbsp;&nbsp;&nbsp;&nbsp;&nbsp;&nbsp;&nbsp;&nbsp;&nbsp;&nbsp;&nbsp; &nbsp;&nbsp;&nbsp;&nbsp;&nbsp;&nbsp;&nbsp;&nbsp;&nbsp;&nbsp;&nbsp;&nbsp;250 Besucher kamen zur Ausstellung&nbsp;&nbsp; &nbsp;&nbsp;&nbsp; Das Wochenende vom 27.\/28.10. 2018 wurde wieder genutzt, um dem fachkundigen Publikum, sowie auch den interessierten H\u00fchnerhaltern unsere Leinetalgefl\u00fcgelschau zu pr\u00e4sentieren. In diesem Jahr, jedoch nicht wie in den vergangenen Jahren in Elliehausen im Gh. Berge, sondern erstmals im LGH in Lenglern, unserem neuen Vereinslokal, bei der auch &hellip; <\/p>\n<p class=\"link-more\"><a href=\"https:\/\/rgzv-goettingen.de\/?page_id=72\" class=\"more-link\"><span class=\"screen-reader-text\">\u201eLeinetalschau 2018\u201c <\/span>weiterlesen<\/a><\/p>\n","protected":false},"author":1,"featured_media":0,"parent":0,"menu_order":0,"comment_status":"closed","ping_status":"closed","template":"","meta":{"footnotes":""},"class_list":["post-72","page","type-page","status-publish","hentry"],"_links":{"self":[{"href":"https:\/\/rgzv-goettingen.de\/index.php?rest_route=\/wp\/v2\/pages\/72","targetHints":{"allow":["GET"]}}],"collection":[{"href":"https:\/\/rgzv-goettingen.de\/index.php?rest_route=\/wp\/v2\/pages"}],"about":[{"href":"https:\/\/rgzv-goettingen.de\/index.php?rest_route=\/wp\/v2\/types\/page"}],"author":[{"embeddable":true,"href":"https:\/\/rgzv-goettingen.de\/index.php?rest_route=\/wp\/v2\/users\/1"}],"replies":[{"embeddable":true,"href":"https:\/\/rgzv-goettingen.de\/index.php?rest_route=%2Fwp%2Fv2%2Fcomments&post=72"}],"version-history":[{"count":4,"href":"https:\/\/rgzv-goettingen.de\/index.php?rest_route=\/wp\/v2\/pages\/72\/revisions"}],"predecessor-version":[{"id":538,"href":"https:\/\/rgzv-goettingen.de\/index.php?rest_route=\/wp\/v2\/pages\/72\/revisions\/538"}],"wp:attachment":[{"href":"https:\/\/rgzv-goettingen.de\/index.php?rest_route=%2Fwp%2Fv2%2Fmedia&parent=72"}],"curies":[{"name":"wp","href":"https:\/\/api.w.org\/{rel}","templated":true}]}}