{"id":71,"date":"2020-04-07T21:10:20","date_gmt":"2020-04-07T21:10:20","guid":{"rendered":"http:\/\/rgzv-goettingen.de\/?page_id=71"},"modified":"2020-04-09T21:46:58","modified_gmt":"2020-04-09T21:46:58","slug":"leinetalschau-2019","status":"publish","type":"page","link":"https:\/\/rgzv-goettingen.de\/?page_id=71","title":{"rendered":"Leinetalschau 2019"},"content":{"rendered":"\n<p><strong>62. Leinetalgefl\u00fcgelschau, 26. und 27.10.2019<\/strong><\/p>\n\n\n\n<p>Gefl\u00fcgel im eigenen Garten. Frust \u00fcber Lebensmittelskandale. Eigene Eier von gl\u00fccklichen H\u00fchner. Zorn \u00fcber das j\u00e4hrliche T\u00f6ten von 40 Millionen m\u00e4nnlichen Eintagsk\u00fcken in der industriellen Fleisch-produktion. Freude am Sozialleben der H\u00fchner. Entspannung und Abschalten beim Beobachten der eigenen H\u00fchnerherde. Erhalt von uralten H\u00fchnerrassen. Stichwort Biodiversit\u00e4t. Liebenswerte V\u00f6gel. Das Wunderbare im allt\u00e4glichen entdecken. Obst- und Gem\u00fcsereste nicht als Abfall entsorgen, sondern mittels H\u00fchner in Eier umwandeln. Verantwortung \u00fcbernehmen. Artgerechte Haltungsbedingungen schaffen. Im Verein Spa\u00df haben und neue Leute, vielleicht sogar neue Freunde, kennenlernen. Fehler machen um Erfahrung zu sammeln. Z\u00fcchten, K\u00fcken beim Schl\u00fcpfen und Wachsen zusehen. Eigene Einblicke in die Vererbungslehre erhalten.<\/p>\n\n\n\n<p>Das alles und noch mehr motiviert mich jeden Tag aufs Neue, wenn ich mich diesem wunderbaren -und f\u00fcr viele doch noch sonderbarem &#8211; Hobby der H\u00fchnerhaltung und Rassegefl\u00fcgelzucht widme.<\/p>\n\n\n\n<p>Fragen, Gespr\u00e4che und Diskussionen zu den oben genannten Themen sind in unserem Verein sehr willkommen. Sprechen Sie uns an!<\/p>\n\n\n\n<p>Ein HERZLICHER DANK an dieser Stelle geht an alle Aussteller der Leinetalgefl\u00fcgelschau 2019!<\/p>\n\n\n\n<p>Dr. Benedikt Sauer,<br>1. Vorsitzender RGZV G\u00f6ttingen Grone<\/p>\n\n\n\n<figure class=\"wp-block-gallery columns-3 is-cropped wp-block-gallery-1 is-layout-flex wp-block-gallery-is-layout-flex\"><ul class=\"blocks-gallery-grid\"><li class=\"blocks-gallery-item\"><figure><img loading=\"lazy\" decoding=\"async\" width=\"464\" height=\"449\" src=\"https:\/\/rgzv-goettingen.de\/wp-content\/uploads\/2020\/04\/1-5.jpg\" alt=\"\" data-id=\"383\" data-full-url=\"https:\/\/rgzv-goettingen.de\/wp-content\/uploads\/2020\/04\/1-5.jpg\" data-link=\"https:\/\/rgzv-goettingen.de\/?attachment_id=383\" class=\"wp-image-383\" srcset=\"https:\/\/rgzv-goettingen.de\/wp-content\/uploads\/2020\/04\/1-5.jpg 464w, https:\/\/rgzv-goettingen.de\/wp-content\/uploads\/2020\/04\/1-5-300x290.jpg 300w\" sizes=\"auto, (max-width: 464px) 100vw, 464px\" \/><\/figure><\/li><li class=\"blocks-gallery-item\"><figure><img loading=\"lazy\" decoding=\"async\" width=\"389\" height=\"450\" src=\"https:\/\/rgzv-goettingen.de\/wp-content\/uploads\/2020\/04\/2-5.jpg\" alt=\"\" data-id=\"384\" data-full-url=\"https:\/\/rgzv-goettingen.de\/wp-content\/uploads\/2020\/04\/2-5.jpg\" data-link=\"https:\/\/rgzv-goettingen.de\/?attachment_id=384\" class=\"wp-image-384\" srcset=\"https:\/\/rgzv-goettingen.de\/wp-content\/uploads\/2020\/04\/2-5.jpg 389w, https:\/\/rgzv-goettingen.de\/wp-content\/uploads\/2020\/04\/2-5-259x300.jpg 259w\" sizes=\"auto, (max-width: 389px) 100vw, 389px\" \/><\/figure><\/li><li class=\"blocks-gallery-item\"><figure><img loading=\"lazy\" decoding=\"async\" width=\"482\" height=\"450\" src=\"https:\/\/rgzv-goettingen.de\/wp-content\/uploads\/2020\/04\/3-4.jpg\" alt=\"\" data-id=\"385\" data-full-url=\"https:\/\/rgzv-goettingen.de\/wp-content\/uploads\/2020\/04\/3-4.jpg\" data-link=\"https:\/\/rgzv-goettingen.de\/?attachment_id=385\" class=\"wp-image-385\" srcset=\"https:\/\/rgzv-goettingen.de\/wp-content\/uploads\/2020\/04\/3-4.jpg 482w, https:\/\/rgzv-goettingen.de\/wp-content\/uploads\/2020\/04\/3-4-300x280.jpg 300w\" sizes=\"auto, (max-width: 482px) 100vw, 482px\" \/><\/figure><\/li><li class=\"blocks-gallery-item\"><figure><img loading=\"lazy\" decoding=\"async\" width=\"600\" height=\"369\" src=\"https:\/\/rgzv-goettingen.de\/wp-content\/uploads\/2020\/04\/4-3.jpg\" alt=\"\" data-id=\"386\" data-full-url=\"https:\/\/rgzv-goettingen.de\/wp-content\/uploads\/2020\/04\/4-3.jpg\" data-link=\"https:\/\/rgzv-goettingen.de\/?attachment_id=386\" class=\"wp-image-386\" srcset=\"https:\/\/rgzv-goettingen.de\/wp-content\/uploads\/2020\/04\/4-3.jpg 600w, https:\/\/rgzv-goettingen.de\/wp-content\/uploads\/2020\/04\/4-3-300x185.jpg 300w\" sizes=\"auto, (max-width: 600px) 100vw, 600px\" \/><\/figure><\/li><li class=\"blocks-gallery-item\"><figure><img loading=\"lazy\" decoding=\"async\" width=\"362\" height=\"450\" src=\"https:\/\/rgzv-goettingen.de\/wp-content\/uploads\/2020\/04\/5-2.jpg\" alt=\"\" data-id=\"387\" data-full-url=\"https:\/\/rgzv-goettingen.de\/wp-content\/uploads\/2020\/04\/5-2.jpg\" data-link=\"https:\/\/rgzv-goettingen.de\/?attachment_id=387\" class=\"wp-image-387\" srcset=\"https:\/\/rgzv-goettingen.de\/wp-content\/uploads\/2020\/04\/5-2.jpg 362w, https:\/\/rgzv-goettingen.de\/wp-content\/uploads\/2020\/04\/5-2-241x300.jpg 241w\" sizes=\"auto, (max-width: 362px) 100vw, 362px\" \/><\/figure><\/li><li class=\"blocks-gallery-item\"><figure><img loading=\"lazy\" decoding=\"async\" width=\"315\" height=\"450\" src=\"https:\/\/rgzv-goettingen.de\/wp-content\/uploads\/2020\/04\/6-2.jpg\" alt=\"\" data-id=\"388\" data-full-url=\"https:\/\/rgzv-goettingen.de\/wp-content\/uploads\/2020\/04\/6-2.jpg\" data-link=\"https:\/\/rgzv-goettingen.de\/?attachment_id=388\" class=\"wp-image-388\" srcset=\"https:\/\/rgzv-goettingen.de\/wp-content\/uploads\/2020\/04\/6-2.jpg 315w, https:\/\/rgzv-goettingen.de\/wp-content\/uploads\/2020\/04\/6-2-210x300.jpg 210w\" sizes=\"auto, (max-width: 315px) 100vw, 315px\" \/><\/figure><\/li><li class=\"blocks-gallery-item\"><figure><img loading=\"lazy\" decoding=\"async\" width=\"600\" height=\"144\" src=\"https:\/\/rgzv-goettingen.de\/wp-content\/uploads\/2020\/04\/Leinetalaustellung.jpg\" alt=\"\" data-id=\"172\" data-full-url=\"https:\/\/rgzv-goettingen.de\/wp-content\/uploads\/2020\/04\/Leinetalaustellung.jpg\" data-link=\"https:\/\/rgzv-goettingen.de\/?attachment_id=172\" class=\"wp-image-172\" srcset=\"https:\/\/rgzv-goettingen.de\/wp-content\/uploads\/2020\/04\/Leinetalaustellung.jpg 600w, https:\/\/rgzv-goettingen.de\/wp-content\/uploads\/2020\/04\/Leinetalaustellung-300x72.jpg 300w\" sizes=\"auto, (max-width: 600px) 100vw, 600px\" \/><\/figure><\/li><\/ul><\/figure>\n","protected":false},"excerpt":{"rendered":"<p>62. Leinetalgefl\u00fcgelschau, 26. und 27.10.2019 Gefl\u00fcgel im eigenen Garten. Frust \u00fcber Lebensmittelskandale. Eigene Eier von gl\u00fccklichen H\u00fchner. Zorn \u00fcber das j\u00e4hrliche T\u00f6ten von 40 Millionen m\u00e4nnlichen Eintagsk\u00fcken in der industriellen Fleisch-produktion. Freude am Sozialleben der H\u00fchner. Entspannung und Abschalten beim Beobachten der eigenen H\u00fchnerherde. Erhalt von uralten H\u00fchnerrassen. Stichwort Biodiversit\u00e4t. Liebenswerte V\u00f6gel. Das Wunderbare im &hellip; <\/p>\n<p class=\"link-more\"><a href=\"https:\/\/rgzv-goettingen.de\/?page_id=71\" class=\"more-link\"><span class=\"screen-reader-text\">\u201eLeinetalschau 2019\u201c <\/span>weiterlesen<\/a><\/p>\n","protected":false},"author":1,"featured_media":0,"parent":0,"menu_order":0,"comment_status":"closed","ping_status":"closed","template":"","meta":{"footnotes":""},"class_list":["post-71","page","type-page","status-publish","hentry"],"_links":{"self":[{"href":"https:\/\/rgzv-goettingen.de\/index.php?rest_route=\/wp\/v2\/pages\/71","targetHints":{"allow":["GET"]}}],"collection":[{"href":"https:\/\/rgzv-goettingen.de\/index.php?rest_route=\/wp\/v2\/pages"}],"about":[{"href":"https:\/\/rgzv-goettingen.de\/index.php?rest_route=\/wp\/v2\/types\/page"}],"author":[{"embeddable":true,"href":"https:\/\/rgzv-goettingen.de\/index.php?rest_route=\/wp\/v2\/users\/1"}],"replies":[{"embeddable":true,"href":"https:\/\/rgzv-goettingen.de\/index.php?rest_route=%2Fwp%2Fv2%2Fcomments&post=71"}],"version-history":[{"count":4,"href":"https:\/\/rgzv-goettingen.de\/index.php?rest_route=\/wp\/v2\/pages\/71\/revisions"}],"predecessor-version":[{"id":390,"href":"https:\/\/rgzv-goettingen.de\/index.php?rest_route=\/wp\/v2\/pages\/71\/revisions\/390"}],"wp:attachment":[{"href":"https:\/\/rgzv-goettingen.de\/index.php?rest_route=%2Fwp%2Fv2%2Fmedia&parent=71"}],"curies":[{"name":"wp","href":"https:\/\/api.w.org\/{rel}","templated":true}]}}