{"id":69,"date":"2020-04-07T21:10:20","date_gmt":"2020-04-07T21:10:20","guid":{"rendered":"http:\/\/rgzv-goettingen.de\/?page_id=69"},"modified":"2020-04-07T22:12:17","modified_gmt":"2020-04-07T22:12:17","slug":"ausstellungen","status":"publish","type":"page","link":"https:\/\/rgzv-goettingen.de\/?page_id=69","title":{"rendered":"Ausstellungen"},"content":{"rendered":"\n<p>Im Herbst findet dann die <strong>Leinetalgefl\u00fcgelschau<\/strong> statt. Hier zeigen die Z\u00fcchter ihre sch\u00f6nsten Tiere und lassen diese durch erfahrene Preisrichter bewerten. Zudem gibt es ebenfalls die Chance Tiere auf der angeschlossenen Verkaufsschau zu erwerben.<\/p>\n","protected":false},"excerpt":{"rendered":"<p>Im Herbst findet dann die Leinetalgefl\u00fcgelschau statt. Hier zeigen die Z\u00fcchter ihre sch\u00f6nsten Tiere und lassen diese durch erfahrene Preisrichter bewerten. Zudem gibt es ebenfalls die Chance Tiere auf der angeschlossenen Verkaufsschau zu erwerben.<\/p>\n","protected":false},"author":1,"featured_media":172,"parent":0,"menu_order":0,"comment_status":"closed","ping_status":"closed","template":"","meta":{"footnotes":""},"class_list":["post-69","page","type-page","status-publish","has-post-thumbnail","hentry"],"_links":{"self":[{"href":"https:\/\/rgzv-goettingen.de\/index.php?rest_route=\/wp\/v2\/pages\/69","targetHints":{"allow":["GET"]}}],"collection":[{"href":"https:\/\/rgzv-goettingen.de\/index.php?rest_route=\/wp\/v2\/pages"}],"about":[{"href":"https:\/\/rgzv-goettingen.de\/index.php?rest_route=\/wp\/v2\/types\/page"}],"author":[{"embeddable":true,"href":"https:\/\/rgzv-goettingen.de\/index.php?rest_route=\/wp\/v2\/users\/1"}],"replies":[{"embeddable":true,"href":"https:\/\/rgzv-goettingen.de\/index.php?rest_route=%2Fwp%2Fv2%2Fcomments&post=69"}],"version-history":[{"count":2,"href":"https:\/\/rgzv-goettingen.de\/index.php?rest_route=\/wp\/v2\/pages\/69\/revisions"}],"predecessor-version":[{"id":143,"href":"https:\/\/rgzv-goettingen.de\/index.php?rest_route=\/wp\/v2\/pages\/69\/revisions\/143"}],"wp:featuredmedia":[{"embeddable":true,"href":"https:\/\/rgzv-goettingen.de\/index.php?rest_route=\/wp\/v2\/media\/172"}],"wp:attachment":[{"href":"https:\/\/rgzv-goettingen.de\/index.php?rest_route=%2Fwp%2Fv2%2Fmedia&parent=69"}],"curies":[{"name":"wp","href":"https:\/\/api.w.org\/{rel}","templated":true}]}}