{"id":68,"date":"2020-04-07T21:10:20","date_gmt":"2020-04-07T21:10:20","guid":{"rendered":"http:\/\/rgzv-goettingen.de\/?page_id=68"},"modified":"2022-03-22T13:05:39","modified_gmt":"2022-03-22T13:05:39","slug":"geschichte","status":"publish","type":"page","link":"https:\/\/rgzv-goettingen.de\/?page_id=68","title":{"rendered":"Geschichte"},"content":{"rendered":"\n<p>Grone, ein nach Kriegsende d\u00f6rflich, l\u00e4ndlicher Ort unweit vom Stadtgebiet G\u00f6ttingen.<\/p>\n\n\n\n<p>Viele uns heute noch bekannte Z\u00fcchter wie Erich B\u00f6ker oder aber der 2015 verstorbene Ehrenvorsitzende Walter Ropeter waren Mitglieder des G\u00f6ttinger Gefl\u00fcgelzuchtvereins.<\/p>\n\n\n\n<p>Wie dem mir vorliegenden Gr\u00fcndungsprotokoll zu entnehmen ist, hatten die dem G\u00f6ttinger Verein angeh\u00f6renden Groner Z\u00fcchter den Wunsch auf einen eigenen Gefl\u00fcgelzuchtverein.<\/p>\n\n\n\n<p>Grund war zum Einen die zur damaligen Zeit &nbsp;beschwerliche Anreise zu den jeweiligen Monatsversammlungen nach G\u00f6ttingen, sowie auch, da es sich zu dieser Zeit &nbsp;um Nebenerwerbslandwirte handelte, die Zeit die oft fehlte, wenn man nach getaner Arbeit seiner Nebenerwerbslandwirtschaft nachging, um an den Versammlungen teilzunehmen.<\/p>\n\n\n\n<p>Diese beiden Gr\u00fcnde waren aber nur auf dem Papier des lieben Friedens halbe als Grund angegeben.<\/p>\n\n\n\n<p>Wie ich durch Gespr\u00e4che mit Zuchtfreund Ropeter, sowie mit dem allseits bekannten und ebenfalls aus dem G\u00f6ttinger Verein stammende Zuchtfreund Egon Bunzendahl und nicht zuletzt von Gespr\u00e4chen mit unserem Ehrenzuchtwart G\u00fcnter Dohrmann in Erfahrung bringen konnte, war der Hauptgrund scheinbar un\u00fcberwindbare Meinungsverschiedenheiten mit dem Vorstand des G\u00f6ttinger Vereins.<\/p>\n\n\n\n<p>In der am 15. Mai 1950 im Gasthaus Grabe stattgefundenen&nbsp;Zusammenkunft wurde Zuchtfreund Menke der Auftrag erteilt, einen Antrag auszuarbeiten zur Gr\u00fcndung eines Vereins.<\/p>\n\n\n\n<p>Dieser Antrag wurde dem Landesverband Hannoverscher Rassegefl\u00fcgelz\u00fcchter \u00fcbermittelt.<\/p>\n\n\n\n<p>Der Verein sollte k\u00fcnftig den Namen&nbsp;<\/p>\n\n\n\n<p><strong>&nbsp;&nbsp;&nbsp;&nbsp;&nbsp;&nbsp;&nbsp;&nbsp;&nbsp;&nbsp;&nbsp;&nbsp;&nbsp;&nbsp;&nbsp;&nbsp;&nbsp;&nbsp;&nbsp;&nbsp;&nbsp;&nbsp;&nbsp; &nbsp;\u201eVereins f\u00fcr Rassegefl\u00fcgelzucht von 1950 Grone G\u00f6ttingen\u201c&nbsp; <\/strong>tragen.<\/p>\n\n\n\n<p>Als Gr\u00fcndungsdatum wurde der <strong>15.05.1950<\/strong> eingetragen.<\/p>\n\n\n\n<p>Von den insgesamt 25 Gr\u00fcndungsmitgliedern befinden sich noch heute Nachfahren in unseren Reihen. So z.b. vom damaligen Gr\u00fcndungsvorsitzenden Karl Thielb\u00f6rger und Erich S\u00f6der.<\/p>\n\n\n\n<p>Ebenfalls Gr\u00fcndungsmitglieder des Groner Vereins waren u.a. Erich B\u00f6ker, sowie Walter Ropeter.<\/p>\n\n\n\n<p>Den mir vorliegenden Protokollen der Versammlungen konnte ich schnell entnehmen, dass gerade in den Anfangsjahren die Z\u00fcchter Erich B\u00f6ker und Walter Ropeter, die im Positiven treibenden Kr\u00e4fte waren, den Groner Verein voranzubringen. Dieses sprach sich im G\u00f6ttinger Verein herum und es dauerte nicht lange bis die G\u00f6ttinger Zuchtfreunde dem Groner Verein beitraten.<\/p>\n\n\n\n<p>Letztendlich l\u00f6ste sich der G\u00f6ttinger Verein auf.<\/p>\n\n\n\n<p>Gr\u00fcndungsmitglieder einer ebenfalls in den 50er Jahren gegr\u00fcndeten Jugendgruppe des Vereins waren u.a. die Zuchtfreunde Heinz Eckhardt und Wolfgang Moritz.<\/p>\n\n\n\n<p>Wie mir Zuchtfreund Eckhardt berichtete, nahm auch er einen vom Verein gew\u00e4hrten Kredit in Anspruch um sich die von ihm liebgewonnene Rasse kaufen zu k\u00f6nnen.&nbsp;<\/p>\n\n\n\n<p>Diesen \u201eKredit\u201c mussten die Jungz\u00fcchter dann w\u00f6chentlich durch ihr geringes Taschengeld zur\u00fcckzahlen.<\/p>\n\n\n\n<p>Viele interessante und vielseitige Ausstellungen hat unser Verein hervorgebracht. So k\u00f6nnen wir nach 65 Jahren in&nbsp;2015 unsere mittlerweile 58. Leinetalgefl\u00fcgelschau ausrichten.<\/p>\n\n\n\n<p>Ebenfalls weit \u00fcber die Grenzen G\u00f6ttingens hinaus, richten die Groner Z\u00fcchterinnen und Z\u00fcchter unterst\u00fctzt von auswertigen Zuchtfreunden,&nbsp;j\u00e4hrlich am Karfreitag unsere Nieders\u00e4chsische Zuchtstamm und K\u00fckenschau, in diesem Jahr bereits die 51., aus.<\/p>\n\n\n\n<p>Aber auch Kreisverbandsschauen des KV S\u00fcdhannover, KVJ Schauen unseres KV. Zuchtwartetagungen und Schulungen unseres KV, LVJ &nbsp;Schauen des Landesverbandes Hannover und sogar eine Bundestagung des BDRG wurden von den Mitgliedern getragen.<\/p>\n\n\n\n<p>Der Kreisverband S\u00fcdhannover, dem wir ebenfalls angeh\u00f6ren, besteht aus insgesamt 16 Vereinen.<\/p>\n\n\n\n<p>Der RGZV G\u00f6ttingen Grone ist der Mitglieder st\u00e4rkste Verein.<\/p>\n\n\n\n<p>In den 65 Jahren des Vereins hat sicher jeder Vorsitzende sein m\u00f6glichtest versucht, den Verein im Rahmen seiner M\u00f6glichkeiten voranzubringen und seinen Stempel aufzudr\u00fccken.<\/p>\n\n\n\n<p>Seit ich die Geschicke des Vereins seit 2012 als 1. Vorsitzender mit bestimmen darf, lag mein pers\u00f6nliches Ansinnen in erster Linie auf unser Hobby, den damit verbundenen Kontakten zu allen Z\u00fcchterinnen und Z\u00fcchtern und der \u00d6ffentlichkeitsarbeit.<\/p>\n\n\n\n<p>Dieses zahlte sich meiner Meinung nach dahingehend auch aus, da wir seit Februar 2012 insgesamt&nbsp;28 Neuaufnahmen zu verzeichnen haben.<\/p>\n\n\n\n<p>Unser Verein besteht im Moment aus 53 M\u00e4nner \u2013 22 Frauen und 10 Jungz\u00fcchtern.<\/p>\n\n\n\n<p>Am 06.04.2014 war es dann endlich soweit. Unsere zuk\u00fcnftige Internetbeauftragte Stefanie Hartwig verschickte per Mausklick den von der JHV genehmigten Antrag an den Anbieter Strato zur Erstellung einer Vereinseigenen Homepage.<\/p>\n\n\n\n<p>Gerade der Umgang mit den \u201e neuen \u201c Medien, sprich Internet, er\u00f6ffnet hier ungeahnte M\u00f6glichkeiten und ist wichtiger denn je. Seit 2012 hat sich in 16 verschiedensten Aktivit\u00e4ten der Verein der \u00d6ffentlichkeit pr\u00e4sentiert. Ob es nun am Ostersonntag beim Kindergottesdienst in einer G\u00f6ttinger Kirche, dem B\u00fcrgerfest in Gone, der Groner Kirmes oder in Kindertagesst\u00e4tten war, immer haben Mitglieder des Vereins versucht, unseren Verein positiv darzustellen.<\/p>\n\n\n\n<p>Nun hat jeder die M\u00f6glichkeiten weltweit sich \u00fcber unseren Verein zu informieren.<\/p>\n\n\n\n<p>Das aber auch ein Wandel \u00fcber die Art und Weise unser lebendiges Hobby auszuleben stattgefunden hat, ist aber auch an unserem Verein nicht spurlos vor\u00fcbergegangen.<\/p>\n\n\n\n<p>Seit ich pers\u00f6nlich 1997 in diesem Verein eingetreten bin habe ich dieses Umdenken hautnah miterlebt. Waren es bei meinen Anf\u00e4ngen in den ersten Vereinsjahren noch die \u201e alten \u201e Z\u00fcchter, die das gro\u00dfe Augenmerk auf die Zucht und die Erringung von Preisen als oberste Priorit\u00e4t ansahen, so ist heute der Umgang mit den Tieren, vor allem aber die gesunde Ern\u00e4hrung f\u00fcr viele interessant geworden. Hier kann sich auch unser Verein \u201e normalen \u201c H\u00fchnerfreunden &nbsp;nicht verweigern.<\/p>\n\n\n\n<p>Wer Interesse hat an der Haltung, Zucht und Pflege von Rassegefl\u00fcgel in Form von H\u00fchner \u2013 Zwerg H\u00fchner \u2013 Tauben \u2013 Enten oder G\u00e4nse, ist in unseren Reihen herzlich willkommen.<\/p>\n\n\n\n<p>Wir treffen und an jedem 2. Dienstag im Monat um 19.00 Uhr im Gh. Berge im G\u00f6ttinger Stadtteil Elliehausen.<\/p>\n\n\n\n<p>Harmonie in unserem Verein ist dabei oberstes Gebot. Deshalb beende ich als Vorsitzender manche Versammlung mit den Worten:<\/p>\n\n\n\n<p><strong>&nbsp;&nbsp;&nbsp;&nbsp;&nbsp;&nbsp;&nbsp;&nbsp;&nbsp;&nbsp;&nbsp;&nbsp;&nbsp;&nbsp;&nbsp;&nbsp;&nbsp;&nbsp;&nbsp;&nbsp;&nbsp;&nbsp;&nbsp;&nbsp;&nbsp; \u201e M\u00f6ge jeder seinen rechten und linken Nachbarn so behandeln,<\/strong><\/p>\n\n\n\n<p><strong>&nbsp;&nbsp;&nbsp;&nbsp;&nbsp;&nbsp;&nbsp;&nbsp;&nbsp;&nbsp;&nbsp;&nbsp;&nbsp;&nbsp;&nbsp;&nbsp;&nbsp;&nbsp;&nbsp;&nbsp;&nbsp;&nbsp;&nbsp;&nbsp;&nbsp;&nbsp;&nbsp;&nbsp;&nbsp;&nbsp;&nbsp;&nbsp;&nbsp;&nbsp;&nbsp;&nbsp;&nbsp;&nbsp;&nbsp;&nbsp;&nbsp;&nbsp;&nbsp;&nbsp;&nbsp;&nbsp;&nbsp; wie er selbst behandelt werden m\u00f6chte!\u201c<\/strong><\/p>\n\n\n\n<p>Mit z\u00fcchterischem Gru\u00df<\/p>\n\n\n\n<p>Siegfried Machemehl (1. Vorsitzender bis 2019)<\/p>\n\n\n\n<h3 class=\"wp-block-heading\">und hier als Erg\u00e4nzung die Geschichte des alten G\u00f6ttinger Vereins:<\/h3>\n\n\n\n<p>Bovenden, Harste 15.03.2016<\/p>\n\n\n\n<p><strong>&nbsp;&nbsp;&nbsp;&nbsp;&nbsp;&nbsp;&nbsp;&nbsp;&nbsp;&nbsp;&nbsp;&nbsp;&nbsp;&nbsp;&nbsp;&nbsp;&nbsp;&nbsp;&nbsp;&nbsp;&nbsp;&nbsp;&nbsp;&nbsp;&nbsp;&nbsp;&nbsp;&nbsp;&nbsp;&nbsp;&nbsp;&nbsp;&nbsp;&nbsp;&nbsp;&nbsp;&nbsp;&nbsp;&nbsp;&nbsp;&nbsp;&nbsp;&nbsp;&nbsp;&nbsp;&nbsp;&nbsp;&nbsp;&nbsp;&nbsp;&nbsp;&nbsp;&nbsp;&nbsp;&nbsp;&nbsp;&nbsp;&nbsp;&nbsp;&nbsp;&nbsp;&nbsp;&nbsp;&nbsp;&nbsp;&nbsp; &nbsp;<u>Vorwort<\/u><\/strong><\/p>\n\n\n\n<p>Bedanken m\u00f6chte ich mich auf diesem Wege beim Stadtarchiv G\u00f6ttingen, &nbsp;vertreten durch Herrn Kohlstedt, sowie beim Ehrenmitglied des RGZV G\u00f6ttingen Grone Zuchtfreund Heinz Eckhardt f\u00fcr die Unterst\u00fctzung zum erstellen dieser Niederschrift.<\/p>\n\n\n\n<p>Da die ersten Aufzeichnungen meiner pers\u00f6nlichen Sichtung im Stadtarchiv G\u00f6ttingen aus dem Jahre 1873 und in Altdeutscher Schrift handschriftlich verfasst wurden und eine pers\u00f6nliche Handschrift bei jedem individuell ist, ist es fast unm\u00f6glich den genauen Wortlaut ins Lateinische zu \u00fcbersetzen. Ich bitte deshalb um Verst\u00e4ndnis.<\/p>\n\n\n\n<p>Laut den, als Kopie mir vorliegenden, Aufzeichnungen kann man den 14.01.1873 als Gr\u00fcndungstag f\u00fcr den nachfolgend erw\u00e4hnten Verein benennen.<\/p>\n\n\n\n<p>Dieser Verein trug den im Register eingetragenen Namen<\/p>\n\n\n\n<p>&nbsp;&nbsp;&nbsp;&nbsp;&nbsp;&nbsp;&nbsp;&nbsp;&nbsp;&nbsp;&nbsp;&nbsp;&nbsp;&nbsp;&nbsp;&nbsp;&nbsp;&nbsp;&nbsp;&nbsp;&nbsp;&nbsp;&nbsp;&nbsp;&nbsp; <strong>Verein f\u00fcr Rassegefl\u00fcgel und Singvogelzucht in G\u00f6ttingen<\/strong><\/p>\n\n\n\n<p>Sinn und Zweck dieses Vereins hatte einen rein landwirtschaftlichen Aspekt.<\/p>\n\n\n\n<p>Zur Erreichung dieses Zwecks sollen vornehmlich dienen:<\/p>\n\n\n\n<p>1. Ausstellung und Pr\u00e4mierung von Gefl\u00fcgel und Singv\u00f6gel, sowie Verlosung von Tieren.<\/p>\n\n\n\n<p>2. Ankauf bew\u00e4hrter St\u00e4mme von Gefl\u00fcgel und Versteigerung derselben unter den<\/p>\n\n\n\n<p>&nbsp;&nbsp;&nbsp; Vereinsmitglieder.<\/p>\n\n\n\n<p>3. Einrichtung von M\u00e4rkten f\u00fcr gem\u00e4stetes Gefl\u00fcgel und Eier verbunden mit Pr\u00e4mierung der besten&nbsp;<\/p>\n\n\n\n<p>&nbsp;&nbsp;&nbsp; ausgestellten Exemplare.&nbsp;&nbsp;&nbsp;&nbsp;&nbsp;&nbsp;&nbsp;&nbsp;&nbsp;&nbsp;&nbsp;&nbsp;&nbsp;&nbsp;&nbsp;&nbsp;&nbsp;&nbsp;&nbsp;&nbsp;&nbsp;&nbsp;&nbsp;&nbsp;&nbsp;&nbsp;&nbsp;&nbsp;&nbsp;&nbsp;&nbsp;&nbsp;&nbsp;&nbsp;&nbsp;&nbsp;&nbsp;&nbsp;&nbsp;&nbsp;&nbsp;&nbsp;&nbsp;&nbsp;&nbsp;&nbsp;&nbsp;<\/p>\n\n\n\n<p>Die Mitgliedschaft in diesem Verein konnte jedermann beantragen, gleichg\u00fcltig ob er Gefl\u00fcgel oder Singv\u00f6gel z\u00fcchtet. Er musste nur das Interesse an diesem Verein m\u00fcndlich oder schriftlich dem Sekret\u00e4r bekunden. Nach Beratung des Vorstandes wurde dann durch den Schatzmeister die \u201eBeitrittskarte\u201c angefertigt.<\/p>\n\n\n\n<p>Man versammelte sich allw\u00f6chentlich montags um 8 Uhr abends&nbsp;in dem von Herrn Marwedel dem Vereine zur Disposition bereitgestellten Lokale zur Besprechung von Vereinsangelegenheiten.<\/p>\n\n\n\n<p>Das Erscheinen der Mitglieder war erw\u00fcnscht, jedoch v\u00f6llig zwanglos.<\/p>\n\n\n\n<p>Als wohl den damaligen 1. Vorsitzenden dieses Vereins kann man, da er des \u00d6fteren die Niederschriften gegen gezeichnet hat, einen gewissen Oberleutnant R\u00f6ttger benennen.<\/p>\n\n\n\n<p>Einen Zusammenschluss, \u00e4hnlich unseres heutigen bestehenden KV S\u00fcdhannover, gab es zur damaligen Zeit noch nicht.&nbsp;Man kann aber diesen G\u00f6ttinger Verein als den \u00e4ltesten Verein in unserer Region bezeichnen, gefolgt von den Vereinen nach ihrer Gr\u00fcndung<\/p>\n\n\n\n<p>GZV Duderstadt ( 1881)<\/p>\n\n\n\n<p>GZV Northeim&nbsp;&nbsp; ( 1889)<\/p>\n\n\n\n<p>GZV Osterode&nbsp;&nbsp;&nbsp; ( 1890)<\/p>\n\n\n\n<p>Sicherlich trugen die Umst\u00e4nde des 1. Weltkrieges (1914 \u2013 1918)&nbsp;nicht unerheblich dazu bei, dass sich dieser G\u00f6ttinger Verein anders orientieren musste.<\/p>\n\n\n\n<p>Die Sparte der Singvogelgruppe spaltete sich ab und es entstanden im G\u00f6ttinger Stadtgebiet zwei \u201eneue\u201c unabh\u00e4ngig voneinander konkurrierende Vereine von Vogelliebhabern.<\/p>\n\n\n\n<p>Zum einen der 1889 gegr\u00fcndete Verein \u201eGut Hohl\u201c der im Deutschen Kanarienbund (DKB) organisiert ist und zum Anderen der \u201e A \u2013 Z \u201e Ortsgruppe G\u00f6ttingen. Eine Ortsgruppe&nbsp;der Vereinigung f\u00fcr Artenschutz, Vogelhaltung und Vogelzucht (AZ) e.V.<\/p>\n\n\n\n<p>Beide Vereine k\u00f6nnen auf eine lange Tradition zur\u00fcckblicken, jedoch wurden beide Vereine gezwungen durch einen massiven Mitgliederschwund, sich im Jahre 2012 zusammenzuschlie\u00dfen.&nbsp;<\/p>\n\n\n\n<p>Die Rassegefl\u00fcgelz\u00fcchter nahmen dieses ebenfalls zum Anlass eine Neuorientierung durchzuf\u00fchren. Man beschloss im Jahre 1922 diesen G\u00f6ttingen Verein umzubenennen.<\/p>\n\n\n\n<p>Fortan sollte dieser Verein den Namen<\/p>\n\n\n\n<p>&nbsp;&nbsp;&nbsp;&nbsp;&nbsp;&nbsp;&nbsp;&nbsp;&nbsp;&nbsp;&nbsp;&nbsp;&nbsp;&nbsp;&nbsp;&nbsp;&nbsp;&nbsp;&nbsp;&nbsp;&nbsp;&nbsp;&nbsp;&nbsp;&nbsp;&nbsp; <strong>Verein f\u00fcr Gefl\u00fcgelzucht in G\u00f6ttingen und Umgebung&nbsp;&nbsp;&nbsp;&nbsp;&nbsp;&nbsp;&nbsp; <\/strong>tragen.<\/p>\n\n\n\n<p>Als 1. Vorsitzender wird hier ein in G\u00f6ttingen in der Go\u00dflerstrasse wohnhafter&nbsp;gewisser<\/p>\n\n\n\n<p>Dr. Reinbrecht benannt.<\/p>\n\n\n\n<p>Ausstellungen fanden in den Anfangsjahren, wie zu erlesen ist, immer im G\u00f6ttinger Stadtpark statt. Das Geb\u00e4ude am G\u00f6ttinger Stadtpark wurde nach dem 2. Weltkrieg abgerissen. An dessen Stelle steht heute die G\u00f6ttinger Stadthalle. Der Stadtpark erstreckte sich von der heutigen Stadthalle bis zur Albanikirche.<\/p>\n\n\n\n<p>Hierf\u00fcr wurde j\u00e4hrlich eine finanzielle Geldspende von der Stadt G\u00f6ttingen erbeten um die Ausstellung durchf\u00fchren zu k\u00f6nnen. Diese wurde auch in H\u00f6he von 50 RM (Reichsmark) genehmigt und lag zur Abholung beim Stadtk\u00e4mmerer bereit.<\/p>\n\n\n\n<p>Im Gegenzug erlaubte sich der Verein einige Freikarten den Magistraten der Stadt G\u00f6ttingen zur Verf\u00fcgung zu stellen.<\/p>\n\n\n\n<p>Hier kommt man schon fast ins \u201e schmunzeln \u201e wenn man ein Schreiben vom 29.08.1929 liest, dass sich der Gefl\u00fcgelzuchtverein \u201e ergebenst bittet \u201e&nbsp;dass auch die bevorstehende Ausstellung wieder finanziell von der Stadt unterst\u00fctzt wird. Hier bedankt man sich im Voraus f\u00fcr das freundliche Entgegenkommen und man gibt sich zugleich die Ehre, den Magistrat zur Er\u00f6ffnung der Ausstellung, welche am Sonnabend, den 12. Oktober morgens um 10 Uhr stattfindet, ergebenst einzuladen.<\/p>\n\n\n\n<p>Ein wie ich finde feiner Umgangston.<\/p>\n\n\n\n<p>Dieser G\u00f6ttinger Gefl\u00fcgelzuchtverein l\u00f6ste sich 1954 komplett auf.<\/p>\n\n\n\n<p>Abschlie\u00dfend dieser kleinen Chronik m\u00f6chte ich einen rein pers\u00f6nlichen Gedankengang einbringen. &nbsp;<\/p>\n\n\n\n<p>Der uns heute bekannte Rassegefl\u00fcgelzuchtverein (RGZV) G\u00f6ttingen Grone mit dem Gr\u00fcndungsjahr 1950, ist wie bekannt durch Mitglieder des 1922 gegr\u00fcndeten G\u00f6ttinger Vereins f\u00fcr Gefl\u00fcgelzucht entstanden.<\/p>\n\n\n\n<p>Da dieser wiederum seinen Ursprung im Jahre 1873 hat, darf man, so glaube ich, ruhig und stolz behaupten, das der<\/p>\n\n\n\n<p>&nbsp;&nbsp;&nbsp;&nbsp;&nbsp;&nbsp;&nbsp;&nbsp;&nbsp;&nbsp;&nbsp;&nbsp;&nbsp;&nbsp;&nbsp;&nbsp;&nbsp; &nbsp;&nbsp;&nbsp;&nbsp;&nbsp;&nbsp;&nbsp;&nbsp;&nbsp;&nbsp;&nbsp;&nbsp;&nbsp;&nbsp;&nbsp;&nbsp;&nbsp;&nbsp;&nbsp;&nbsp;&nbsp;&nbsp;&nbsp;&nbsp;&nbsp;&nbsp;&nbsp;&nbsp;&nbsp;&nbsp;&nbsp;&nbsp;&nbsp;&nbsp;&nbsp;\u201eRGZV G\u00f6ttingen Grone&#8220;&nbsp;der \u201eEnkel\u201c&nbsp;vom<\/p>\n\n\n\n<p>&nbsp;&nbsp;&nbsp;&nbsp;&nbsp;&nbsp;&nbsp;&nbsp;&nbsp;&nbsp;&nbsp;&nbsp;&nbsp;&nbsp;&nbsp;&nbsp;&nbsp;&nbsp;&nbsp;&nbsp;&nbsp;&nbsp;&nbsp;&nbsp; Verein f\u00fcr Rassegefl\u00fcgel und Singvogelzucht in G\u00f6ttingen&nbsp;ist.<\/p>\n\n\n\n<p>Siegfried Machemehl (1. Vorsitzender bis 2019)<\/p>\n","protected":false},"excerpt":{"rendered":"<p>Grone, ein nach Kriegsende d\u00f6rflich, l\u00e4ndlicher Ort unweit vom Stadtgebiet G\u00f6ttingen. Viele uns heute noch bekannte Z\u00fcchter wie Erich B\u00f6ker oder aber der 2015 verstorbene Ehrenvorsitzende Walter Ropeter waren Mitglieder des G\u00f6ttinger Gefl\u00fcgelzuchtvereins. Wie dem mir vorliegenden Gr\u00fcndungsprotokoll zu entnehmen ist, hatten die dem G\u00f6ttinger Verein angeh\u00f6renden Groner Z\u00fcchter den Wunsch auf einen eigenen Gefl\u00fcgelzuchtverein. &hellip; <\/p>\n<p class=\"link-more\"><a href=\"https:\/\/rgzv-goettingen.de\/?page_id=68\" class=\"more-link\"><span class=\"screen-reader-text\">\u201eGeschichte\u201c <\/span>weiterlesen<\/a><\/p>\n","protected":false},"author":1,"featured_media":755,"parent":0,"menu_order":0,"comment_status":"closed","ping_status":"closed","template":"","meta":{"footnotes":""},"class_list":["post-68","page","type-page","status-publish","has-post-thumbnail","hentry"],"_links":{"self":[{"href":"https:\/\/rgzv-goettingen.de\/index.php?rest_route=\/wp\/v2\/pages\/68","targetHints":{"allow":["GET"]}}],"collection":[{"href":"https:\/\/rgzv-goettingen.de\/index.php?rest_route=\/wp\/v2\/pages"}],"about":[{"href":"https:\/\/rgzv-goettingen.de\/index.php?rest_route=\/wp\/v2\/types\/page"}],"author":[{"embeddable":true,"href":"https:\/\/rgzv-goettingen.de\/index.php?rest_route=\/wp\/v2\/users\/1"}],"replies":[{"embeddable":true,"href":"https:\/\/rgzv-goettingen.de\/index.php?rest_route=%2Fwp%2Fv2%2Fcomments&post=68"}],"version-history":[{"count":7,"href":"https:\/\/rgzv-goettingen.de\/index.php?rest_route=\/wp\/v2\/pages\/68\/revisions"}],"predecessor-version":[{"id":757,"href":"https:\/\/rgzv-goettingen.de\/index.php?rest_route=\/wp\/v2\/pages\/68\/revisions\/757"}],"wp:featuredmedia":[{"embeddable":true,"href":"https:\/\/rgzv-goettingen.de\/index.php?rest_route=\/wp\/v2\/media\/755"}],"wp:attachment":[{"href":"https:\/\/rgzv-goettingen.de\/index.php?rest_route=%2Fwp%2Fv2%2Fmedia&parent=68"}],"curies":[{"name":"wp","href":"https:\/\/api.w.org\/{rel}","templated":true}]}}