{"id":67,"date":"2020-04-07T21:10:20","date_gmt":"2020-04-07T21:10:20","guid":{"rendered":"http:\/\/rgzv-goettingen.de\/?page_id=67"},"modified":"2022-03-22T13:02:46","modified_gmt":"2022-03-22T13:02:46","slug":"mitglied-werden","status":"publish","type":"page","link":"https:\/\/rgzv-goettingen.de\/?page_id=67","title":{"rendered":"Mitglied werden"},"content":{"rendered":"\n<p>Sch\u00f6n, dass Sie sich f\u00fcr eine Mitgliedschaft in unseren Verein interessieren! Tauschen Sie sich mit Gleichgesinnten aus, erweitern Sie ihr (Fach-)wissen und erhalten sie n\u00fctzliche Tipps.<\/p>\n\n\n\n<p>Wir freuen uns immer \u00fcber neue engagierte Mitglieder! Denn der Verein kann nur funktionieren, wenn wir ihn aktiv gestalten und mit Leben f\u00fcllen. Das gilt z.B. f\u00fcr unsere Ausstellungen, das Sommerfest, die Jugendgruppe und die monatlichen Versammlungen. Interessieren Sie sich hingegen nur f\u00fcr eine M\u00f6glichkeit die gesetzliche Pflicht-Impfung gegen die Newcastle Krankheit durchf\u00fchren zu k\u00f6nnen, finden Sie hier Infos: <a href=\"https:\/\/rgzv-goettingen.de\/?page_id=76\">Impfung Newcastle<\/a> <\/p>\n\n\n\n<p>Als Rassegefl\u00fcgelzuchtverein, denn daf\u00fcr steht das RGZV in unserem Namen, schl\u00e4gt unser Herz f\u00fcr <strong>Rassegefl\u00fcgel <\/strong>und nicht f\u00fcr die Lege- und Hobbyhybriden der industriellen Tierproduktion. Wir wollen die Vielfalt erhalten und f\u00f6rdern gem\u00e4\u00df unserer Satzung die Zucht als altes Kulturgut genauso wie die artgerechte Haltung von Rassegefl\u00fcgel wie H\u00fchner, Tauben, Wachteln, G\u00e4nse, Enten oder Ziergefl\u00fcgel.<\/p>\n\n\n\n<p>Wenn Sie sich angesprochen f\u00fchlen und unsere Ziele teilen, freuen wir uns \u00fcber eine Nachricht und kurze Vorstellung. Melden Sie sich dazu bitte bei unserer 2. Vorsitzenden Sonja Voget unter: <a href=\"mailto:info@rgzv-goettingen.de\">info@rgzv-goettingen.de<\/a><\/p>\n","protected":false},"excerpt":{"rendered":"<p>Sch\u00f6n, dass Sie sich f\u00fcr eine Mitgliedschaft in unseren Verein interessieren! Tauschen Sie sich mit Gleichgesinnten aus, erweitern Sie ihr (Fach-)wissen und erhalten sie n\u00fctzliche Tipps. Wir freuen uns immer \u00fcber neue engagierte Mitglieder! Denn der Verein kann nur funktionieren, wenn wir ihn aktiv gestalten und mit Leben f\u00fcllen. Das gilt z.B. f\u00fcr unsere Ausstellungen, &hellip; <\/p>\n<p class=\"link-more\"><a href=\"https:\/\/rgzv-goettingen.de\/?page_id=67\" class=\"more-link\"><span class=\"screen-reader-text\">\u201eMitglied werden\u201c <\/span>weiterlesen<\/a><\/p>\n","protected":false},"author":1,"featured_media":755,"parent":0,"menu_order":0,"comment_status":"closed","ping_status":"closed","template":"","meta":{"footnotes":""},"class_list":["post-67","page","type-page","status-publish","has-post-thumbnail","hentry"],"_links":{"self":[{"href":"https:\/\/rgzv-goettingen.de\/index.php?rest_route=\/wp\/v2\/pages\/67","targetHints":{"allow":["GET"]}}],"collection":[{"href":"https:\/\/rgzv-goettingen.de\/index.php?rest_route=\/wp\/v2\/pages"}],"about":[{"href":"https:\/\/rgzv-goettingen.de\/index.php?rest_route=\/wp\/v2\/types\/page"}],"author":[{"embeddable":true,"href":"https:\/\/rgzv-goettingen.de\/index.php?rest_route=\/wp\/v2\/users\/1"}],"replies":[{"embeddable":true,"href":"https:\/\/rgzv-goettingen.de\/index.php?rest_route=%2Fwp%2Fv2%2Fcomments&post=67"}],"version-history":[{"count":11,"href":"https:\/\/rgzv-goettingen.de\/index.php?rest_route=\/wp\/v2\/pages\/67\/revisions"}],"predecessor-version":[{"id":555,"href":"https:\/\/rgzv-goettingen.de\/index.php?rest_route=\/wp\/v2\/pages\/67\/revisions\/555"}],"wp:featuredmedia":[{"embeddable":true,"href":"https:\/\/rgzv-goettingen.de\/index.php?rest_route=\/wp\/v2\/media\/755"}],"wp:attachment":[{"href":"https:\/\/rgzv-goettingen.de\/index.php?rest_route=%2Fwp%2Fv2%2Fmedia&parent=67"}],"curies":[{"name":"wp","href":"https:\/\/api.w.org\/{rel}","templated":true}]}}