{"id":65,"date":"2020-04-07T21:10:20","date_gmt":"2020-04-07T21:10:20","guid":{"rendered":"http:\/\/rgzv-goettingen.de\/?page_id=65"},"modified":"2025-03-13T08:37:51","modified_gmt":"2025-03-13T08:37:51","slug":"vorstand","status":"publish","type":"page","link":"https:\/\/rgzv-goettingen.de\/?page_id=65","title":{"rendered":"Vorstand"},"content":{"rendered":"\n<p>\u00a0<strong><u>1. Vorsitzende:<\/u><\/strong><\/p>\n\n\n\n<p>Dr. Sonja Voget<\/p>\n\n\n\n<p>Mail: <a href=\"mailto:vorstand@rgzv-goettingen.de\">vorstand@rgzv-goettingen.de<\/a>&nbsp;<\/p>\n\n\n\n<p><strong><u>2. Vorsitzende:<\/u><\/strong><\/p>\n\n\n\n<p>Sandra Korditsch<\/p>\n\n\n\n<p><strong><u>Kassenleiter:<\/u><\/strong><\/p>\n\n\n\n<p>Peter Schellenschl\u00e4ger<\/p>\n\n\n\n<p><strong><u>Schriftf\u00fchrerrin:<\/u><\/strong><\/p>\n\n\n\n<p>Lydia Zywina<\/p>\n\n\n\n<p>&nbsp;<strong><u>Zuchtwart: <\/u>&nbsp;&nbsp;<\/strong><\/p>\n\n\n\n<p>Stefan Kr\u00fcger<\/p>\n\n\n\n<p><strong><u>Jugendleiterin:<\/u><\/strong><\/p>\n\n\n\n<p>Sandra Korditsch<\/p>\n\n\n\n<p><strong><u>\u00d6ffentlichkeitsarbeit inklusive Homepage:<\/u><\/strong><\/p>\n\n\n\n<p>Mike K\u00fchn<\/p>\n\n\n\n<p>Mail: <a href=\"mailto:webmaster@rgzv-goettingen.de\">webmaster@rgzv-goettingen.de<\/a><\/p>\n\n\n\n<p><strong><u>Ausstellungsleitung:<\/u><\/strong><\/p>\n\n\n\n<p>Uwe Berghaus, Jan Kl\u00f6ppner, Cian Klein<\/p>\n\n\n\n<p>Mail: <a href=\"mailto:ausstellung@rgzv-goettingen.de\">ausstellung@rgzv-goettingen.de<\/a><\/p>\n\n\n\n<p><strong><u>Inventarverwalter :<\/u><\/strong><\/p>\n\n\n\n<p>Andreas Sprenger,&nbsp;Timo Kr\u00fcger&nbsp;&nbsp;&nbsp;&nbsp;&nbsp;&nbsp;&nbsp;&nbsp;&nbsp;&nbsp;&nbsp;<\/p>\n","protected":false},"excerpt":{"rendered":"<p>\u00a01. Vorsitzende: Dr. Sonja Voget Mail: vorstand@rgzv-goettingen.de&nbsp; 2. Vorsitzende: Sandra Korditsch Kassenleiter: Peter Schellenschl\u00e4ger Schriftf\u00fchrerrin: Lydia Zywina &nbsp;Zuchtwart: &nbsp;&nbsp; Stefan Kr\u00fcger Jugendleiterin: Sandra Korditsch \u00d6ffentlichkeitsarbeit inklusive Homepage: Mike K\u00fchn Mail: webmaster@rgzv-goettingen.de Ausstellungsleitung: Uwe Berghaus, Jan Kl\u00f6ppner, Cian Klein Mail: ausstellung@rgzv-goettingen.de Inventarverwalter : Andreas Sprenger,&nbsp;Timo Kr\u00fcger&nbsp;&nbsp;&nbsp;&nbsp;&nbsp;&nbsp;&nbsp;&nbsp;&nbsp;&nbsp;&nbsp;<\/p>\n","protected":false},"author":1,"featured_media":190,"parent":0,"menu_order":0,"comment_status":"closed","ping_status":"closed","template":"","meta":{"footnotes":""},"class_list":["post-65","page","type-page","status-publish","has-post-thumbnail","hentry"],"_links":{"self":[{"href":"https:\/\/rgzv-goettingen.de\/index.php?rest_route=\/wp\/v2\/pages\/65","targetHints":{"allow":["GET"]}}],"collection":[{"href":"https:\/\/rgzv-goettingen.de\/index.php?rest_route=\/wp\/v2\/pages"}],"about":[{"href":"https:\/\/rgzv-goettingen.de\/index.php?rest_route=\/wp\/v2\/types\/page"}],"author":[{"embeddable":true,"href":"https:\/\/rgzv-goettingen.de\/index.php?rest_route=\/wp\/v2\/users\/1"}],"replies":[{"embeddable":true,"href":"https:\/\/rgzv-goettingen.de\/index.php?rest_route=%2Fwp%2Fv2%2Fcomments&post=65"}],"version-history":[{"count":9,"href":"https:\/\/rgzv-goettingen.de\/index.php?rest_route=\/wp\/v2\/pages\/65\/revisions"}],"predecessor-version":[{"id":1237,"href":"https:\/\/rgzv-goettingen.de\/index.php?rest_route=\/wp\/v2\/pages\/65\/revisions\/1237"}],"wp:featuredmedia":[{"embeddable":true,"href":"https:\/\/rgzv-goettingen.de\/index.php?rest_route=\/wp\/v2\/media\/190"}],"wp:attachment":[{"href":"https:\/\/rgzv-goettingen.de\/index.php?rest_route=%2Fwp%2Fv2%2Fmedia&parent=65"}],"curies":[{"name":"wp","href":"https:\/\/api.w.org\/{rel}","templated":true}]}}