{"id":647,"date":"2022-01-12T13:06:15","date_gmt":"2022-01-12T13:06:15","guid":{"rendered":"http:\/\/rgzv-goettingen.de\/?page_id=647"},"modified":"2022-01-12T13:06:15","modified_gmt":"2022-01-12T13:06:15","slug":"sommerfest","status":"publish","type":"page","link":"https:\/\/rgzv-goettingen.de\/?page_id=647","title":{"rendered":"Sommerfest"},"content":{"rendered":"\n<p>Jesdes Jahr findet f\u00fcr Vereinsmitglieder, deren Familien und auch interessierte Neumitglieder, das Sommerfest des RGZV G\u00f6ttingen und Umgebung e.V. statt. Dazu bieten sich die Zuchtanalgen unserer Kameraden:innen oder adere sch\u00f6ne Lokationen an. In der Regel wird gegrillt und aller Hand Informationen ausgetausch. Ein Hihglight im Jahreskalender unseres Vereins.<\/p>\n\n\n\n<figure class=\"wp-block-gallery columns-3 is-cropped wp-block-gallery-1 is-layout-flex wp-block-gallery-is-layout-flex\"><ul class=\"blocks-gallery-grid\"><li class=\"blocks-gallery-item\"><figure><img loading=\"lazy\" decoding=\"async\" width=\"768\" height=\"1024\" src=\"https:\/\/rgzv-goettingen.de\/wp-content\/uploads\/2022\/01\/20210905_1554270200-4921514-768x1024.jpg\" alt=\"\" data-id=\"627\" data-full-url=\"https:\/\/rgzv-goettingen.de\/wp-content\/uploads\/2022\/01\/20210905_1554270200-4921514-scaled.jpg\" data-link=\"https:\/\/rgzv-goettingen.de\/?attachment_id=627\" class=\"wp-image-627\" srcset=\"https:\/\/rgzv-goettingen.de\/wp-content\/uploads\/2022\/01\/20210905_1554270200-4921514-768x1024.jpg 768w, https:\/\/rgzv-goettingen.de\/wp-content\/uploads\/2022\/01\/20210905_1554270200-4921514-225x300.jpg 225w, https:\/\/rgzv-goettingen.de\/wp-content\/uploads\/2022\/01\/20210905_1554270200-4921514-1152x1536.jpg 1152w, https:\/\/rgzv-goettingen.de\/wp-content\/uploads\/2022\/01\/20210905_1554270200-4921514-1536x2048.jpg 1536w, https:\/\/rgzv-goettingen.de\/wp-content\/uploads\/2022\/01\/20210905_1554270200-4921514-scaled.jpg 1920w\" sizes=\"auto, (max-width: 767px) 89vw, (max-width: 1000px) 54vw, (max-width: 1071px) 543px, 580px\" \/><\/figure><\/li><li class=\"blocks-gallery-item\"><figure><img loading=\"lazy\" decoding=\"async\" width=\"768\" height=\"1024\" src=\"https:\/\/rgzv-goettingen.de\/wp-content\/uploads\/2022\/01\/20210905_1553020200-3636208-768x1024.jpg\" alt=\"\" data-id=\"622\" data-full-url=\"https:\/\/rgzv-goettingen.de\/wp-content\/uploads\/2022\/01\/20210905_1553020200-3636208-scaled.jpg\" data-link=\"https:\/\/rgzv-goettingen.de\/?attachment_id=622\" class=\"wp-image-622\" srcset=\"https:\/\/rgzv-goettingen.de\/wp-content\/uploads\/2022\/01\/20210905_1553020200-3636208-768x1024.jpg 768w, https:\/\/rgzv-goettingen.de\/wp-content\/uploads\/2022\/01\/20210905_1553020200-3636208-225x300.jpg 225w, https:\/\/rgzv-goettingen.de\/wp-content\/uploads\/2022\/01\/20210905_1553020200-3636208-1152x1536.jpg 1152w, https:\/\/rgzv-goettingen.de\/wp-content\/uploads\/2022\/01\/20210905_1553020200-3636208-1536x2048.jpg 1536w, https:\/\/rgzv-goettingen.de\/wp-content\/uploads\/2022\/01\/20210905_1553020200-3636208-scaled.jpg 1920w\" sizes=\"auto, (max-width: 767px) 89vw, (max-width: 1000px) 54vw, (max-width: 1071px) 543px, 580px\" \/><\/figure><\/li><li class=\"blocks-gallery-item\"><figure><img loading=\"lazy\" decoding=\"async\" width=\"768\" height=\"1024\" src=\"https:\/\/rgzv-goettingen.de\/wp-content\/uploads\/2022\/01\/20210905_1554180200-3182682-768x1024.jpg\" alt=\"\" data-id=\"626\" data-full-url=\"https:\/\/rgzv-goettingen.de\/wp-content\/uploads\/2022\/01\/20210905_1554180200-3182682-scaled.jpg\" data-link=\"https:\/\/rgzv-goettingen.de\/?attachment_id=626\" class=\"wp-image-626\" srcset=\"https:\/\/rgzv-goettingen.de\/wp-content\/uploads\/2022\/01\/20210905_1554180200-3182682-768x1024.jpg 768w, https:\/\/rgzv-goettingen.de\/wp-content\/uploads\/2022\/01\/20210905_1554180200-3182682-225x300.jpg 225w, https:\/\/rgzv-goettingen.de\/wp-content\/uploads\/2022\/01\/20210905_1554180200-3182682-1152x1536.jpg 1152w, https:\/\/rgzv-goettingen.de\/wp-content\/uploads\/2022\/01\/20210905_1554180200-3182682-1536x2048.jpg 1536w, https:\/\/rgzv-goettingen.de\/wp-content\/uploads\/2022\/01\/20210905_1554180200-3182682-scaled.jpg 1920w\" sizes=\"auto, (max-width: 767px) 89vw, (max-width: 1000px) 54vw, (max-width: 1071px) 543px, 580px\" \/><\/figure><\/li><\/ul><\/figure>\n","protected":false},"excerpt":{"rendered":"<p>Jesdes Jahr findet f\u00fcr Vereinsmitglieder, deren Familien und auch interessierte Neumitglieder, das Sommerfest des RGZV G\u00f6ttingen und Umgebung e.V. statt. Dazu bieten sich die Zuchtanalgen unserer Kameraden:innen oder adere sch\u00f6ne Lokationen an. In der Regel wird gegrillt und aller Hand Informationen ausgetausch. Ein Hihglight im Jahreskalender unseres Vereins.<\/p>\n","protected":false},"author":1,"featured_media":0,"parent":0,"menu_order":0,"comment_status":"closed","ping_status":"closed","template":"","meta":{"footnotes":""},"class_list":["post-647","page","type-page","status-publish","hentry"],"_links":{"self":[{"href":"https:\/\/rgzv-goettingen.de\/index.php?rest_route=\/wp\/v2\/pages\/647","targetHints":{"allow":["GET"]}}],"collection":[{"href":"https:\/\/rgzv-goettingen.de\/index.php?rest_route=\/wp\/v2\/pages"}],"about":[{"href":"https:\/\/rgzv-goettingen.de\/index.php?rest_route=\/wp\/v2\/types\/page"}],"author":[{"embeddable":true,"href":"https:\/\/rgzv-goettingen.de\/index.php?rest_route=\/wp\/v2\/users\/1"}],"replies":[{"embeddable":true,"href":"https:\/\/rgzv-goettingen.de\/index.php?rest_route=%2Fwp%2Fv2%2Fcomments&post=647"}],"version-history":[{"count":1,"href":"https:\/\/rgzv-goettingen.de\/index.php?rest_route=\/wp\/v2\/pages\/647\/revisions"}],"predecessor-version":[{"id":669,"href":"https:\/\/rgzv-goettingen.de\/index.php?rest_route=\/wp\/v2\/pages\/647\/revisions\/669"}],"wp:attachment":[{"href":"https:\/\/rgzv-goettingen.de\/index.php?rest_route=%2Fwp%2Fv2%2Fmedia&parent=647"}],"curies":[{"name":"wp","href":"https:\/\/api.w.org\/{rel}","templated":true}]}}