{"id":57,"date":"2020-04-07T20:44:58","date_gmt":"2020-04-07T20:44:58","guid":{"rendered":"http:\/\/rgzv-goettingen.de\/?page_id=57"},"modified":"2023-03-08T12:29:28","modified_gmt":"2023-03-08T12:29:28","slug":"verein","status":"publish","type":"page","link":"https:\/\/rgzv-goettingen.de\/?page_id=57","title":{"rendered":"Verein"},"content":{"rendered":"\n<p>Seit 1950 existiert unser Verein und ist offen f\u00fcr Z\u00fcchter und Hobby-Halter von H\u00fchnern, Tauben, Wachteln und Wassergef\u00fcgel. Die stetig steigende Mitgliederzahl in unserem Verein zeigt, dass das Interesse an der Haltung eigenen Gefl\u00fcgels wieder zu nimmt. In unseren Monatsversammlungen treffen sich die Mitglieder, um Erfahrungen auszutauschen, f\u00fcr die Vorstellung und Besprechung von Tieren&nbsp;und nat\u00fcrlich zum netten Austausch unter Gleichgesinnten.<\/p>\n\n\n\n<p>Zwei Schauen im Jahr richtet der Verein aus:<\/p>\n\n\n\n<p>Immer <strong>Karfreitag<\/strong> die <strong>N<\/strong><strong>ieders\u00e4chsische Stamm- und K\u00fckenschau<\/strong> bei der K\u00fcken und Jungtiere gekauft werden k\u00f6nnen. Aber es werden auch Tiere ausgestellt, der Schlupf von K\u00fcken kann live im Schaubr\u00fcter verfolgt und im K\u00fckenring k\u00f6nnen viele flauschige K\u00fcken und G\u00f6ssel bestaunt und unter Aufsicht angefasst werden.<\/p>\n\n\n\n<p>Im Herbst findet dann die <strong>Leinetalgefl\u00fcgelschau<\/strong> statt. Hier zeigen die Z\u00fcchter ihre sch\u00f6nsten Tiere und lassen diese durch erfahrene Preisrichter bewerten. Zudem gibt es ebenfalls die Chance Tiere auf der angeschlossenen Verkaufsschau zu erwerben.<\/p>\n\n\n\n<p><\/p>\n\n\n\n<p><strong>Warum Rassegefl\u00fcgel?<\/strong><\/p>\n\n\n\n<p>Mit der Zucht von Rassegefl\u00fcgel tragen die Z\u00fcchter in erheblichem Ma\u00dfe zum Erhalt der genetischen Vielfalt bei, wo hingegen die Zucht von Wirtschafts-Mixen (den sog. Hybriden) im industriellen Ma\u00dfstab nur wenige Rassen zur Grundlage hat und dem Monopol einiger Konzerne unterliegt. Hybriden eigenen sich zudem nicht, um weiter zu z\u00fcchten, da die Merkmale wie hohe Legeleistung nicht gefestigt sind. Rassegefl\u00fcgel hingegen wird nach Rassestandards gez\u00fcchtet und vererbt die Merkmale auch an die Nachkommen. Die Tiere sind robust und nicht auf eine industrielle, kurzlebige Haltung optimiert und machen so ihrem Halter lange Freude.<\/p>\n\n\n\n<p>Viele Rassen blicken auf eine weit \u00fcber hundert Jahre bestehende Entstehungsgeschichte zur\u00fcck und sind teilweise vom Aussterben bedroht. Die Vielfalt und somit ein St\u00fcck Kulturgut zu erhalten ist eines der erkl\u00e4rten Ziele der Rassegefl\u00fcgelzucht.<\/p>\n\n\n\n<p><strong>Machen Sie mit!<\/strong><\/p>\n\n\n\n<p><strong>Egal<\/strong><strong>, ob Sie sich f\u00fcr die H\u00fchnerhaltung im eigenen Garten entscheiden oder als Z\u00fcchter zum Erhalt ihrer Lieblings-Rasse beitragen wollen.<\/strong><\/p>\n\n\n\n<p><strong>Kontakt: <\/strong><a href=\"mailto:info@rgzv-goettingen.de\">info@rgzv-goettingen.de<\/a><\/p>\n\n\n\n<p><\/p>\n","protected":false},"excerpt":{"rendered":"<p>Seit 1950 existiert unser Verein und ist offen f\u00fcr Z\u00fcchter und Hobby-Halter von H\u00fchnern, Tauben, Wachteln und Wassergef\u00fcgel. Die stetig steigende Mitgliederzahl in unserem Verein zeigt, dass das Interesse an der Haltung eigenen Gefl\u00fcgels wieder zu nimmt. In unseren Monatsversammlungen treffen sich die Mitglieder, um Erfahrungen auszutauschen, f\u00fcr die Vorstellung und Besprechung von Tieren&nbsp;und nat\u00fcrlich &hellip; <\/p>\n<p class=\"link-more\"><a href=\"https:\/\/rgzv-goettingen.de\/?page_id=57\" class=\"more-link\"><span class=\"screen-reader-text\">\u201eVerein\u201c <\/span>weiterlesen<\/a><\/p>\n","protected":false},"author":1,"featured_media":755,"parent":0,"menu_order":0,"comment_status":"closed","ping_status":"closed","template":"","meta":{"footnotes":""},"class_list":["post-57","page","type-page","status-publish","has-post-thumbnail","hentry"],"_links":{"self":[{"href":"https:\/\/rgzv-goettingen.de\/index.php?rest_route=\/wp\/v2\/pages\/57","targetHints":{"allow":["GET"]}}],"collection":[{"href":"https:\/\/rgzv-goettingen.de\/index.php?rest_route=\/wp\/v2\/pages"}],"about":[{"href":"https:\/\/rgzv-goettingen.de\/index.php?rest_route=\/wp\/v2\/types\/page"}],"author":[{"embeddable":true,"href":"https:\/\/rgzv-goettingen.de\/index.php?rest_route=\/wp\/v2\/users\/1"}],"replies":[{"embeddable":true,"href":"https:\/\/rgzv-goettingen.de\/index.php?rest_route=%2Fwp%2Fv2%2Fcomments&post=57"}],"version-history":[{"count":5,"href":"https:\/\/rgzv-goettingen.de\/index.php?rest_route=\/wp\/v2\/pages\/57\/revisions"}],"predecessor-version":[{"id":905,"href":"https:\/\/rgzv-goettingen.de\/index.php?rest_route=\/wp\/v2\/pages\/57\/revisions\/905"}],"wp:featuredmedia":[{"embeddable":true,"href":"https:\/\/rgzv-goettingen.de\/index.php?rest_route=\/wp\/v2\/media\/755"}],"wp:attachment":[{"href":"https:\/\/rgzv-goettingen.de\/index.php?rest_route=%2Fwp%2Fv2%2Fmedia&parent=57"}],"curies":[{"name":"wp","href":"https:\/\/api.w.org\/{rel}","templated":true}]}}