{"id":434,"date":"2020-04-17T11:19:57","date_gmt":"2020-04-17T11:19:57","guid":{"rendered":"http:\/\/rgzv-goettingen.de\/?page_id=434"},"modified":"2020-04-17T11:21:32","modified_gmt":"2020-04-17T11:21:32","slug":"ektoparasiten","status":"publish","type":"page","link":"https:\/\/rgzv-goettingen.de\/?page_id=434","title":{"rendered":"Was krabbelt denn da? Ektoparasiten bei H\u00fchnern erkennen und behandeln. Teil 1: Rote und Nordische Vogelmilbe"},"content":{"rendered":"\n<p>Es gibt einige Ektoparasiten, die unseren Tieren das Leben schwermachen k\u00f6nnen und sogar lebensbedrohlich werden, nehmen sie \u00fcberhand. In dieser Serie werden die h\u00e4ufigsten Krabbler vorgestellt:<\/p>\n\n\n\n<div class=\"wp-block-group\"><div class=\"wp-block-group__inner-container is-layout-flow wp-block-group-is-layout-flow\">\n<div class=\"wp-block-group\"><div class=\"wp-block-group__inner-container is-layout-flow wp-block-group-is-layout-flow\">\n<ol class=\"wp-block-list\"><li> Rote Vogelmilbe (Dermanyssus gallinae) und Nordische Vogelmilbe (Ornithonyssus sylviarum)<\/li><li>Kalkbeinmilben (Knemidoceptes mutans)<\/li><li>Federlinge (Mallophaga)<\/li><\/ol>\n<\/div><\/div>\n<\/div><\/div>\n\n\n\n<div class=\"wp-block-image\"><figure class=\"aligncenter size-large is-resized\"><img loading=\"lazy\" decoding=\"async\" src=\"https:\/\/rgzv-goettingen.de\/wp-content\/uploads\/2020\/04\/Auslauf-1024x1015.jpg\" alt=\"\" class=\"wp-image-430\" width=\"512\" height=\"508\" srcset=\"https:\/\/rgzv-goettingen.de\/wp-content\/uploads\/2020\/04\/Auslauf-1024x1015.jpg 1024w, https:\/\/rgzv-goettingen.de\/wp-content\/uploads\/2020\/04\/Auslauf-300x297.jpg 300w, https:\/\/rgzv-goettingen.de\/wp-content\/uploads\/2020\/04\/Auslauf-150x150.jpg 150w, https:\/\/rgzv-goettingen.de\/wp-content\/uploads\/2020\/04\/Auslauf-768x761.jpg 768w, https:\/\/rgzv-goettingen.de\/wp-content\/uploads\/2020\/04\/Auslauf-100x100.jpg 100w, https:\/\/rgzv-goettingen.de\/wp-content\/uploads\/2020\/04\/Auslauf.jpg 1148w\" sizes=\"auto, (max-width: 512px) 100vw, 512px\" \/><figcaption>Ein naturnaher Auslauf ist ideal f\u00fcr H\u00fchner, man sollte aber immer auch die Parasiten im Blick haben! (Foto: Sonja Voget)<\/figcaption><\/figure><\/div>\n\n\n\n<h2 class=\"wp-block-heading\">Erkennen und Unterscheiden<\/h2>\n\n\n\n<p>Beide Milben-Arten sind blutsaugende Parasiten, die sowohl auf Wildv\u00f6geln, Zierv\u00f6geln als auch Hausgefl\u00fcgel vorkommen. Befallene Tiere leiden unter starken Juckreiz, Hautentz\u00fcndungen und sind dadurch unruhig bis gestresst. Ist der Befall au\u00dfer Kontrolle kann der hohe Blutverlust sogar zur Schw\u00e4chung und, je nach Gr\u00f6\u00dfe und Allgemeinzustand des Tiers, im Extremfall zum Tod f\u00fchren. Zudem k\u00f6nnen Milben auch \u00dcbertr\u00e4ger diverser Krankheiterreger sein, wie den viralen Erreger der <em>Newcastle Disease<\/em> oder Bakterien wie <em>E. coli<\/em> und Salmonellen.<\/p>\n\n\n\n<p>Regelm\u00e4\u00dfig sollten die Tiere wie auch der Stall auf einen Befall hin untersucht werden. Ein doppelseitiges Klebeband an den R\u00e4ndern der Sitzstange kann zB helfen, die St\u00e4rke des Befalls mit der roten Vogelmilbe abzusch\u00e4tzen. Unruhige Tiere, \u00fcberm\u00e4\u00dfiges putzen, Abfall der Legeleistung und blasse K\u00e4mme k\u00f6nnen Anzeichen eines schon st\u00e4rkeren Befalls sein.<\/p>\n\n\n\n<div class=\"wp-block-image\"><figure class=\"aligncenter size-large is-resized\"><img loading=\"lazy\" decoding=\"async\" src=\"https:\/\/rgzv-goettingen.de\/wp-content\/uploads\/2020\/04\/Infografik-1024x686.png\" alt=\"\" class=\"wp-image-419\" width=\"512\" height=\"343\" srcset=\"https:\/\/rgzv-goettingen.de\/wp-content\/uploads\/2020\/04\/Infografik-1024x686.png 1024w, https:\/\/rgzv-goettingen.de\/wp-content\/uploads\/2020\/04\/Infografik-300x201.png 300w, https:\/\/rgzv-goettingen.de\/wp-content\/uploads\/2020\/04\/Infografik-768x515.png 768w, https:\/\/rgzv-goettingen.de\/wp-content\/uploads\/2020\/04\/Infografik.png 1355w\" sizes=\"auto, (max-width: 512px) 100vw, 512px\" \/><\/figure><\/div>\n\n\n\n<p>Der gr\u00f6\u00dfte Unterschied beider Arten besteht darin, dass die <strong>rote Vogelmilbe<\/strong> nur nachts f\u00fcr ca 1-2 Std die Tiere bef\u00e4llt, um Blut zu saugen, sich tags\u00fcber im Stall in Ritzen und Spalten versteckt und auch dort die Eier ablegt. Dabei bleibt sie meist in der N\u00e4he der Sitzstangen (1-2m). Man findet Milbenansammlungen als graue oder rote Bel\u00e4ge, je nach Entwicklungsstadium und ob bereits Blut aufgenommen wurde.<\/p>\n\n\n\n<div class=\"wp-block-image\"><figure class=\"aligncenter size-large is-resized\"><img loading=\"lazy\" decoding=\"async\" src=\"https:\/\/rgzv-goettingen.de\/wp-content\/uploads\/2020\/04\/rote_Vogelmilbe-1-1024x577.png\" alt=\"\" class=\"wp-image-421\" width=\"512\" height=\"289\" srcset=\"https:\/\/rgzv-goettingen.de\/wp-content\/uploads\/2020\/04\/rote_Vogelmilbe-1-1024x577.png 1024w, https:\/\/rgzv-goettingen.de\/wp-content\/uploads\/2020\/04\/rote_Vogelmilbe-1-300x169.png 300w, https:\/\/rgzv-goettingen.de\/wp-content\/uploads\/2020\/04\/rote_Vogelmilbe-1-768x432.png 768w, https:\/\/rgzv-goettingen.de\/wp-content\/uploads\/2020\/04\/rote_Vogelmilbe-1-1536x865.png 1536w, https:\/\/rgzv-goettingen.de\/wp-content\/uploads\/2020\/04\/rote_Vogelmilbe-1.png 2000w\" sizes=\"auto, (max-width: 512px) 100vw, 512px\" \/><figcaption><br>Verschiedene Entwicklungsstadien der roten Vogelmilbe (Foto: Sonja Voget)<\/figcaption><\/figure><\/div>\n\n\n\n<p>Die <strong>nordische Vogelmilbe<\/strong> lebt hingegen komplett auf dem Tier und legt ihre Eier an der Federbasis ab, bevorzugt rund um die Kloake oder unter den Fl\u00fcgeln. Nicht mit den Eipaketen der Federlinge verwechseln! H\u00e4ufig rei\u00dfen sich die Tiere aufgrund des Juckreiz Federn aus, es entstehen kahle Stellen.<\/p>\n\n\n\n<div class=\"wp-block-image\"><figure class=\"aligncenter size-large is-resized\"><img decoding=\"async\" src=\"https:\/\/rgzv-goettingen.de\/wp-content\/uploads\/2020\/04\/Nordische_Vogelmilbe.jpg\" alt=\"\" class=\"wp-image-422\" width=\"512\" srcset=\"https:\/\/rgzv-goettingen.de\/wp-content\/uploads\/2020\/04\/Nordische_Vogelmilbe.jpg 358w, https:\/\/rgzv-goettingen.de\/wp-content\/uploads\/2020\/04\/Nordische_Vogelmilbe-300x225.jpg 300w\" sizes=\"(max-width: 358px) 100vw, 358px\" \/><figcaption>Eipakete, Faeces, H\u00fcllen und Tiere der Nordischen Vogelmilbe (Foto: Hinkle NC et al. <em>Parasit Vectors<\/em>. 2018;11(1):99.)<\/figcaption><\/figure><\/div>\n\n\n\n<h2 class=\"wp-block-heading\">Vorbeugung<\/h2>\n\n\n\n<p>Das beste Mittel ist immer noch vorbeugende Stallhygiene und regelm\u00e4\u00dfige Kontrolle der Tiere und Verstecke, um fr\u00fchzeitig auf einen Befall reagieren zu k\u00f6nnen.<\/p>\n\n\n\n<div class=\"wp-block-image\"><figure class=\"aligncenter size-large is-resized\"><img loading=\"lazy\" decoding=\"async\" src=\"https:\/\/rgzv-goettingen.de\/wp-content\/uploads\/2020\/04\/Staubbad1-1024x681.jpg\" alt=\"\" class=\"wp-image-428\" width=\"512\" height=\"341\" srcset=\"https:\/\/rgzv-goettingen.de\/wp-content\/uploads\/2020\/04\/Staubbad1-1024x681.jpg 1024w, https:\/\/rgzv-goettingen.de\/wp-content\/uploads\/2020\/04\/Staubbad1-300x199.jpg 300w, https:\/\/rgzv-goettingen.de\/wp-content\/uploads\/2020\/04\/Staubbad1-768x511.jpg 768w, https:\/\/rgzv-goettingen.de\/wp-content\/uploads\/2020\/04\/Staubbad1-1536x1021.jpg 1536w, https:\/\/rgzv-goettingen.de\/wp-content\/uploads\/2020\/04\/Staubbad1.jpg 1805w\" sizes=\"auto, (max-width: 512px) 100vw, 512px\" \/><figcaption>H\u00fchner lieben es im Staubbad zu &#8222;baden&#8220;! (Foto: Sonja Voget)<\/figcaption><\/figure><\/div>\n\n\n\n<ul class=\"wp-block-list\"><li><strong>Staubbad:<\/strong> Ein ordentliches Staubbad ist elementar f\u00fcr die Gefiederpflege der H\u00fchner und hilft den Parasitendruck zu reduzieren. Man kann Kieselgur mit untermischen, um den Effekt zu verst\u00e4rken.<\/li><li><strong>Verstecke eliminieren:<\/strong> Der Stall sollte m\u00f6glichst arm an Ritzen und Spalten sein, denn dann hat die rote Vogelmilbe wenig M\u00f6glichkeiten zum Verstecken und die Bek\u00e4mpfung ist einfacher.<\/li><li><strong>Kalken:<\/strong> Zus\u00e4tzlich kann der Stall von innen mit Kalk gestrichen werden. Der Anstrich verschlie\u00dft viele Ritzen, ist desinfizierend, ungeziefer- und pilzhemmend und sorgt f\u00fcr ein trockenes Stallklima. Im Handel gibt es gel\u00f6schten Kalk (= Sumpfkalk, Wei\u00dfkalkhydrat, Kalkfarbe) und ungel\u00f6schten Kalk (= Branntkalk, \u00c4tzkalk).<\/li><li><strong>Kieselgur:<\/strong> Zus\u00e4tzlich sollte der Stall regelm\u00e4\u00dfig mit Kieselgur behandelt werden (siehe auch Bek\u00e4mpfung f\u00fcr Details).<\/li><li><strong>Sitzstangen sch\u00fctzen:<\/strong> Da die rote Vogelmilbe nur nachts die Tiere bef\u00e4llt, unterbricht man den Zugang zu den Tieren. Die Sitzstangen-Aufh\u00e4ngungen werden in kleine T\u00f6pfchen gestellt, die zB mit \u00d6l oder Sp\u00fcliwasser gef\u00fcllt werden.<\/li><\/ul>\n\n\n\n<div class=\"wp-block-image\"><figure class=\"aligncenter size-large is-resized\"><img loading=\"lazy\" decoding=\"async\" src=\"https:\/\/rgzv-goettingen.de\/wp-content\/uploads\/2020\/04\/Stangenaufhaengung-1024x576.png\" alt=\"\" class=\"wp-image-425\" width=\"512\" height=\"288\" srcset=\"https:\/\/rgzv-goettingen.de\/wp-content\/uploads\/2020\/04\/Stangenaufhaengung-1024x576.png 1024w, https:\/\/rgzv-goettingen.de\/wp-content\/uploads\/2020\/04\/Stangenaufhaengung-300x169.png 300w, https:\/\/rgzv-goettingen.de\/wp-content\/uploads\/2020\/04\/Stangenaufhaengung-768x432.png 768w, https:\/\/rgzv-goettingen.de\/wp-content\/uploads\/2020\/04\/Stangenaufhaengung-1536x864.png 1536w, https:\/\/rgzv-goettingen.de\/wp-content\/uploads\/2020\/04\/Stangenaufhaengung.png 2000w\" sizes=\"auto, (max-width: 512px) 100vw, 512px\" \/><figcaption>Beispiel f\u00fcr eine milbensichere Sitzstangenaufh\u00e4ngung (Foto: Sonja Voget)<\/figcaption><\/figure><\/div>\n\n\n\n<h2 class=\"wp-block-heading\">Bek\u00e4mpfung<\/h2>\n\n\n\n<p>Milben durchlaufen unter idealen Bedingungen (Temperatur und Luftfeuchte) alle Entwicklungsstadien von Ei zum adulten Tier innerhalb von 7-10 Tagen. Egal f\u00fcr welche Form der Bek\u00e4mpfung man sich entscheidet, die Ma\u00dfnahmen sind zu wiederholen, um auch neu geschl\u00fcpfte Milben zu erwischen.<\/p>\n\n\n\n<h3 class=\"wp-block-heading\">Chemisch<\/h3>\n\n\n\n<p class=\"has-text-color has-luminous-vivid-orange-color\">Biozide wirken nicht nur gegen \u201eSchadinsekten\u201c, sondern sind h\u00e4ufig auch stark sch\u00e4digend f\u00fcr alle Insekten wie zB Bienen und\/oder giftig f\u00fcr Wasserorganismen. Auch Nebenwirkungen bei \u00dcberdosierung oder falscher Anwendung f\u00fcr den Menschen sind beschrieben. Der Einsatz von Bioziden sollte, wenn \u00fcberhaupt, die letzte Option sein und strikt nach Herstellerangaben erfolgen! Ebenso die Entsorgung!<\/p>\n\n\n\n<p><strong>Pyrethroide<\/strong>, abgeleitet aus den Hauptwirkstoffen des Insektizids <strong>Pyrethrum<\/strong>. Zugelassen f\u00fcr lebensmittelliefernde Tiere sind Cypermethrin, Cyhalothrin, Cyfluthrin, Deltamethrin, Flumethrin, Fenvalerat und Permethrin. Leider gibt es gegen Pyrethroide bereits weit verbreitete Resistenzen (bis \u00fcber 90%!), eine Wirksamkeit ist daher fraglich. Wichtig: \u201eViel hilft viel\u201c ist hier genauso falsch wie eine zu geringe Dosierung und hat zur Resistenzbildung und -selektion beigetragen!<\/p>\n\n\n\n<p><strong>Spinosad <\/strong>(Handelsname Elector), Mischung aus den Metaboliten Spinosyn A und Spinosyn D des Aktinomyceten <em>Saccharopolyspora spinosa<\/em>. Das Mittel wird mit Wasser verd\u00fcnnt und im Stall ausgebracht.<\/p>\n\n\n\n<p><strong>Fluralaner (<\/strong>Handelsname Exzolt): Es handelt sich ebenfalls um ein synthetisches Insektizid\/Akarizid, welches eine Zulassung zur Anwendung an Hund, Katze und Haushuhn besitzt (Bezug \u00fcber den Tierarzt). Die Verabreichung erfolgt zweimalig \u00fcber das Trinkwasser, um auch sp\u00e4ter geschl\u00fcpfte Milben zu erwischen. Wichtig: Auch hier ist eine vorbeugende Stallhygiene unerl\u00e4sslich, sonst ist der Befall nach kurzer Zeit wieder da (das Mittel darf nur im Abstand von drei Monaten angewendet werden).<\/p>\n\n\n\n<h3 class=\"wp-block-heading\">Physikalisch<\/h3>\n\n\n\n<p>Nester der roten Vogelmilbe k\u00f6nnen gezielt abgeflammt werden. Hierbei sollte die Einstreu und Stalleinrichtung soweit wie m\u00f6glich entfernt werden, um an die dort versteckten Milbennester zu gelangen. Vorsicht: Brandgefahr!<\/p>\n\n\n\n<h3 class=\"wp-block-heading\">Biologisch<\/h3>\n\n\n\n<p><strong>Kieselgur<\/strong>: Der amorphe Silikatstaub zur Ausbringung im Stall ist schon kein Geheimtipp mehr. Die feinen Partikel wirken wie Schmirgelpapier und verletzen die Milben, die Tiere werden regelrecht ausgetrocknet. Durch die amorphe Struktur besteht keine Gefahr der Lungensch\u00e4digung w\u00e4hrend des Verst\u00e4ubens, nichts desto trotz sollte eine Atemschutzmaske getragen werden (ab FFP1). Es gibt bereits feinste Kieselgur, die mit Wasser anger\u00fchrt verspr\u00fcht werden kann und beim Ausbringen nicht staubt und sich gut in den Ritzen absetzt.<\/p>\n\n\n\n<p><strong>Octans\u00e4ure, Decans\u00e4ure<\/strong>: H\u00e4ufig aus Kokos\u00f6l gewonnen, t\u00f6ten diese Substanzen Parasiten ab (Octans\u00e4ure) oder verstopfen die Tracheen, so dass diese ersticken (Decans\u00e4ure). Es gibt diverse Mittel im Handel f\u00fcr die Anwendung am Tier (z.B. Verminex, HS Protect Bird), es werden immer nur wenige Tropfen verteilt aufgetragen vor allem im Bereich der Kloake und unter den Fl\u00fcgeln. Um auch die sp\u00e4ter schl\u00fcpfenden Parasiten zu erwischen, sollten solche Mittel immer mehrmals in Abstand von ca 7-10 Tagen angewendet werden.<\/p>\n\n\n\n<p><strong>Medizinisches Wei\u00df\u00f6l\/Ballistol: <\/strong>Das \u00d6l umschlie\u00dft den Parasiten und erstickt ihn. Um auch die sp\u00e4ter schl\u00fcpfenden Parasiten zu erwischen, sollten solche Mittel immer mehrmals in Abstand von ca 7-10 Tagen angewendet werden.<\/p>\n\n\n\n<p><strong>Raubmilben: <\/strong>R\u00e4uberische Milben aus der Familie der <em>Laelapidae<\/em> wie zB <em>Stratiolaelaps<\/em> <em>scimitus <\/em>oder<em> S. aculeifer<\/em> (fr\u00fcher <em>Hypolaspis<\/em> spp.) finden Einsatz in der Landwirtschaft, in Terrarien aber auch in der H\u00fchnerhaltung, da sie Jagd auf Vogelmilben machen. Raubmilben legen ihre Eier in den Boden bzw. die Einstreu und ben\u00f6tigen, \u00e4hnlich wie die Vogelmilben, Temperaturen ab 15\u00b0C und ca 10-15 Tage f\u00fcr alle Entwicklungsstadien. Eine Raubmilbe verspeist ca 5 Vogelmilben\/Tag. H\u00e4ufig erscheint der Befall mit Vogelmilben Anfangs zuzunehmen, da die Raubmilben die Vogelmilben aus ihren Verstecken treiben. Idealerweise f\u00e4ngt man mit Raubmilben an, bevor der Befall zu stark wird. So helfen die Raubmilben die Vogelmilben Population in Schach zu halten. Wichtig: Biozide und Kieselgur schaden den Raubmilben genauso wie den Vogelmilben!<\/p>\n\n\n\n<p><strong>Trinkwasser- oder Futter Zus\u00e4tze:<\/strong> Sollen vorbeugend als Repellent wirken und eignen sich nicht zur Bek\u00e4mpfung. Den zugesetzten \u00e4therischen \u00d6len (zB Citronellagras, Gew\u00fcrznelke) wird eine Ungezieferabweisende Wirkung zugesprochen.<\/p>\n","protected":false},"excerpt":{"rendered":"<p>Es gibt einige Ektoparasiten, die unseren Tieren das Leben schwermachen k\u00f6nnen und sogar lebensbedrohlich werden, nehmen sie \u00fcberhand. In dieser Serie werden die h\u00e4ufigsten Krabbler vorgestellt: Rote Vogelmilbe (Dermanyssus gallinae) und Nordische Vogelmilbe (Ornithonyssus sylviarum) Kalkbeinmilben (Knemidoceptes mutans) Federlinge (Mallophaga) Erkennen und Unterscheiden Beide Milben-Arten sind blutsaugende Parasiten, die sowohl auf Wildv\u00f6geln, Zierv\u00f6geln als auch &hellip; <\/p>\n<p class=\"link-more\"><a href=\"https:\/\/rgzv-goettingen.de\/?page_id=434\" class=\"more-link\"><span class=\"screen-reader-text\">\u201eWas krabbelt denn da? Ektoparasiten bei H\u00fchnern erkennen und behandeln. Teil 1: Rote und Nordische Vogelmilbe\u201c <\/span>weiterlesen<\/a><\/p>\n","protected":false},"author":1,"featured_media":0,"parent":0,"menu_order":0,"comment_status":"closed","ping_status":"closed","template":"","meta":{"footnotes":""},"class_list":["post-434","page","type-page","status-publish","hentry"],"_links":{"self":[{"href":"https:\/\/rgzv-goettingen.de\/index.php?rest_route=\/wp\/v2\/pages\/434","targetHints":{"allow":["GET"]}}],"collection":[{"href":"https:\/\/rgzv-goettingen.de\/index.php?rest_route=\/wp\/v2\/pages"}],"about":[{"href":"https:\/\/rgzv-goettingen.de\/index.php?rest_route=\/wp\/v2\/types\/page"}],"author":[{"embeddable":true,"href":"https:\/\/rgzv-goettingen.de\/index.php?rest_route=\/wp\/v2\/users\/1"}],"replies":[{"embeddable":true,"href":"https:\/\/rgzv-goettingen.de\/index.php?rest_route=%2Fwp%2Fv2%2Fcomments&post=434"}],"version-history":[{"count":2,"href":"https:\/\/rgzv-goettingen.de\/index.php?rest_route=\/wp\/v2\/pages\/434\/revisions"}],"predecessor-version":[{"id":438,"href":"https:\/\/rgzv-goettingen.de\/index.php?rest_route=\/wp\/v2\/pages\/434\/revisions\/438"}],"wp:attachment":[{"href":"https:\/\/rgzv-goettingen.de\/index.php?rest_route=%2Fwp%2Fv2%2Fmedia&parent=434"}],"curies":[{"name":"wp","href":"https:\/\/api.w.org\/{rel}","templated":true}]}}