{"id":27,"date":"2020-04-07T19:53:25","date_gmt":"2020-04-07T19:53:25","guid":{"rendered":"http:\/\/rgzv-goettingen.de\/?page_id=27"},"modified":"2020-04-07T20:41:51","modified_gmt":"2020-04-07T20:41:51","slug":"datenschutz","status":"publish","type":"page","link":"https:\/\/rgzv-goettingen.de\/?page_id=27","title":{"rendered":"Datenschutz"},"content":{"rendered":"\n<h1 class=\"wp-block-heading\">Datenschutz-Grundverordnung&nbsp;(DS-GVO)<\/h1>\n\n\n\n<p>Am 25.05.2018 trat die neue Datenschutz- Grundverordnung (DS-GVO)&nbsp;in Kraft. F\u00fcr uns als Verein bedeutet das, dass wir die Datenschutzrechtlichen Bestimmungen einhalten und an die Rechtslage anpassen m\u00fcssen.<\/p>\n\n\n\n<p>Im Zuge dieser Datenschutzverordnung&nbsp; (DS-GVO) ist der Verein, RGZV G\u00f6ttingen-Grone, dazu verpflichtet, seine Mitglieder \u00fcber die Speicherung der pers\u00f6nlichen Daten und deren Verwendungszweck zu informieren.<\/p>\n\n\n\n<p>Wesentliche Verarbeitungst\u00e4tigkeiten sind :<\/p>\n\n\n\n<ul class=\"wp-block-list\"><li>Mitgliederverwaltung(Pers\u00f6nliche Daten)<\/li><li>Zahlungsverkehr(Bankverbindung)<\/li><li>Ver\u00f6ffentlichen von Mitgliederdaten im Ausstellungskatalog<\/li><li>Ver\u00f6ffentlichung von Mitgliederfotos auf der Homepage(Fotos)<\/li><\/ul>\n\n\n\n<p>Zur Mitgliederverwaltung werden folgende Daten gespeichert:<\/p>\n\n\n\n<ol class=\"wp-block-list\"><li>Name, Vorname, Anschrift, Geburtsdatum<\/li><li>Telekommunikationsdaten ( Telefonnummer, Mobilnummer, E-Mail Adresse)<\/li><li>Eintrittsjahr, gez\u00fcchtete Rassen, Ehrungen<\/li><li>Bankverbindung, Zahlungseing\u00e4nge<\/li><\/ol>\n\n\n\n<p>Auf diese Personenbezogenen Daten haben nur&nbsp; Vorstand, Schriftf\u00fchrer\/in und Kassierer\/in vollumf\u00e4nglich Zugriff.<\/p>\n\n\n\n<ul class=\"wp-block-list\"><li>Die unter Punkt 1,2 und 3 aufgef\u00fchrten Daten m\u00fcssen, von uns als Mitgliedsverband, an den Kreisverband, Bezirksverband, Landesverband und BDRG \u00fcbermittelt werden.<\/li><li>Die unter Punkt 2 erw\u00e4hnte E-Mail Adresse wird, sobald diese im Vereinsverteiler gespeichert ist, f\u00fcr alle Mitglieder sichtbar, deren E-Mail Adresse ebenfalls im Vereinsverteiler gespeichert ist.<\/li><\/ul>\n\n\n\n<p>Mit der Unterschrift des Mitgliedsantrags, stimme ich der Vereinssatzung und der Speicherung, Verarbeitung und Weiterleitung meiner personenbezogenen Daten nach den oben beschriebenen Richtlinien zu. Ich habe jeder Zeit das Recht, Auskunft \u00fcber die pers\u00f6nlichen, gespeicherten Daten zu erhalten. Alle gespeicherten Daten werden nach Beendigung der Mitgliedschaft ( Austritt, Tod, Ausschluss ) aus dem Verein gel\u00f6scht.<\/p>\n\n\n\n<p>Der Widerspruch, gegen diese Verarbeitung, muss in Schriftlicher Form erfolgen. (Art. 21 DS-GVO)<\/p>\n\n\n\n<p><\/p>\n","protected":false},"excerpt":{"rendered":"<p>Datenschutz-Grundverordnung&nbsp;(DS-GVO) Am 25.05.2018 trat die neue Datenschutz- Grundverordnung (DS-GVO)&nbsp;in Kraft. F\u00fcr uns als Verein bedeutet das, dass wir die Datenschutzrechtlichen Bestimmungen einhalten und an die Rechtslage anpassen m\u00fcssen. Im Zuge dieser Datenschutzverordnung&nbsp; (DS-GVO) ist der Verein, RGZV G\u00f6ttingen-Grone, dazu verpflichtet, seine Mitglieder \u00fcber die Speicherung der pers\u00f6nlichen Daten und deren Verwendungszweck zu informieren. Wesentliche Verarbeitungst\u00e4tigkeiten &hellip; <\/p>\n<p class=\"link-more\"><a href=\"https:\/\/rgzv-goettingen.de\/?page_id=27\" class=\"more-link\"><span class=\"screen-reader-text\">\u201eDatenschutz\u201c <\/span>weiterlesen<\/a><\/p>\n","protected":false},"author":1,"featured_media":0,"parent":0,"menu_order":0,"comment_status":"closed","ping_status":"closed","template":"","meta":{"footnotes":""},"class_list":["post-27","page","type-page","status-publish","hentry"],"_links":{"self":[{"href":"https:\/\/rgzv-goettingen.de\/index.php?rest_route=\/wp\/v2\/pages\/27","targetHints":{"allow":["GET"]}}],"collection":[{"href":"https:\/\/rgzv-goettingen.de\/index.php?rest_route=\/wp\/v2\/pages"}],"about":[{"href":"https:\/\/rgzv-goettingen.de\/index.php?rest_route=\/wp\/v2\/types\/page"}],"author":[{"embeddable":true,"href":"https:\/\/rgzv-goettingen.de\/index.php?rest_route=\/wp\/v2\/users\/1"}],"replies":[{"embeddable":true,"href":"https:\/\/rgzv-goettingen.de\/index.php?rest_route=%2Fwp%2Fv2%2Fcomments&post=27"}],"version-history":[{"count":3,"href":"https:\/\/rgzv-goettingen.de\/index.php?rest_route=\/wp\/v2\/pages\/27\/revisions"}],"predecessor-version":[{"id":56,"href":"https:\/\/rgzv-goettingen.de\/index.php?rest_route=\/wp\/v2\/pages\/27\/revisions\/56"}],"wp:attachment":[{"href":"https:\/\/rgzv-goettingen.de\/index.php?rest_route=%2Fwp%2Fv2%2Fmedia&parent=27"}],"curies":[{"name":"wp","href":"https:\/\/api.w.org\/{rel}","templated":true}]}}