{"id":26,"date":"2020-04-07T19:53:25","date_gmt":"2020-04-07T19:53:25","guid":{"rendered":"http:\/\/rgzv-goettingen.de\/?page_id=26"},"modified":"2024-06-25T06:15:47","modified_gmt":"2024-06-25T06:15:47","slug":"impressum","status":"publish","type":"page","link":"https:\/\/rgzv-goettingen.de\/?page_id=26","title":{"rendered":"Impressum"},"content":{"rendered":"\n<p>Angaben gem\u00e4\u00df \u00a7 5 TMG:<\/p>\n\n\n\n<p><strong>RGZV G\u00f6ttingen und Umgebung<\/strong><\/p>\n\n\n\n<p>Am Westerberg 24<\/p>\n\n\n\n<p>37130 Gleichen<\/p>\n\n\n\n<p><strong>Vertretungsberechtigt:<\/strong><\/p>\n\n\n\n<p>Dr. Voget, Sonja (1. Vorsitzende)<\/p>\n\n\n\n<p>Am Westerberg 24<\/p>\n\n\n\n<p>37130 Gleichen<\/p>\n\n\n\n<p><a href=\"mailto:vorstand@rgzv-goettingen.de\">vorstand@rgzv-goettingen.de<\/a><\/p>\n\n\n\n<p><strong>Registergericht:<\/strong> Amtsgericht G\u00f6ttingen<br><strong>Registernummer:<\/strong> VR 202229<\/p>\n\n\n\n<p><strong><strong>Verantwortlicher gem\u00e4\u00df \u00a7 18 Abs. 2 MStV (V.i.S.d.P.)<\/strong>:<\/strong><\/p>\n\n\n\n<p>Mike K\u00fchn<\/p>\n\n\n\n<p>Am Westerberg 24<\/p>\n\n\n\n<p>37130 Gleichen<\/p>\n\n\n\n<p><a href=\"mailto:webmaster@rgzv-goettingen.de\">webmaster@rgzv-goettingen.de<\/a>&nbsp;<\/p>\n\n\n\n<hr class=\"wp-block-separator has-css-opacity\"\/>\n\n\n\n<p>Der Autor \u00fcbernimmt keinerlei Gew\u00e4hr f\u00fcr die Aktualit\u00e4t, Korrektheit, Vollst\u00e4ndigkeit oder Qualit\u00e4t der bereitgestellten Informationen. Haftungsanspr\u00fcche gegen den Autor, welche sich auf Sch\u00e4den materieller oder ideeller Art beziehen, die durch die Nutzung oder Nichtnutzung der dargebotenen Informationen bzw. durch die Nutzung fehlerhafter und unvollst\u00e4ndiger Informationen verursacht wurden, sind grunds\u00e4tzlich ausgeschlossen, sofern seitens des Autors kein nachweislich vors\u00e4tzliches oder grob fahrl\u00e4ssiges Verschulden vorliegt. Alle Angebote sind freibleibend und unverbindlich. Der Autor beh\u00e4lt es sich ausdr\u00fccklich vor, Teile der Seiten oder das gesamte Angebot ohne gesonderte Ank\u00fcndigung zu ver\u00e4ndern, zu erg\u00e4nzen, zu l\u00f6schen oder die Ver\u00f6ffentlichung zeitweise oder endg\u00fcltig einzustellen.<\/p>\n\n\n\n<p>Die ver\u00f6ffentlichten Links wurden mit gr\u00f6\u00dftm\u00f6glicher Sorgfalt recherchiert und zusammen gestellt. Der RGZV G\u00f6ttingen und Umgebung und dessen Redaktion hat keinen Einfluss auf die Gestaltung und die Inhalte der verlinkten Seiten. Der RGZV G\u00f6ttingen und Umgebung und dessen Redaktion ist nicht f\u00fcr den Inhalt der verkn\u00fcpften Seiten verantwortlich und macht sich den Inhalt nicht zu Eigen. F\u00fcr illegale, fehlerhafte oder unvollst\u00e4ndige Inhalte sowie Sch\u00e4den, die durch Nutzung oder Nichtnutzung der Informationen entstehen, haftet allein der Anbieter der Website, auf die verwiesen wurde.<\/p>\n","protected":false},"excerpt":{"rendered":"<p>Angaben gem\u00e4\u00df \u00a7 5 TMG: RGZV G\u00f6ttingen und Umgebung Am Westerberg 24 37130 Gleichen Vertretungsberechtigt: Dr. Voget, Sonja (1. Vorsitzende) Am Westerberg 24 37130 Gleichen vorstand@rgzv-goettingen.de Registergericht: Amtsgericht G\u00f6ttingenRegisternummer: VR 202229 Verantwortlicher gem\u00e4\u00df \u00a7 18 Abs. 2 MStV (V.i.S.d.P.): Mike K\u00fchn Am Westerberg 24 37130 Gleichen webmaster@rgzv-goettingen.de&nbsp; Der Autor \u00fcbernimmt keinerlei Gew\u00e4hr f\u00fcr die Aktualit\u00e4t, &hellip; <\/p>\n<p class=\"link-more\"><a href=\"https:\/\/rgzv-goettingen.de\/?page_id=26\" class=\"more-link\"><span class=\"screen-reader-text\">\u201eImpressum\u201c <\/span>weiterlesen<\/a><\/p>\n","protected":false},"author":1,"featured_media":0,"parent":0,"menu_order":0,"comment_status":"closed","ping_status":"closed","template":"","meta":{"footnotes":""},"class_list":["post-26","page","type-page","status-publish","hentry"],"_links":{"self":[{"href":"https:\/\/rgzv-goettingen.de\/index.php?rest_route=\/wp\/v2\/pages\/26","targetHints":{"allow":["GET"]}}],"collection":[{"href":"https:\/\/rgzv-goettingen.de\/index.php?rest_route=\/wp\/v2\/pages"}],"about":[{"href":"https:\/\/rgzv-goettingen.de\/index.php?rest_route=\/wp\/v2\/types\/page"}],"author":[{"embeddable":true,"href":"https:\/\/rgzv-goettingen.de\/index.php?rest_route=\/wp\/v2\/users\/1"}],"replies":[{"embeddable":true,"href":"https:\/\/rgzv-goettingen.de\/index.php?rest_route=%2Fwp%2Fv2%2Fcomments&post=26"}],"version-history":[{"count":6,"href":"https:\/\/rgzv-goettingen.de\/index.php?rest_route=\/wp\/v2\/pages\/26\/revisions"}],"predecessor-version":[{"id":1100,"href":"https:\/\/rgzv-goettingen.de\/index.php?rest_route=\/wp\/v2\/pages\/26\/revisions\/1100"}],"wp:attachment":[{"href":"https:\/\/rgzv-goettingen.de\/index.php?rest_route=%2Fwp%2Fv2%2Fmedia&parent=26"}],"curies":[{"name":"wp","href":"https:\/\/api.w.org\/{rel}","templated":true}]}}