{"id":25,"date":"2020-04-07T19:53:25","date_gmt":"2020-04-07T19:53:25","guid":{"rendered":"http:\/\/rgzv-goettingen.de\/?page_id=25"},"modified":"2020-04-07T21:51:50","modified_gmt":"2020-04-07T21:51:50","slug":"zuechterecke","status":"publish","type":"page","link":"https:\/\/rgzv-goettingen.de\/?page_id=25","title":{"rendered":"Z\u00fcchterecke"},"content":{"rendered":"\n<p>Hier wollen wir euch die Rassen des Vereins vorstellen.<\/p>\n\n\n\n<p>Nat\u00fcrlich versuchen wir mehr Infos zu geben als die Fachliteratur&#8230;<\/p>\n\n\n\n<p>Z.B.: Wie ist das Wesen einer Rasse wirklich?, Wie l\u00e4sst sie sich vergesellschaften, wie lief es bei dem Nachwuchs? Was f\u00fcr Eigenheiten oder Besonderes gibt es zu beachten?<\/p>\n\n\n\n<p>Wenn ihnen eine Rasse gef\u00e4llt und das Interesse geweckt ist, dann gucken Sie doch mal in unserer B\u00f6rse nach. Vielleicht gibt jemand aktuell Tiere ab oder bietet Bruteier an.<\/p>\n","protected":false},"excerpt":{"rendered":"<p>Hier wollen wir euch die Rassen des Vereins vorstellen. Nat\u00fcrlich versuchen wir mehr Infos zu geben als die Fachliteratur&#8230; Z.B.: Wie ist das Wesen einer Rasse wirklich?, Wie l\u00e4sst sie sich vergesellschaften, wie lief es bei dem Nachwuchs? Was f\u00fcr Eigenheiten oder Besonderes gibt es zu beachten? Wenn ihnen eine Rasse gef\u00e4llt und das Interesse &hellip; <\/p>\n<p class=\"link-more\"><a href=\"https:\/\/rgzv-goettingen.de\/?page_id=25\" class=\"more-link\"><span class=\"screen-reader-text\">\u201eZ\u00fcchterecke\u201c <\/span>weiterlesen<\/a><\/p>\n","protected":false},"author":1,"featured_media":18,"parent":0,"menu_order":0,"comment_status":"closed","ping_status":"closed","template":"","meta":{"footnotes":""},"class_list":["post-25","page","type-page","status-publish","has-post-thumbnail","hentry"],"_links":{"self":[{"href":"https:\/\/rgzv-goettingen.de\/index.php?rest_route=\/wp\/v2\/pages\/25","targetHints":{"allow":["GET"]}}],"collection":[{"href":"https:\/\/rgzv-goettingen.de\/index.php?rest_route=\/wp\/v2\/pages"}],"about":[{"href":"https:\/\/rgzv-goettingen.de\/index.php?rest_route=\/wp\/v2\/types\/page"}],"author":[{"embeddable":true,"href":"https:\/\/rgzv-goettingen.de\/index.php?rest_route=\/wp\/v2\/users\/1"}],"replies":[{"embeddable":true,"href":"https:\/\/rgzv-goettingen.de\/index.php?rest_route=%2Fwp%2Fv2%2Fcomments&post=25"}],"version-history":[{"count":3,"href":"https:\/\/rgzv-goettingen.de\/index.php?rest_route=\/wp\/v2\/pages\/25\/revisions"}],"predecessor-version":[{"id":147,"href":"https:\/\/rgzv-goettingen.de\/index.php?rest_route=\/wp\/v2\/pages\/25\/revisions\/147"}],"wp:featuredmedia":[{"embeddable":true,"href":"https:\/\/rgzv-goettingen.de\/index.php?rest_route=\/wp\/v2\/media\/18"}],"wp:attachment":[{"href":"https:\/\/rgzv-goettingen.de\/index.php?rest_route=%2Fwp%2Fv2%2Fmedia&parent=25"}],"curies":[{"name":"wp","href":"https:\/\/api.w.org\/{rel}","templated":true}]}}