{"id":248,"date":"2020-04-08T19:24:33","date_gmt":"2020-04-08T19:24:33","guid":{"rendered":"http:\/\/rgzv-goettingen.de\/?page_id=248"},"modified":"2021-04-03T20:41:25","modified_gmt":"2021-04-03T20:41:25","slug":"kuekenshow-2014","status":"publish","type":"page","link":"https:\/\/rgzv-goettingen.de\/?page_id=248","title":{"rendered":"K\u00fckenshow 2014"},"content":{"rendered":"\n<p>G\u00f6 \u2013 Grone, im April 2014<\/p>\n\n\n\n<p><strong>&nbsp;&nbsp;&nbsp;&nbsp;&nbsp;&nbsp;&nbsp;&nbsp;&nbsp;&nbsp;&nbsp;&nbsp;&nbsp;&nbsp;&nbsp;&nbsp;&nbsp;&nbsp;&nbsp;&nbsp;&nbsp;&nbsp;&nbsp;&nbsp;&nbsp;&nbsp;&nbsp;&nbsp;&nbsp;&nbsp;&nbsp;&nbsp;&nbsp;&nbsp;&nbsp;&nbsp;&nbsp;&nbsp; &nbsp;&nbsp;&nbsp;<u>K\u00fckenschau mit \u00fcberw\u00e4ltigenden Zuspruch<\/u><\/strong><\/p>\n\n\n\n<p>Als um 7.50 Uhr der 1.Vorsitzende des RGZV G\u00f6ttingen Grone, vor allem die ausw\u00e4rtigen Aussteller begr\u00fc\u00dfte, die in diesem Jahr aus Alfeld, Holzminden, Moringen, Osterode, Bodenfelde und N\u00f6rten \u2013 Hdbg. kamen, dr\u00e4ngten sich schon die ersten Fr\u00fchaufsteher vor der Saalt\u00fcr der Ausstellungshalle im Gasthaus Berge in Elliehausen.<\/p>\n\n\n\n<p>P\u00fcnktlich um 8.00 Uhr \u00f6ffneten sich dann die Tore f\u00fcr den interessierten Besucher und nach kurzer Zeit war in den Ausstellungsr\u00e4umlichkeiten im wahrsten Sinne des Wortes kein Bein mehr an die Erde zu kriegen.<\/p>\n\n\n\n<p>Die einheitlich gekleideten Z\u00fcchterinnen und Z\u00fcchter des RGZV hatten alle H\u00e4nde voll zu tun um den Besucheransturm zu bew\u00e4ltigen. Ob nun an der Ausstellungskasse, dem K\u00fckenring, der Ausgabe an den K\u00e4figen oder aber unsere beiden Damen beim Kuchenverkauf, jeder gab in seiner ruhigen und besonnenen Art sein Bestes f\u00fcr unseren Verein und auch unsere Jugendabteilung brachte sich bei unserer kleinen Tombola schon mit ein.<\/p>\n\n\n\n<p>Der Vorsitzende, diesmal ohne eine bestimmte Aufgabe konnte viele G\u00e4ste begr\u00fc\u00dfen. So z.b. die B\u00fcrgermeisterin des Ortes Grone, Frau Sterr und auch Dr. Tammer vom Max Planck Institut lie\u00dfen es sich nicht nehmen, sich \u00fcber die Artenvielfalt zu informieren. Auch die befreundeten Zuchtfreunde vom GZV Hombressen, mit ihrem Vorsitzenden Dirk Kaufmann, die mit zwei vollbesetzten Autos anreisten befanden sich unter den G\u00e4sten. Die Zuchtfreunde aus Hombressen \u00e4u\u00dferten den Wunsch, ebenfalls im n\u00e4chsten Jahr in Elliehausen ausstellen zu d\u00fcrfen. Dies nahm der Vorsitzende wohlwollend zur Kenntnis.<\/p>\n\n\n\n<p>&nbsp;Ebenfalls die neue Vorsitzende vom SV der Sussex, Frau Regina Hoffmann konnte begr\u00fc\u00dft werden.<\/p>\n\n\n\n<p>Mittlerweile ist unsere K\u00fckenschau bis weit \u00fcber die Grenze von Niedersachsen hinaus in aller Munde, so dass ebenfalls aus dem hessischen Bad Sooden Allendorf und dem th\u00fcringischen Nordhausen Besucher anreisten.<\/p>\n\n\n\n<p>Aber nicht nur durch diese G\u00e4ste wurde unser Verein best\u00e4rkt, dass es sich wieder einmal um eine besondere Schau handelt um dem interessierten Beobachter und dem Hobbyhalter ein buntes Bild unserer Gefiederten Freunde zu vermitteln.<\/p>\n\n\n\n<p>Abgerundet wurde das Ganze durch den aus Elliehausen stammenden&nbsp;Einhandbastler Stephan Albrecht, sowie dem RGZV angeh\u00f6renden Z\u00fcchter und Kanarienfreund Heinz Hampe aus Grone.<\/p>\n\n\n\n<p>Besucht wurde unsere Nieders\u00e4chsische Zuchtstamm und K\u00fckenschau von 600 registrierten Besuchern. Hinzurechnen kann man dann noch einmal ca. 300 Kinder, die ihren Spa\u00df am K\u00fckenring und am Schaubr\u00fcter hatten.<\/p>\n\n\n\n<figure class=\"wp-block-gallery columns-2 is-cropped wp-block-gallery-1 is-layout-flex wp-block-gallery-is-layout-flex\"><ul class=\"blocks-gallery-grid\"><li class=\"blocks-gallery-item\"><figure><img loading=\"lazy\" decoding=\"async\" width=\"600\" height=\"450\" src=\"https:\/\/rgzv-goettingen.de\/wp-content\/uploads\/2020\/04\/1.jpg\" alt=\"\" data-id=\"344\" data-full-url=\"https:\/\/rgzv-goettingen.de\/wp-content\/uploads\/2020\/04\/1.jpg\" data-link=\"https:\/\/rgzv-goettingen.de\/?attachment_id=344\" class=\"wp-image-344\" srcset=\"https:\/\/rgzv-goettingen.de\/wp-content\/uploads\/2020\/04\/1.jpg 600w, https:\/\/rgzv-goettingen.de\/wp-content\/uploads\/2020\/04\/1-300x225.jpg 300w\" sizes=\"auto, (max-width: 600px) 100vw, 600px\" \/><\/figure><\/li><li class=\"blocks-gallery-item\"><figure><img loading=\"lazy\" decoding=\"async\" width=\"600\" height=\"450\" src=\"https:\/\/rgzv-goettingen.de\/wp-content\/uploads\/2020\/04\/2.jpg\" alt=\"\" data-id=\"345\" data-full-url=\"https:\/\/rgzv-goettingen.de\/wp-content\/uploads\/2020\/04\/2.jpg\" data-link=\"https:\/\/rgzv-goettingen.de\/?attachment_id=345\" class=\"wp-image-345\" srcset=\"https:\/\/rgzv-goettingen.de\/wp-content\/uploads\/2020\/04\/2.jpg 600w, https:\/\/rgzv-goettingen.de\/wp-content\/uploads\/2020\/04\/2-300x225.jpg 300w\" sizes=\"auto, (max-width: 600px) 100vw, 600px\" \/><\/figure><\/li><li class=\"blocks-gallery-item\"><figure><img loading=\"lazy\" decoding=\"async\" width=\"600\" height=\"450\" src=\"https:\/\/rgzv-goettingen.de\/wp-content\/uploads\/2020\/04\/3.jpg\" alt=\"\" data-id=\"346\" data-full-url=\"https:\/\/rgzv-goettingen.de\/wp-content\/uploads\/2020\/04\/3.jpg\" data-link=\"https:\/\/rgzv-goettingen.de\/?attachment_id=346\" class=\"wp-image-346\" srcset=\"https:\/\/rgzv-goettingen.de\/wp-content\/uploads\/2020\/04\/3.jpg 600w, https:\/\/rgzv-goettingen.de\/wp-content\/uploads\/2020\/04\/3-300x225.jpg 300w\" sizes=\"auto, (max-width: 600px) 100vw, 600px\" \/><\/figure><\/li><li class=\"blocks-gallery-item\"><figure><img loading=\"lazy\" decoding=\"async\" width=\"600\" height=\"450\" src=\"https:\/\/rgzv-goettingen.de\/wp-content\/uploads\/2020\/04\/4.jpg\" alt=\"\" data-id=\"347\" data-full-url=\"https:\/\/rgzv-goettingen.de\/wp-content\/uploads\/2020\/04\/4.jpg\" data-link=\"https:\/\/rgzv-goettingen.de\/?attachment_id=347\" class=\"wp-image-347\" srcset=\"https:\/\/rgzv-goettingen.de\/wp-content\/uploads\/2020\/04\/4.jpg 600w, https:\/\/rgzv-goettingen.de\/wp-content\/uploads\/2020\/04\/4-300x225.jpg 300w\" sizes=\"auto, (max-width: 600px) 100vw, 600px\" \/><\/figure><\/li><li class=\"blocks-gallery-item\"><figure><img loading=\"lazy\" decoding=\"async\" width=\"600\" height=\"450\" src=\"https:\/\/rgzv-goettingen.de\/wp-content\/uploads\/2020\/04\/5.jpg\" alt=\"\" data-id=\"348\" data-full-url=\"https:\/\/rgzv-goettingen.de\/wp-content\/uploads\/2020\/04\/5.jpg\" data-link=\"https:\/\/rgzv-goettingen.de\/?attachment_id=348\" class=\"wp-image-348\" srcset=\"https:\/\/rgzv-goettingen.de\/wp-content\/uploads\/2020\/04\/5.jpg 600w, https:\/\/rgzv-goettingen.de\/wp-content\/uploads\/2020\/04\/5-300x225.jpg 300w\" sizes=\"auto, (max-width: 600px) 100vw, 600px\" \/><\/figure><\/li><li class=\"blocks-gallery-item\"><figure><img loading=\"lazy\" decoding=\"async\" width=\"600\" height=\"450\" src=\"https:\/\/rgzv-goettingen.de\/wp-content\/uploads\/2020\/04\/6.jpg\" alt=\"\" data-id=\"349\" data-full-url=\"https:\/\/rgzv-goettingen.de\/wp-content\/uploads\/2020\/04\/6.jpg\" data-link=\"https:\/\/rgzv-goettingen.de\/?attachment_id=349\" class=\"wp-image-349\" srcset=\"https:\/\/rgzv-goettingen.de\/wp-content\/uploads\/2020\/04\/6.jpg 600w, https:\/\/rgzv-goettingen.de\/wp-content\/uploads\/2020\/04\/6-300x225.jpg 300w\" sizes=\"auto, (max-width: 600px) 100vw, 600px\" \/><\/figure><\/li><li class=\"blocks-gallery-item\"><figure><img loading=\"lazy\" decoding=\"async\" width=\"600\" height=\"450\" src=\"https:\/\/rgzv-goettingen.de\/wp-content\/uploads\/2020\/04\/7.jpg\" alt=\"\" data-id=\"350\" data-full-url=\"https:\/\/rgzv-goettingen.de\/wp-content\/uploads\/2020\/04\/7.jpg\" data-link=\"https:\/\/rgzv-goettingen.de\/?attachment_id=350\" class=\"wp-image-350\" srcset=\"https:\/\/rgzv-goettingen.de\/wp-content\/uploads\/2020\/04\/7.jpg 600w, https:\/\/rgzv-goettingen.de\/wp-content\/uploads\/2020\/04\/7-300x225.jpg 300w\" sizes=\"auto, (max-width: 600px) 100vw, 600px\" \/><\/figure><\/li><li class=\"blocks-gallery-item\"><figure><img loading=\"lazy\" decoding=\"async\" width=\"600\" height=\"450\" src=\"https:\/\/rgzv-goettingen.de\/wp-content\/uploads\/2020\/04\/8.jpg\" alt=\"\" data-id=\"351\" data-full-url=\"https:\/\/rgzv-goettingen.de\/wp-content\/uploads\/2020\/04\/8.jpg\" data-link=\"https:\/\/rgzv-goettingen.de\/?attachment_id=351\" class=\"wp-image-351\" srcset=\"https:\/\/rgzv-goettingen.de\/wp-content\/uploads\/2020\/04\/8.jpg 600w, https:\/\/rgzv-goettingen.de\/wp-content\/uploads\/2020\/04\/8-300x225.jpg 300w\" sizes=\"auto, (max-width: 600px) 100vw, 600px\" \/><\/figure><\/li><li class=\"blocks-gallery-item\"><figure><img loading=\"lazy\" decoding=\"async\" width=\"600\" height=\"450\" src=\"https:\/\/rgzv-goettingen.de\/wp-content\/uploads\/2020\/04\/9.jpg\" alt=\"\" data-id=\"352\" data-full-url=\"https:\/\/rgzv-goettingen.de\/wp-content\/uploads\/2020\/04\/9.jpg\" data-link=\"https:\/\/rgzv-goettingen.de\/?attachment_id=352\" class=\"wp-image-352\" srcset=\"https:\/\/rgzv-goettingen.de\/wp-content\/uploads\/2020\/04\/9.jpg 600w, https:\/\/rgzv-goettingen.de\/wp-content\/uploads\/2020\/04\/9-300x225.jpg 300w\" sizes=\"auto, (max-width: 600px) 100vw, 600px\" \/><\/figure><\/li><li class=\"blocks-gallery-item\"><figure><img loading=\"lazy\" decoding=\"async\" width=\"600\" height=\"450\" src=\"https:\/\/rgzv-goettingen.de\/wp-content\/uploads\/2020\/04\/10.jpg\" alt=\"\" data-id=\"353\" data-full-url=\"https:\/\/rgzv-goettingen.de\/wp-content\/uploads\/2020\/04\/10.jpg\" data-link=\"https:\/\/rgzv-goettingen.de\/?attachment_id=353\" class=\"wp-image-353\" srcset=\"https:\/\/rgzv-goettingen.de\/wp-content\/uploads\/2020\/04\/10.jpg 600w, https:\/\/rgzv-goettingen.de\/wp-content\/uploads\/2020\/04\/10-300x225.jpg 300w\" sizes=\"auto, (max-width: 600px) 100vw, 600px\" \/><\/figure><\/li><\/ul><\/figure>\n\n\n\n<figure class=\"wp-block-table\"><table><tbody><tr><td><\/td><td><\/td><\/tr><\/tbody><\/table><\/figure>\n\n\n\n<p><\/p>\n","protected":false},"excerpt":{"rendered":"<p>G\u00f6 \u2013 Grone, im April 2014 &nbsp;&nbsp;&nbsp;&nbsp;&nbsp;&nbsp;&nbsp;&nbsp;&nbsp;&nbsp;&nbsp;&nbsp;&nbsp;&nbsp;&nbsp;&nbsp;&nbsp;&nbsp;&nbsp;&nbsp;&nbsp;&nbsp;&nbsp;&nbsp;&nbsp;&nbsp;&nbsp;&nbsp;&nbsp;&nbsp;&nbsp;&nbsp;&nbsp;&nbsp;&nbsp;&nbsp;&nbsp;&nbsp; &nbsp;&nbsp;&nbsp;K\u00fckenschau mit \u00fcberw\u00e4ltigenden Zuspruch Als um 7.50 Uhr der 1.Vorsitzende des RGZV G\u00f6ttingen Grone, vor allem die ausw\u00e4rtigen Aussteller begr\u00fc\u00dfte, die in diesem Jahr aus Alfeld, Holzminden, Moringen, Osterode, Bodenfelde und N\u00f6rten \u2013 Hdbg. kamen, dr\u00e4ngten sich schon die ersten Fr\u00fchaufsteher vor der Saalt\u00fcr der Ausstellungshalle im Gasthaus &hellip; <\/p>\n<p class=\"link-more\"><a href=\"https:\/\/rgzv-goettingen.de\/?page_id=248\" class=\"more-link\"><span class=\"screen-reader-text\">\u201eK\u00fckenshow 2014\u201c <\/span>weiterlesen<\/a><\/p>\n","protected":false},"author":1,"featured_media":0,"parent":0,"menu_order":0,"comment_status":"closed","ping_status":"closed","template":"","meta":{"footnotes":""},"class_list":["post-248","page","type-page","status-publish","hentry"],"_links":{"self":[{"href":"https:\/\/rgzv-goettingen.de\/index.php?rest_route=\/wp\/v2\/pages\/248","targetHints":{"allow":["GET"]}}],"collection":[{"href":"https:\/\/rgzv-goettingen.de\/index.php?rest_route=\/wp\/v2\/pages"}],"about":[{"href":"https:\/\/rgzv-goettingen.de\/index.php?rest_route=\/wp\/v2\/types\/page"}],"author":[{"embeddable":true,"href":"https:\/\/rgzv-goettingen.de\/index.php?rest_route=\/wp\/v2\/users\/1"}],"replies":[{"embeddable":true,"href":"https:\/\/rgzv-goettingen.de\/index.php?rest_route=%2Fwp%2Fv2%2Fcomments&post=248"}],"version-history":[{"count":5,"href":"https:\/\/rgzv-goettingen.de\/index.php?rest_route=\/wp\/v2\/pages\/248\/revisions"}],"predecessor-version":[{"id":541,"href":"https:\/\/rgzv-goettingen.de\/index.php?rest_route=\/wp\/v2\/pages\/248\/revisions\/541"}],"wp:attachment":[{"href":"https:\/\/rgzv-goettingen.de\/index.php?rest_route=%2Fwp%2Fv2%2Fmedia&parent=248"}],"curies":[{"name":"wp","href":"https:\/\/api.w.org\/{rel}","templated":true}]}}