{"id":24,"date":"2020-04-07T19:53:25","date_gmt":"2020-04-07T19:53:25","guid":{"rendered":"http:\/\/rgzv-goettingen.de\/?page_id=24"},"modified":"2026-02-03T10:21:31","modified_gmt":"2026-02-03T10:21:31","slug":"jugend","status":"publish","type":"page","link":"https:\/\/rgzv-goettingen.de\/?page_id=24","title":{"rendered":"Jugend"},"content":{"rendered":"\n<p><strong>Die Jugendgruppe<\/strong><\/p>\n\n\n\n<p>F\u00fcr die interessierten Kinder unserer Vereinsmitglieder gibt es eine eigene Jugendgruppe. Es gibt verschiedene Aktivit\u00e4ten wie zB die Jugendspiele des Kreisverbands, ein Jugendzeltlager organisiert vom Landesverband, aber auch vereinsinterne Unternehmungen.<\/p>\n\n\n\n<p>Nat\u00fcrlich geht es auch um Gef\u00fcgel und so gibt es die Jugendschauen, bei denen die Jungz\u00fcchter ihre Nachzuchten pr\u00e4sentieren. Wir freuen uns immer \u00fcber engagierten Nachwuchs, der sich in die Jugendgruppe einbringen m\u00f6chte!<\/p>\n\n\n\n<p><\/p>\n\n\n\n<p><\/p>\n\n\n\n<figure class=\"wp-block-image size-large\"><img loading=\"lazy\" decoding=\"async\" width=\"600\" height=\"450\" src=\"https:\/\/rgzv-goettingen.de\/wp-content\/uploads\/2020\/04\/Jugendgruppe.jpg\" alt=\"\" class=\"wp-image-306\" title=\"\" srcset=\"https:\/\/rgzv-goettingen.de\/wp-content\/uploads\/2020\/04\/Jugendgruppe.jpg 600w, https:\/\/rgzv-goettingen.de\/wp-content\/uploads\/2020\/04\/Jugendgruppe-300x225.jpg 300w\" sizes=\"auto, (max-width: 600px) 100vw, 600px\" \/><\/figure>\n\n\n\n<p><\/p>\n","protected":false},"excerpt":{"rendered":"<p>Die Jugendgruppe F\u00fcr die interessierten Kinder unserer Vereinsmitglieder gibt es eine eigene Jugendgruppe. Es gibt verschiedene Aktivit\u00e4ten wie zB die Jugendspiele des Kreisverbands, ein Jugendzeltlager organisiert vom Landesverband, aber auch vereinsinterne Unternehmungen. Nat\u00fcrlich geht es auch um Gef\u00fcgel und so gibt es die Jugendschauen, bei denen die Jungz\u00fcchter ihre Nachzuchten pr\u00e4sentieren. Wir freuen uns immer &hellip; <\/p>\n<p class=\"link-more\"><a href=\"https:\/\/rgzv-goettingen.de\/?page_id=24\" class=\"more-link\"><span class=\"screen-reader-text\">\u201eJugend\u201c <\/span>weiterlesen<\/a><\/p>\n","protected":false},"author":1,"featured_media":755,"parent":0,"menu_order":0,"comment_status":"closed","ping_status":"closed","template":"","meta":{"footnotes":""},"class_list":["post-24","page","type-page","status-publish","has-post-thumbnail","hentry"],"_links":{"self":[{"href":"https:\/\/rgzv-goettingen.de\/index.php?rest_route=\/wp\/v2\/pages\/24","targetHints":{"allow":["GET"]}}],"collection":[{"href":"https:\/\/rgzv-goettingen.de\/index.php?rest_route=\/wp\/v2\/pages"}],"about":[{"href":"https:\/\/rgzv-goettingen.de\/index.php?rest_route=\/wp\/v2\/types\/page"}],"author":[{"embeddable":true,"href":"https:\/\/rgzv-goettingen.de\/index.php?rest_route=\/wp\/v2\/users\/1"}],"replies":[{"embeddable":true,"href":"https:\/\/rgzv-goettingen.de\/index.php?rest_route=%2Fwp%2Fv2%2Fcomments&post=24"}],"version-history":[{"count":6,"href":"https:\/\/rgzv-goettingen.de\/index.php?rest_route=\/wp\/v2\/pages\/24\/revisions"}],"predecessor-version":[{"id":1376,"href":"https:\/\/rgzv-goettingen.de\/index.php?rest_route=\/wp\/v2\/pages\/24\/revisions\/1376"}],"wp:featuredmedia":[{"embeddable":true,"href":"https:\/\/rgzv-goettingen.de\/index.php?rest_route=\/wp\/v2\/media\/755"}],"wp:attachment":[{"href":"https:\/\/rgzv-goettingen.de\/index.php?rest_route=%2Fwp%2Fv2%2Fmedia&parent=24"}],"curies":[{"name":"wp","href":"https:\/\/api.w.org\/{rel}","templated":true}]}}