{"id":23,"date":"2020-04-07T19:53:25","date_gmt":"2020-04-07T19:53:25","guid":{"rendered":"http:\/\/rgzv-goettingen.de\/?page_id=23"},"modified":"2022-03-22T12:55:39","modified_gmt":"2022-03-22T12:55:39","slug":"info","status":"publish","type":"page","link":"https:\/\/rgzv-goettingen.de\/?page_id=23","title":{"rendered":"Info"},"content":{"rendered":"\n<p>In diesem Bereich werden die verschiedensten Beitr\u00e4ge zu allerhand Themen ver\u00f6ffentlicht.<\/p>\n\n\n\n<p>N\u00fctzliche Tipps oder auch die Weitergabe von Fachwissen, durch Artikel unserer Vereinsmitgleider. Schaut euch um \ud83d\ude42<\/p>\n","protected":false},"excerpt":{"rendered":"<p>In diesem Bereich werden die verschiedensten Beitr\u00e4ge zu allerhand Themen ver\u00f6ffentlicht. N\u00fctzliche Tipps oder auch die Weitergabe von Fachwissen, durch Artikel unserer Vereinsmitgleider. Schaut euch um \ud83d\ude42<\/p>\n","protected":false},"author":1,"featured_media":755,"parent":0,"menu_order":0,"comment_status":"closed","ping_status":"closed","template":"","meta":{"footnotes":""},"class_list":["post-23","page","type-page","status-publish","has-post-thumbnail","hentry"],"_links":{"self":[{"href":"https:\/\/rgzv-goettingen.de\/index.php?rest_route=\/wp\/v2\/pages\/23","targetHints":{"allow":["GET"]}}],"collection":[{"href":"https:\/\/rgzv-goettingen.de\/index.php?rest_route=\/wp\/v2\/pages"}],"about":[{"href":"https:\/\/rgzv-goettingen.de\/index.php?rest_route=\/wp\/v2\/types\/page"}],"author":[{"embeddable":true,"href":"https:\/\/rgzv-goettingen.de\/index.php?rest_route=\/wp\/v2\/users\/1"}],"replies":[{"embeddable":true,"href":"https:\/\/rgzv-goettingen.de\/index.php?rest_route=%2Fwp%2Fv2%2Fcomments&post=23"}],"version-history":[{"count":3,"href":"https:\/\/rgzv-goettingen.de\/index.php?rest_route=\/wp\/v2\/pages\/23\/revisions"}],"predecessor-version":[{"id":145,"href":"https:\/\/rgzv-goettingen.de\/index.php?rest_route=\/wp\/v2\/pages\/23\/revisions\/145"}],"wp:featuredmedia":[{"embeddable":true,"href":"https:\/\/rgzv-goettingen.de\/index.php?rest_route=\/wp\/v2\/media\/755"}],"wp:attachment":[{"href":"https:\/\/rgzv-goettingen.de\/index.php?rest_route=%2Fwp%2Fv2%2Fmedia&parent=23"}],"curies":[{"name":"wp","href":"https:\/\/api.w.org\/{rel}","templated":true}]}}