{"id":21,"date":"2020-04-07T19:53:25","date_gmt":"2020-04-07T19:53:25","guid":{"rendered":"http:\/\/rgzv-goettingen.de\/?page_id=21"},"modified":"2022-03-22T12:54:42","modified_gmt":"2022-03-22T12:54:42","slug":"events","status":"publish","type":"page","link":"https:\/\/rgzv-goettingen.de\/?page_id=21","title":{"rendered":"Events"},"content":{"rendered":"\n<p>Zwei Schauen im Jahr richtet der Verein aus:<\/p>\n\n\n\n<p>Immer <strong>Karfreitag<\/strong> die <strong>N<\/strong><strong>ieders\u00e4chsische Stamm- und K\u00fckenschau<\/strong> bei der K\u00fcken und Jungtiere gekauft werden k\u00f6nnen. Aber es werden auch Tiere ausgestellt, der Schlupf von K\u00fcken kann live im Schaubr\u00fcter verfolgt und im K\u00fckenring k\u00f6nnen viele flauschige K\u00fcken und G\u00f6ssel bestaunt und unter Aufsicht angefasst werden.<\/p>\n\n\n\n<p>Im Herbst findet dann die <strong>Leinetalgefl\u00fcgelschau<\/strong> statt. Hier zeigen die Z\u00fcchter ihre sch\u00f6nsten Tiere und lassen diese durch erfahrene Preisrichter bewerten. Zudem gibt es ebenfalls die Chance Tiere auf der angeschlossenen Verkaufsschau zu erwerben.<\/p>\n","protected":false},"excerpt":{"rendered":"<p>Zwei Schauen im Jahr richtet der Verein aus: Immer Karfreitag die Nieders\u00e4chsische Stamm- und K\u00fckenschau bei der K\u00fcken und Jungtiere gekauft werden k\u00f6nnen. Aber es werden auch Tiere ausgestellt, der Schlupf von K\u00fcken kann live im Schaubr\u00fcter verfolgt und im K\u00fckenring k\u00f6nnen viele flauschige K\u00fcken und G\u00f6ssel bestaunt und unter Aufsicht angefasst werden. Im Herbst &hellip; <\/p>\n<p class=\"link-more\"><a href=\"https:\/\/rgzv-goettingen.de\/?page_id=21\" class=\"more-link\"><span class=\"screen-reader-text\">\u201eEvents\u201c <\/span>weiterlesen<\/a><\/p>\n","protected":false},"author":1,"featured_media":755,"parent":0,"menu_order":0,"comment_status":"closed","ping_status":"closed","template":"","meta":{"footnotes":""},"class_list":["post-21","page","type-page","status-publish","has-post-thumbnail","hentry"],"_links":{"self":[{"href":"https:\/\/rgzv-goettingen.de\/index.php?rest_route=\/wp\/v2\/pages\/21","targetHints":{"allow":["GET"]}}],"collection":[{"href":"https:\/\/rgzv-goettingen.de\/index.php?rest_route=\/wp\/v2\/pages"}],"about":[{"href":"https:\/\/rgzv-goettingen.de\/index.php?rest_route=\/wp\/v2\/types\/page"}],"author":[{"embeddable":true,"href":"https:\/\/rgzv-goettingen.de\/index.php?rest_route=\/wp\/v2\/users\/1"}],"replies":[{"embeddable":true,"href":"https:\/\/rgzv-goettingen.de\/index.php?rest_route=%2Fwp%2Fv2%2Fcomments&post=21"}],"version-history":[{"count":2,"href":"https:\/\/rgzv-goettingen.de\/index.php?rest_route=\/wp\/v2\/pages\/21\/revisions"}],"predecessor-version":[{"id":180,"href":"https:\/\/rgzv-goettingen.de\/index.php?rest_route=\/wp\/v2\/pages\/21\/revisions\/180"}],"wp:featuredmedia":[{"embeddable":true,"href":"https:\/\/rgzv-goettingen.de\/index.php?rest_route=\/wp\/v2\/media\/755"}],"wp:attachment":[{"href":"https:\/\/rgzv-goettingen.de\/index.php?rest_route=%2Fwp%2Fv2%2Fmedia&parent=21"}],"curies":[{"name":"wp","href":"https:\/\/api.w.org\/{rel}","templated":true}]}}